{"id":986,"date":"2021-05-17T05:56:34","date_gmt":"2021-05-17T03:56:34","guid":{"rendered":"http:\/\/it3.home.pl\/gmina_chasno\/?page_id=986"},"modified":"2021-05-30T01:20:36","modified_gmt":"2021-05-29T23:20:36","slug":"ogolnopolska-karta-duzej-rodziny","status":"publish","type":"page","link":"https:\/\/gminachasno.pl\/index.php\/ogolnopolska-karta-duzej-rodziny\/","title":{"rendered":"Og\u00f3lnopolska Karta Du\u017cej Rodziny"},"content":{"rendered":"\n<p class=\"has-text-align-justify\">Karta Du\u017cej Rodziny przys\u0142uguje rodzinom z tr\u00f3jk\u0105 dzieci, tak\u017ce rodzinom zast\u0119pczym i rodzinnym domom dziecka. Rodzicom karta wydawana jest do\u017cywotnio, dzieciom do uko\u0144czenia 18 lub 25 lat w przypadku kontynuowania nauki. Osoby niepe\u0142nosprawne otrzymaj\u0105 kart\u0119 na czas trwania orzeczenia o niepe\u0142nosprawno\u015bci. Karta przyznawana jest bezp\u0142atnie i bez wzgl\u0119du na doch\u00f3d.<\/p>\n\n\n\n<p class=\"has-text-align-justify\">Zapraszamy rodziny z co najmniej tr\u00f3jk\u0105 dzieci do z\u0142o\u017cenia wniosku o przyznanie Og\u00f3lnopolskiej Karty Du\u017cej Rodziny (w Gminnym O\u015brodku Pomocy Spo\u0142ecznej w Ch\u0105\u015bnie).<\/p>\n\n\n\n<p class=\"has-text-align-justify\">Rodzice mog\u0105 korzysta\u0107 z karty do\u017cywotnio, dzieci &#8211; do 18 roku \u017cycia lub do uko\u0144czenia nauki, maksymalnie do osi\u0105gni\u0119cia 25 lat. Osoby niepe\u0142nosprawne otrzymaj\u0105 kart\u0119 na czas trwania orzeczenia o niepe\u0142nosprawno\u015bci. Imienne karty z numerem PESEL wydawane s\u0105 bezp\u0142atnie ka\u017cdemu cz\u0142onkowi rodziny.<\/p>\n\n\n\n<p class=\"has-text-align-justify\">Wniosek o wydanie karty mo\u017cna odebra\u0107 w Gminnym O\u015brodku Pomocy Spo\u0142ecznej w Ch\u0105\u015bnie.<\/p>\n\n\n\n<p class=\"has-text-align-justify\">Karta Du\u017cej Rodziny oferuje ta\u0144sze bilety na wydarzenia kulturalne, wystawy, muzea, przejazdy komunikacj\u0105 publiczn\u0105, a nawet wakacje.<\/p>\n\n\n\n<p class=\"has-text-align-justify\">Og\u00f3lnopolska Karta Du\u017cej Rodziny to system zni\u017cek dla rodzin wielodzietnych. Liczba instytucji i firm, kt\u00f3re oferuj\u0105 zni\u017cki rodzinom systematycznie si\u0119 powi\u0119ksza; mo\u017cna je znale\u017a\u0107 na stronie&nbsp;<strong><a href=\"http:\/\/www.rodzina.gov.pl\/\">www.rodzina.gov.pl<\/a><\/strong>&nbsp;. Wszystkie miejsca oferuj\u0105ce zni\u017cki b\u0119d\u0105 opatrzone logo &#8222;Tu honorujemy Kart\u0119 Du\u017cej Rodziny&#8221;.<\/p>\n","protected":false},"excerpt":{"rendered":"<p>Karta Du\u017cej Rodziny przys\u0142uguje rodzinom z tr\u00f3jk\u0105 dzieci, tak\u017ce rodzinom zast\u0119pczym i rodzinnym domom dziecka. Rodzicom karta wydawana jest do\u017cywotnio, dzieciom do uko\u0144czenia 18 lub 25 lat w przypadku kontynuowania nauki. Osoby niepe\u0142nosprawne otrzymaj\u0105 kart\u0119 na czas trwania orzeczenia o niepe\u0142nosprawno\u015bci. Karta przyznawana jest bezp\u0142atnie i bez wzgl\u0119du na doch\u00f3d. Zapraszamy rodziny z co najmniej &hellip;<\/p>\n<p class=\"read-more\"> <a class=\"\" href=\"https:\/\/gminachasno.pl\/index.php\/ogolnopolska-karta-duzej-rodziny\/\"> <span class=\"screen-reader-text\">Og\u00f3lnopolska Karta Du\u017cej Rodziny<\/span> Read More &raquo;<\/a><\/p>\n","protected":false},"author":1,"featured_media":0,"parent":0,"menu_order":0,"comment_status":"closed","ping_status":"closed","template":"","meta":{"site-sidebar-layout":"default","site-content-layout":"default","ast-global-header-display":"","ast-main-header-display":"","ast-hfb-above-header-display":"","ast-hfb-below-header-display":"","ast-hfb-mobile-header-display":"","site-post-title":"","ast-breadcrumbs-content":"","ast-featured-img":"","footer-sml-layout":"","theme-transparent-header-meta":"default","adv-header-id-meta":"","stick-header-meta":"","header-above-stick-meta":"","header-main-stick-meta":"","header-below-stick-meta":"","footnotes":""},"class_list":["post-986","page","type-page","status-publish","hentry"],"_links":{"self":[{"href":"https:\/\/gminachasno.pl\/index.php\/wp-json\/wp\/v2\/pages\/986","targetHints":{"allow":["GET"]}}],"collection":[{"href":"https:\/\/gminachasno.pl\/index.php\/wp-json\/wp\/v2\/pages"}],"about":[{"href":"https:\/\/gminachasno.pl\/index.php\/wp-json\/wp\/v2\/types\/page"}],"author":[{"embeddable":true,"href":"https:\/\/gminachasno.pl\/index.php\/wp-json\/wp\/v2\/users\/1"}],"replies":[{"embeddable":true,"href":"https:\/\/gminachasno.pl\/index.php\/wp-json\/wp\/v2\/comments?post=986"}],"version-history":[{"count":2,"href":"https:\/\/gminachasno.pl\/index.php\/wp-json\/wp\/v2\/pages\/986\/revisions"}],"predecessor-version":[{"id":1514,"href":"https:\/\/gminachasno.pl\/index.php\/wp-json\/wp\/v2\/pages\/986\/revisions\/1514"}],"wp:attachment":[{"href":"https:\/\/gminachasno.pl\/index.php\/wp-json\/wp\/v2\/media?parent=986"}],"curies":[{"name":"wp","href":"https:\/\/api.w.org\/{rel}","templated":true}]}}