{"id":980,"date":"2021-05-17T05:53:42","date_gmt":"2021-05-17T03:53:42","guid":{"rendered":"http:\/\/it3.home.pl\/gmina_chasno\/?page_id=980"},"modified":"2021-05-30T01:36:17","modified_gmt":"2021-05-29T23:36:17","slug":"swiadczenie-rodzicielskie","status":"publish","type":"page","link":"https:\/\/gminachasno.pl\/index.php\/swiadczenie-rodzicielskie\/","title":{"rendered":"\u015awiadczenie rodzicielskie"},"content":{"rendered":"\n<p class=\"has-text-align-justify\">1) &nbsp; matce albo ojcu dziecka*;<\/p>\n\n\n\n<p class=\"has-text-align-justify\">2) &nbsp; opiekunowi faktycznemu dziecka (tj. osobie faktycznie opiekuj\u0105cej si\u0119 dzieckiem, je\u017celi wyst\u0105pi\u0142a z wnioskiem do s\u0105du rodzinnego o przysposobienie dziecka) w przypadku obj\u0119cia opiek\u0105 dziecka w wieku do uko\u0144czenia 7. roku \u017cycia, a w przypadku dziecka, wobec kt\u00f3rego podj\u0119to decyzj\u0119 o odroczeniu obowi\u0105zku szkolnego &#8211; do uko\u0144czenia 10. roku \u017cycia;<\/p>\n\n\n\n<p class=\"has-text-align-justify\">3) &nbsp; rodzinie zast\u0119pczej, z wyj\u0105tkiem rodziny zast\u0119pczej zawodowej, w przypadku obj\u0119cia opiek\u0105 dziecka w wieku do uko\u0144czenia 7. roku \u017cycia, a w przypadku dziecka, wobec kt\u00f3rego podj\u0119to decyzj\u0119 o odroczeniu obowi\u0105zku szkolnego &#8211; do uko\u0144czenia 10. roku \u017cycia;<\/p>\n\n\n\n<p class=\"has-text-align-justify\">4) &nbsp; osobie, kt\u00f3ra przysposobi\u0142a dziecko, w przypadku obj\u0119cia opiek\u0105 dziecka w wieku do uko\u0144czenia 7. roku \u017cycia, a w przypadku dziecka, wobec kt\u00f3rego podj\u0119to decyzj\u0119 o odroczeniu obowi\u0105zku szkolnego &#8211; do uko\u0144czenia 10. roku \u017cycia.<\/p>\n\n\n\n<p class=\"has-text-align-justify\"><strong>*\u015awiadczenie rodzicielskie przys\u0142uguje ojcu dziecka w przypadku:<\/strong><\/p>\n\n\n\n<p class=\"has-text-align-justify\">1) &nbsp; skr\u00f3cenia okresu pobierania \u015bwiadczenia rodzicielskiego na wniosek matki dziecka po wykorzystaniu przez ni\u0105 tego \u015bwiadczenia za okres co najmniej 14 tygodni od dnia urodzenia dziecka;<\/p>\n\n\n\n<p>2) &nbsp; \u015bmierci matki dziecka;<\/p>\n\n\n\n<p>3) &nbsp; porzucenia dziecka przez matk\u0119.<\/p>\n\n\n\n<p class=\"has-text-align-justify\"><strong>\u015awiadczenie rodzicielskie przys\u0142uguje przez okres:<\/strong><\/p>\n\n\n\n<p>1) &nbsp; 52 tygodni &#8211; w przypadku urodzenia jednego dziecka przy jednym porodzie, przysposobienia jednego dziecka lub obj\u0119cia opiek\u0105 jednego dziecka;<\/p>\n\n\n\n<p class=\"has-text-align-justify\">2) &nbsp; 65 tygodni &#8211; w przypadku urodzenia dwojga dzieci przy jednym porodzie, przysposobienia dwojga dzieci lub obj\u0119cia opiek\u0105 dwojga dzieci;<\/p>\n\n\n\n<p class=\"has-text-align-justify\">3) &nbsp; 67 tygodni &#8211; w przypadku urodzenia trojga dzieci przy jednym porodzie, przysposobienia trojga dzieci lub obj\u0119cia opiek\u0105 trojga dzieci;<\/p>\n\n\n\n<p class=\"has-text-align-justify\">4) &nbsp; 69 tygodni &#8211; w przypadku urodzenia czworga dzieci przy jednym porodzie, przysposobienia czworga dzieci lub obj\u0119cia opiek\u0105 czworga dzieci;<\/p>\n\n\n\n<p class=\"has-text-align-justify\">5) &nbsp; 71 tygodni &#8211; w przypadku urodzenia pi\u0119ciorga i wi\u0119cej dzieci przy jednym porodzie, przysposobienia pi\u0119ciorga i wi\u0119cej dzieci lub obj\u0119cia opiek\u0105 pi\u0119ciorga i wi\u0119cej dzieci.<\/p>\n\n\n\n<p class=\"has-text-align-justify\">\u015awiadczenie rodzicielskie w wysoko\u015bci 1000 z\u0142 miesi\u0119cznie nie jest uzale\u017cnione od kryterium dochodowego.<\/p>\n\n\n\n<p class=\"has-text-align-justify\">Kwot\u0119 \u015bwiadczenia rodzicielskiego przys\u0142uguj\u0105c\u0105 za niepe\u0142ny miesi\u0105c ustala si\u0119, dziel\u0105c kwot\u0119 \u015bwiadczenia przez liczb\u0119 wszystkich dni kalendarzowych w tym miesi\u0105cu, a otrzyman\u0105 kwot\u0119 mno\u017cy si\u0119 przez liczb\u0119 dni kalendarzowych, za kt\u00f3re \u015bwiadczenie przys\u0142uguje. Kwot\u0119 \u015bwiadczenia przys\u0142uguj\u0105c\u0105 za niepe\u0142ny miesi\u0105c zaokr\u0105gla si\u0119 do 10 groszy w g\u00f3r\u0119.<\/p>\n\n\n\n<p class=\"has-text-align-justify\">Osobie uprawnionej do \u015bwiadczenia rodzicielskiego przys\u0142uguje:<\/p>\n\n\n\n<p class=\"has-text-align-justify\">1) &nbsp; w tym samym czasie jedno \u015bwiadczenie rodzicielskie bez wzgl\u0119du na liczb\u0119 wychowywanych dzieci;<\/p>\n\n\n\n<p class=\"has-text-align-justify\">2) &nbsp; jedno \u015bwiadczenie rodzicielskie w zwi\u0105zku z wychowywaniem tego samego dziecka.<\/p>\n\n\n\n<p class=\"has-text-align-justify\"><strong>\u015awiadczenie rodzicielskie&nbsp;<u>nie przys\u0142uguje<\/u>, je\u017celi:<\/strong><\/p>\n\n\n\n<p class=\"has-text-align-justify\">1) &nbsp; co najmniej jeden z rodzic\u00f3w dziecka lub opiekun faktyczny dziecka (tj. osoba faktycznie opiekuj\u0105ca si\u0119 dzieckiem, je\u017celi wyst\u0105pi\u0142a z wnioskiem do s\u0105du rodzinnego o przysposobienie dziecka), lub rodzina zast\u0119pcza, z wyj\u0105tkiem rodziny zast\u0119pczej zawodowej, otrzymuj\u0105 zasi\u0142ek macierzy\u0144ski lub uposa\u017cenie za okres ustalony przepisami Kodeksu pracy jako okres urlopu macierzy\u0144skiego, okres urlopu na warunkach urlopu macierzy\u0144skiego lub okres urlopu rodzicielskiego;<\/p>\n\n\n\n<p class=\"has-text-align-justify\">2) &nbsp; dziecko zosta\u0142o umieszczone w pieczy zast\u0119pczej &#8211; w przypadku matki lub ojca lub osoby, kt\u00f3ra przysposobi\u0142a dziecko;<\/p>\n\n\n\n<p class=\"has-text-align-justify\">3) &nbsp; jeden z rodzic\u00f3w dziecka lub opiekun faktyczny dziecka (tj. osoba faktycznie opiekuj\u0105ca si\u0119 dzieckiem, je\u017celi wyst\u0105pi\u0142a z wnioskiem do s\u0105du rodzinnego o przysposobienie dziecka), lub rodzina zast\u0119pcza, z wyj\u0105tkiem rodziny zast\u0119pczej zawodowej, nie sprawuj\u0105 lub zaprzestali sprawowania osobistej opieki nad dzieckiem, w tym w zwi\u0105zku z zatrudnieniem lub wykonywaniem innej pracy zarobkowej, kt\u00f3re uniemo\u017cliwiaj\u0105 sprawowanie tej opieki;<\/p>\n\n\n\n<p class=\"has-text-align-justify\">4) &nbsp; w zwi\u0105zku z wychowywaniem tego samego dziecka lub w zwi\u0105zku z opiek\u0105 nad tym samym dzieckiem jest ju\u017c ustalone prawo do \u015bwiadczenia rodzicielskiego, dodatku do zasi\u0142ku rodzinnego, o kt\u00f3rym mowa w art. 10, \u015bwiadczenia piel\u0119gnacyjnego, specjalnego zasi\u0142ku opieku\u0144czego lub zasi\u0142ku dla opiekuna, o kt\u00f3rym mowa w ustawie z dnia 4 kwietnia 2014 r. o ustaleniu i wyp\u0142acie zasi\u0142k\u00f3w dla opiekun\u00f3w;<\/p>\n\n\n\n<p class=\"has-text-align-justify\">5) &nbsp; osobom uprawnionym do \u015bwiadczenia rodzicielskiego przys\u0142uguje za granic\u0105 \u015bwiadczenie o podobnym charakterze do \u015bwiadczenia rodzicielskiego, chyba \u017ce przepisy o koordynacji system\u00f3w zabezpieczenia spo\u0142ecznego lub dwustronne umowy o zabezpieczeniu spo\u0142ecznym stanowi\u0105 inaczej.<\/p>\n\n\n\n<p class=\"has-text-align-justify\"><strong>W przypadku zbiegu uprawnie\u0144 do nast\u0119puj\u0105cych \u015bwiadcze\u0144:<\/strong><\/p>\n\n\n\n<p class=\"has-text-align-justify\">1) &nbsp; &nbsp; &nbsp;\u015bwiadczenia rodzicielskiego lub<\/p>\n\n\n\n<p class=\"has-text-align-justify\">2) &nbsp; &nbsp; &nbsp;\u015bwiadczenia piel\u0119gnacyjnego, lub<\/p>\n\n\n\n<p class=\"has-text-align-justify\">3) &nbsp; &nbsp; &nbsp;specjalnego zasi\u0142ku opieku\u0144czego, lub<\/p>\n\n\n\n<p class=\"has-text-align-justify\">4) &nbsp; &nbsp; &nbsp;dodatku do zasi\u0142ku rodzinnego z tytu\u0142u opieki nad dzieckiem w okresie korzystania z urlopu wychowawczego, lub<\/p>\n\n\n\n<p class=\"has-text-align-justify\">5) &nbsp; &nbsp; &nbsp;zasi\u0142ku dla opiekuna, o kt\u00f3rym mowa w ustawie z dnia 4 kwietnia 2014 r. o ustaleniu i wyp\u0142acie zasi\u0142k\u00f3w dla opiekun\u00f3w<\/p>\n\n\n\n<p class=\"has-text-align-justify\">&#8211; &nbsp; &nbsp; &nbsp;przys\u0142uguje jedno z tych \u015bwiadcze\u0144 wybrane przez osob\u0119 uprawnion\u0105.<\/p>\n\n\n\n<p class=\"has-text-align-justify\">Prawo do \u015bwiadczenia rodzicielskiego ustala si\u0119, pocz\u0105wszy od miesi\u0105ca urodzenia lub przysposobienia dziecka, a w przypadku opiekuna faktycznego dziecka i rodziny zast\u0119pczej, z wyj\u0105tkiem rodziny zast\u0119pczej zawodowej, os\u00f3b, od miesi\u0105ca obj\u0119cia dziecka opiek\u0105, je\u017celi wniosek o ustalenie prawa do \u015bwiadczenia rodzicielskiego zosta\u0142 z\u0142o\u017cony w terminie 3 miesi\u0119cy, licz\u0105c od dnia urodzenia lub przysposobienia dziecka, a w przypadku os\u00f3b opiekuna faktycznego dziecka i rodziny zast\u0119pczej, z wyj\u0105tkiem rodziny zast\u0119pczej zawodowej, od dnia obj\u0119cia dziecka opiek\u0105.<\/p>\n\n\n\n<p class=\"has-text-align-justify\">W przypadku z\u0142o\u017cenia wniosku po terminie, nie p\u00f3\u017aniej jednak ni\u017c w okresie 52 tygodni, w przypadku urodzenia &nbsp;(przysposobienia, obj\u0119cia opiek\u0105) jednego dziecka i odpowiednio d\u0142u\u017cej w przypadku urodzenia (przysposobienia, obj\u0119cia opiek\u0105) wi\u0119cej dzieci, prawo do \u015bwiadczenia rodzicielskiego ustala si\u0119, pocz\u0105wszy od miesi\u0105ca, w kt\u00f3rym wp\u0142yn\u0105\u0142 wniosek.<\/p>\n\n\n\n<p class=\"has-text-align-justify\">W przypadku gdy \u015bwiadczenie rodzicielskie przys\u0142uguje ojcu dziecka, termin 3 miesi\u0119cy, jest liczony od dnia skr\u00f3cenia okresu pobierania \u015bwiadczenia rodzicielskiego, \u015bmierci matki dziecka lub porzucenia dziecka przez matk\u0119.<\/p>\n\n\n\n<p class=\"has-text-align-justify\">\u015awiadczenie rodzicielskie mog\u0105 otrzymywa\u0107 tak\u017ce rodzice dzieci urodzonych przed 1 stycznia 2016 r., kt\u00f3rzy nie otrzymuj\u0105 zasi\u0142ku macierzy\u0144skiego lub uposa\u017cenia macierzy\u0144skiego \u2013 w takim przypadku, \u015bwiadczenie rodzicielskie b\u0119dzie im przys\u0142ugiwa\u0142o od 1 stycznia 2016 r. do uko\u0144czenia przez dziecko 52 tygodnia \u017cycia (odpowiednio d\u0142u\u017cej w przypadku wieloraczk\u00f3w).<\/p>\n\n\n\n<p class=\"has-text-align-justify\">&nbsp;<strong>Wniosek o \u015bwiadczenie rodzicielskie mo\u017cna pobra\u0107 i z\u0142o\u017cy\u0107 w Gminnym O\u015brodku Pomocy Spo\u0142ecznej w Ch\u0105\u015bnie (pok\u00f3j nr 15) od poniedzia\u0142ku do pi\u0105tku w godz. 7.00-15.00.<\/strong><\/p>\n","protected":false},"excerpt":{"rendered":"<p>1) &nbsp; matce albo ojcu dziecka*; 2) &nbsp; opiekunowi faktycznemu dziecka (tj. osobie faktycznie opiekuj\u0105cej si\u0119 dzieckiem, je\u017celi wyst\u0105pi\u0142a z wnioskiem do s\u0105du rodzinnego o przysposobienie dziecka) w przypadku obj\u0119cia opiek\u0105 dziecka w wieku do uko\u0144czenia 7. roku \u017cycia, a w przypadku dziecka, wobec kt\u00f3rego podj\u0119to decyzj\u0119 o odroczeniu obowi\u0105zku szkolnego &#8211; do uko\u0144czenia 10. &hellip;<\/p>\n<p class=\"read-more\"> <a class=\"\" href=\"https:\/\/gminachasno.pl\/index.php\/swiadczenie-rodzicielskie\/\"> <span class=\"screen-reader-text\">\u015awiadczenie rodzicielskie<\/span> Read More &raquo;<\/a><\/p>\n","protected":false},"author":1,"featured_media":0,"parent":0,"menu_order":0,"comment_status":"closed","ping_status":"closed","template":"","meta":{"site-sidebar-layout":"default","site-content-layout":"default","ast-global-header-display":"","ast-main-header-display":"","ast-hfb-above-header-display":"","ast-hfb-below-header-display":"","ast-hfb-mobile-header-display":"","site-post-title":"","ast-breadcrumbs-content":"","ast-featured-img":"","footer-sml-layout":"","theme-transparent-header-meta":"default","adv-header-id-meta":"","stick-header-meta":"","header-above-stick-meta":"","header-main-stick-meta":"","header-below-stick-meta":"","footnotes":""},"class_list":["post-980","page","type-page","status-publish","hentry"],"_links":{"self":[{"href":"https:\/\/gminachasno.pl\/index.php\/wp-json\/wp\/v2\/pages\/980","targetHints":{"allow":["GET"]}}],"collection":[{"href":"https:\/\/gminachasno.pl\/index.php\/wp-json\/wp\/v2\/pages"}],"about":[{"href":"https:\/\/gminachasno.pl\/index.php\/wp-json\/wp\/v2\/types\/page"}],"author":[{"embeddable":true,"href":"https:\/\/gminachasno.pl\/index.php\/wp-json\/wp\/v2\/users\/1"}],"replies":[{"embeddable":true,"href":"https:\/\/gminachasno.pl\/index.php\/wp-json\/wp\/v2\/comments?post=980"}],"version-history":[{"count":2,"href":"https:\/\/gminachasno.pl\/index.php\/wp-json\/wp\/v2\/pages\/980\/revisions"}],"predecessor-version":[{"id":1541,"href":"https:\/\/gminachasno.pl\/index.php\/wp-json\/wp\/v2\/pages\/980\/revisions\/1541"}],"wp:attachment":[{"href":"https:\/\/gminachasno.pl\/index.php\/wp-json\/wp\/v2\/media?parent=980"}],"curies":[{"name":"wp","href":"https:\/\/api.w.org\/{rel}","templated":true}]}}