{"id":977,"date":"2021-05-17T05:51:57","date_gmt":"2021-05-17T03:51:57","guid":{"rendered":"http:\/\/it3.home.pl\/gmina_chasno\/?page_id=977"},"modified":"2021-05-30T01:31:16","modified_gmt":"2021-05-29T23:31:16","slug":"specjalny-zasilek-opiekunczy","status":"publish","type":"page","link":"https:\/\/gminachasno.pl\/index.php\/specjalny-zasilek-opiekunczy\/","title":{"rendered":"Specjalny zasi\u0142ek opieku\u0144czy"},"content":{"rendered":"\n<p class=\"has-text-align-justify\">Specjalny zasi\u0142ek opieku\u0144czy przys\u0142uguje osobom, na kt\u00f3rych zgodnie z przepisami ustawy z dnia 25 lutego 1964 r. &#8211; Kodeks rodzinny i opieku\u0144czy (Dz. U. z 2012 r. poz. 788 i 1529 oraz z 2013 r. poz. 1439) ci\u0105\u017cy obowi\u0105zek alimentacyjny, a tak\u017ce&nbsp;<strong>ma\u0142\u017conkom,<\/strong>&nbsp;je\u017celi:<\/p>\n\n\n\n<p class=\"has-text-align-justify\">1)&nbsp;&nbsp;&nbsp;nie podejmuj\u0105 zatrudnienia lub innej pracy zarobkowej lub<\/p>\n\n\n\n<p class=\"has-text-align-justify\">2)&nbsp;&nbsp;&nbsp;rezygnuj\u0105 z zatrudnienia lub innej pracy zarobkowej<\/p>\n\n\n\n<p class=\"has-text-align-justify\">&#8211;&nbsp;&nbsp;&nbsp;w celu sprawowania sta\u0142ej opieki nad osob\u0105 legitymuj\u0105c\u0105 si\u0119 orzeczeniem o znacznym stopniu niepe\u0142nosprawno\u015bci albo orzeczeniem o niepe\u0142nosprawno\u015bci \u0142\u0105cznie ze wskazaniami: konieczno\u015bci sta\u0142ej lub d\u0142ugotrwa\u0142ej opieki lub pomocy innej osoby w zwi\u0105zku ze znacznie ograniczon\u0105 mo\u017cliwo\u015bci\u0105 samodzielnej egzystencji oraz konieczno\u015bci sta\u0142ego wsp\u00f3\u0142udzia\u0142u na co dzie\u0144 opiekuna dziecka w procesie jego leczenia, rehabilitacji i edukacji.<\/p>\n\n\n\n<p class=\"has-text-align-justify\">Specjalny zasi\u0142ek opieku\u0144czy funkcjonuje od 1 stycznia 2013 r.<\/p>\n\n\n\n<p class=\"has-text-align-justify\">Na okres zasi\u0142kowy 2015\/2016 specjalny zasi\u0142ek opieku\u0144czy przys\u0142uguje, je\u017celi \u0142\u0105czny doch\u00f3d rodziny osoby sprawuj\u0105cej opiek\u0119 oraz rodziny osoby wymagaj\u0105cej opieki w przeliczeniu na osob\u0119 nie przekracza kwoty kryterium dochodowego wynosz\u0105cego&nbsp;<strong>764 z\u0142 netto<\/strong>&nbsp;(na podstawie dochod\u00f3w z roku poprzedzaj\u0105cego okres zasi\u0142kowy z uwzgl\u0119dnieniem utraty i uzyskania dochodu). Specjalny zasi\u0142ek opieku\u0144czy przys\u0142uguje w kwocie&nbsp;<strong>520 z\u0142<\/strong>&nbsp;miesi\u0119cznie.<\/p>\n\n\n\n<p class=\"has-text-align-justify\">Za doch\u00f3d&nbsp;<strong>osoby sprawuj\u0105cej opiek\u0119<\/strong>, zgodnie z art. 3 pkt 16 ustawy o \u015bwiadczeniach rodzinnych, uwa\u017ca si\u0119 doch\u00f3d nast\u0119puj\u0105cych cz\u0142onk\u00f3w rodziny: ma\u0142\u017conk\u00f3w, rodzic\u00f3w dzieci, opiekuna faktycznego dziecka oraz pozostaj\u0105ce na utrzymaniu dzieci w wieku do uko\u0144czenia 25 roku \u017cycia, a tak\u017ce dziecko, kt\u00f3re uko\u0144czy\u0142o 25 rok \u017cycia legitymuj\u0105ce si\u0119 orzeczeniem o znacznym stopniu niepe\u0142nosprawno\u015bci, je\u017celi w zwi\u0105zku z t\u0105 niepe\u0142nosprawno\u015bci\u0105 przys\u0142uguje \u015bwiadczenie piel\u0119gnacyjne lub specjalny zasi\u0142ek opieku\u0144czy; do cz\u0142onk\u00f3w rodziny nie zalicza si\u0119 dziecka pozostaj\u0105cego pod opiek\u0105 opiekuna prawnego, dziecka pozostaj\u0105cego w zwi\u0105zku ma\u0142\u017ce\u0144skim, a tak\u017ce pe\u0142noletniego dziecka posiadaj\u0105cego w\u0142asne dziecko.<\/p>\n\n\n\n<p class=\"has-text-align-justify\"><strong>Specjalny zasi\u0142ek opieku\u0144czy&nbsp;<u>nie przys\u0142uguje<\/u>, je\u017celi:<\/strong><\/p>\n\n\n\n<p>1)\u00a0\u00a0 osoba sprawuj\u0105ca opiek\u0119:<br>a)\u00a0 ma ustalone prawo do emerytury, renty, renty rodzinnej z tytu\u0142u \u015bmierci ma\u0142\u017conka przyznanej w przypadku zbiegu prawa do renty rodzinnej i innego \u015bwiadczenia emerytalno-rentowego, renty socjalnej, zasi\u0142ku sta\u0142ego, nauczycielskiego \u015bwiadczenia kompensacyjnego, zasi\u0142ku przedemerytalnego lub \u015bwiadczenia przedemerytalnego,<br>b)\u00a0\u00a0 (uchylona),<br>c)\u00a0\u00a0 ma ustalone prawo do specjalnego zasi\u0142ku opieku\u0144czego, \u015bwiadczenia piel\u0119gnacyjnego lub zasi\u0142ku dla opiekuna, o kt\u00f3rym mowa w ustawie z dnia 4 kwietnia 2014 r. o ustaleniu i wyp\u0142acie zasi\u0142k\u00f3w dla opiekun\u00f3w,<br>d)\u00a0 legitymuje si\u0119 orzeczeniem o znacznym stopniu niepe\u0142nosprawno\u015bci;<\/p>\n\n\n\n<p class=\"has-text-align-justify\"><br>2)&nbsp;&nbsp; osoba wymagaj\u0105ca opieki zosta\u0142a umieszczona w rodzinie zast\u0119pczej, z wyj\u0105tkiem rodziny zast\u0119pczej spokrewnionej, w rodzinnym domu dziecka albo, w zwi\u0105zku z konieczno\u015bci\u0105 kszta\u0142cenia, rewalidacji lub rehabilitacji, w plac\u00f3wce zapewniaj\u0105cej ca\u0142odobow\u0105 opiek\u0119, w tym w specjalnym o\u015brodku szkolno-wychowawczym, z wyj\u0105tkiem podmiotu wykonuj\u0105cego dzia\u0142alno\u015b\u0107 lecznicz\u0105, i korzysta w niej z ca\u0142odobowej opieki przez wi\u0119cej ni\u017c 5 dni w tygodniu;<\/p>\n\n\n\n<p class=\"has-text-align-justify\"><br>3)&nbsp; na osob\u0119 wymagaj\u0105c\u0105 opieki inna osoba ma ustalone prawo do wcze\u015bniejszej emerytury;<\/p>\n\n\n\n<p class=\"has-text-align-justify\"><br>4)&nbsp; cz\u0142onek rodziny osoby sprawuj\u0105cej opiek\u0119 ma ustalone prawo do dodatku do zasi\u0142ku rodzinnego, o kt\u00f3rym mowa w art. 10, specjalnego zasi\u0142ku opieku\u0144czego, \u015bwiadczenia piel\u0119gnacyjnego lub zasi\u0142ku dla opiekuna, o kt\u00f3rym mowa w ustawie z dnia 4 kwietnia 2014 r. o ustaleniu i wyp\u0142acie zasi\u0142k\u00f3w dla opiekun\u00f3w;<\/p>\n\n\n\n<p class=\"has-text-align-justify\"><br>5)&nbsp; na osob\u0119 wymagaj\u0105c\u0105 opieki jest ustalone prawo do dodatku do zasi\u0142ku rodzinnego, o kt\u00f3rym mowa w art. 10, prawo do specjalnego zasi\u0142ku opieku\u0144czego, prawo do \u015bwiadczenia piel\u0119gnacyjnego lub prawo do zasi\u0142ku dla opiekuna, o kt\u00f3rym mowa w ustawie z dnia 4 kwietnia 2014 r. o ustaleniu i wyp\u0142acie zasi\u0142k\u00f3w dla opiekun\u00f3w;<\/p>\n\n\n\n<p class=\"has-text-align-justify\"><br>6)&nbsp; na osob\u0119 wymagaj\u0105c\u0105 opieki inna osoba jest uprawniona za granic\u0105 do \u015bwiadczenia na pokrycie wydatk\u00f3w zwi\u0105zanych z opiek\u0105, chyba \u017ce przepisy o koordynacji system\u00f3w zabezpieczenia spo\u0142ecznego lub dwustronne umowy o zabezpieczeniu spo\u0142ecznym stanowi\u0105 inaczej.<\/p>\n\n\n\n<p class=\"has-text-align-justify\"><strong>W przypadku, gdy o specjalny zasi\u0142ek opieku\u0144czy ubiegaj\u0105 si\u0119 rolnicy, ma\u0142\u017conkowie rolnik\u00f3w b\u0105d\u017a domownicy, \u015bwiadczenia te przys\u0142uguj\u0105 odpowiednio:<\/strong><\/p>\n\n\n\n<p class=\"has-text-align-justify\">1)&nbsp;&nbsp;&nbsp;rolnikom w przypadku zaprzestania prowadzenia przez nich gospodarstwa rolnego;<\/p>\n\n\n\n<p class=\"has-text-align-justify\">2)&nbsp;&nbsp;&nbsp;ma\u0142\u017conkom rolnik\u00f3w lub domownikom w przypadku zaprzestania prowadzenia przez nich gospodarstwa rolnego albo wykonywania przez nich pracy w gospodarstwie rolnym.<\/p>\n\n\n\n<p class=\"has-text-align-justify\">Zaprzestanie prowadzenia gospodarstwa rolnego lub zaprzestanie wykonywania pracy w gospodarstwie rolnym, o kt\u00f3rych mowa w ust. 1, potwierdza si\u0119 stosownym o\u015bwiadczeniem z\u0142o\u017conym pod rygorem odpowiedzialno\u015bci karnej za sk\u0142adanie fa\u0142szywych zezna\u0144. Sk\u0142adaj\u0105cy o\u015bwiadczenie jest obowi\u0105zany do zawarcia w nim klauzuli nast\u0119puj\u0105cej tre\u015bci:&nbsp;<strong>&#8222;Jestem \u015bwiadomy odpowiedzialno\u015bci karnej za z\u0142o\u017cenie fa\u0142szywego o\u015bwiadczenia.&#8221;.<\/strong>&nbsp;Klauzula ta zast\u0119puje pouczenie organu o odpowiedzialno\u015bci karnej za sk\u0142adanie fa\u0142szywych zezna\u0144.<\/p>\n\n\n\n<p class=\"has-text-align-justify\"><strong>Do wniosku o specjalny zasi\u0142ek opieku\u0144czy nale\u017cy do\u0142\u0105czy\u0107 odpowiednio<\/strong>:<\/p>\n\n\n\n<ol class=\"wp-block-list\"><li>dokumenty za\u015bwiadczenie plac\u00f3wki zapewniaj\u0105cej ca\u0142odobow\u0105 opiek\u0119, w przypadku umieszczenia w niej dziecka, o liczbie dni w tygodniu, w kt\u00f3rych korzysta w niej z ca\u0142odobowej opieki, albo o\u015bwiadczenie o niekorzystaniu przez wi\u0119cej ni\u017c 5 dni w tygodniu z ca\u0142odobowej opieki nad dzieckiem umieszczonym w plac\u00f3wce zapewniaj\u0105cej ca\u0142odobow\u0105 opiek\u0119, w tym w specjalnym o\u015brodku szkolno-wychowawczym<\/li><li><strong>dokumenty stwierdzaj\u0105ce wysoko\u015b\u0107 dochodu rodziny<\/strong>, w tym odpowiednio:<\/li><\/ol>\n\n\n\n<p class=\"has-text-align-justify\">a.&nbsp;&nbsp;&nbsp; za\u015bwiadczenia lub o\u015bwiadczenia dokumentuj\u0105ce wysoko\u015b\u0107 innych dochod\u00f3w ni\u017c dochody podlegaj\u0105ce opodatkowaniu podatkiem dochodowym od os\u00f3b fizycznych na zasadach okre\u015blonych w art. 27, art. 30b, art. 30c, art. 30e&nbsp;i art. 30f&nbsp;ustawy z dnia 26 lipca 1991 r. o podatku dochodowym od os\u00f3b fizycznych, ka\u017cdego cz\u0142onka rodziny;<\/p>\n\n\n\n<p class=\"has-text-align-justify\">b.&nbsp;&nbsp;&nbsp; o\u015bwiadczenia cz\u0142onk\u00f3w rodziny o wysoko\u015bci uzyskanego dochodu w roku kalendarzowym poprzedzaj\u0105cym okres zasi\u0142kowy, je\u017celi cz\u0142onkowie rodziny rozliczaj\u0105 si\u0119 na podstawie przepis\u00f3w o zrycza\u0142towanym podatku dochodowym od niekt\u00f3rych przychod\u00f3w osi\u0105ganych przez osoby fizyczne;<\/p>\n\n\n\n<p class=\"has-text-align-justify\">c.&nbsp;&nbsp;&nbsp; o\u015bwiadczenia cz\u0142onk\u00f3w rodziny o wysoko\u015bci uzyskanego w roku kalendarzowym poprzedzaj\u0105cym okres zasi\u0142kowy innego dochodu niepodlegaj\u0105cego opodatkowaniu;<\/p>\n\n\n\n<p class=\"has-text-align-justify\">d.&nbsp;&nbsp;&nbsp; za\u015bwiadczenie w\u0142a\u015bciwego organu gminy, albo o\u015bwiadczenie wielko\u015bci gospodarstwa rolnego wyra\u017conej w hektarach przeliczeniowych og\u00f3lnej powierzchni w roku kalendarzowym poprzedzaj\u0105cym okres zasi\u0142kowy albo nakaz p\u0142atniczy za ten rok,<\/p>\n\n\n\n<p class=\"has-text-align-justify\">e.&nbsp;&nbsp;&nbsp; przekazy lub przelewy pieni\u0119\u017cne dokumentuj\u0105ce wysoko\u015b\u0107 aliment\u00f3w, je\u017celi cz\u0142onkowie rodziny s\u0105 zobowi\u0105zani wyrokiem s\u0105du lub ugod\u0105&nbsp; s\u0105dow\u0105 do ich p\u0142acenia na rzecz osoby spoza rodziny,<\/p>\n\n\n\n<p class=\"has-text-align-justify\">f.&nbsp;&nbsp;&nbsp; kopi\u0119 odpisu wyroku s\u0105du zas\u0105dzaj\u0105cego alimenty na rzecz os\u00f3b w rodzinie lub kopi\u0119 odpisu protoko\u0142u posiedzenia zawieraj\u0105cego tre\u015b\u0107&nbsp; ugody s\u0105dowej, przekazy lub przelewy pieni\u0119\u017cne dokumentuj\u0105ce faktyczn\u0105 wysoko\u015b\u0107 otrzymanych aliment\u00f3w, w przypadku uzyskania&nbsp; aliment\u00f3w ni\u017cszych ni\u017c zas\u0105dzone w wyroku lub ugodzie s\u0105dowej, oraz za\u015bwiadczenie komornika o ca\u0142kowitej lub cz\u0119\u015bciowej&nbsp; bezskuteczno\u015bci egzekucji aliment\u00f3w, a tak\u017ce o wysoko\u015bci wyegzekwowanych aliment\u00f3w,<\/p>\n\n\n\n<p class=\"has-text-align-justify\"><strong>W przypadku, gdy okoliczno\u015bci sprawy maj\u0105ce wp\u0142yw na prawo do \u015bwiadcze\u0144 rodzinnych wymagaj\u0105 potwierdzenia innym dokumentem ni\u017c wymienione powy\u017cej, podmiot realizuj\u0105cy \u015bwiadczenie mo\u017ce domaga\u0107 si\u0119 takiego dokumentu.<\/strong><\/p>\n\n\n\n<p class=\"has-text-align-justify\"><strong>Wniosek o specjalny zasi\u0142ek opieku\u0144czy mo\u017cna pobra\u0107 i z\u0142o\u017cy\u0107 w Gminnym O\u015brodku Pomocy Spo\u0142ecznej w Ch\u0105\u015bnie (pok\u00f3j nr 15) od poniedzia\u0142ku do pi\u0105tku w godz. 7.00-15.00.<\/strong><\/p>\n","protected":false},"excerpt":{"rendered":"<p>Specjalny zasi\u0142ek opieku\u0144czy przys\u0142uguje osobom, na kt\u00f3rych zgodnie z przepisami ustawy z dnia 25 lutego 1964 r. &#8211; Kodeks rodzinny i opieku\u0144czy (Dz. U. z 2012 r. poz. 788 i 1529 oraz z 2013 r. poz. 1439) ci\u0105\u017cy obowi\u0105zek alimentacyjny, a tak\u017ce&nbsp;ma\u0142\u017conkom,&nbsp;je\u017celi: 1)&nbsp;&nbsp;&nbsp;nie podejmuj\u0105 zatrudnienia lub innej pracy zarobkowej lub 2)&nbsp;&nbsp;&nbsp;rezygnuj\u0105 z zatrudnienia lub innej &hellip;<\/p>\n<p class=\"read-more\"> <a class=\"\" href=\"https:\/\/gminachasno.pl\/index.php\/specjalny-zasilek-opiekunczy\/\"> <span class=\"screen-reader-text\">Specjalny zasi\u0142ek opieku\u0144czy<\/span> Read More &raquo;<\/a><\/p>\n","protected":false},"author":1,"featured_media":0,"parent":0,"menu_order":0,"comment_status":"closed","ping_status":"closed","template":"","meta":{"site-sidebar-layout":"default","site-content-layout":"default","ast-global-header-display":"","ast-main-header-display":"","ast-hfb-above-header-display":"","ast-hfb-below-header-display":"","ast-hfb-mobile-header-display":"","site-post-title":"","ast-breadcrumbs-content":"","ast-featured-img":"","footer-sml-layout":"","theme-transparent-header-meta":"default","adv-header-id-meta":"","stick-header-meta":"","header-above-stick-meta":"","header-main-stick-meta":"","header-below-stick-meta":"","footnotes":""},"class_list":["post-977","page","type-page","status-publish","hentry"],"_links":{"self":[{"href":"https:\/\/gminachasno.pl\/index.php\/wp-json\/wp\/v2\/pages\/977","targetHints":{"allow":["GET"]}}],"collection":[{"href":"https:\/\/gminachasno.pl\/index.php\/wp-json\/wp\/v2\/pages"}],"about":[{"href":"https:\/\/gminachasno.pl\/index.php\/wp-json\/wp\/v2\/types\/page"}],"author":[{"embeddable":true,"href":"https:\/\/gminachasno.pl\/index.php\/wp-json\/wp\/v2\/users\/1"}],"replies":[{"embeddable":true,"href":"https:\/\/gminachasno.pl\/index.php\/wp-json\/wp\/v2\/comments?post=977"}],"version-history":[{"count":2,"href":"https:\/\/gminachasno.pl\/index.php\/wp-json\/wp\/v2\/pages\/977\/revisions"}],"predecessor-version":[{"id":1535,"href":"https:\/\/gminachasno.pl\/index.php\/wp-json\/wp\/v2\/pages\/977\/revisions\/1535"}],"wp:attachment":[{"href":"https:\/\/gminachasno.pl\/index.php\/wp-json\/wp\/v2\/media?parent=977"}],"curies":[{"name":"wp","href":"https:\/\/api.w.org\/{rel}","templated":true}]}}