{"id":968,"date":"2021-05-17T05:47:21","date_gmt":"2021-05-17T03:47:21","guid":{"rendered":"http:\/\/it3.home.pl\/gmina_chasno\/?page_id=968"},"modified":"2021-05-30T01:14:53","modified_gmt":"2021-05-29T23:14:53","slug":"jednorazowa-zapomoga-z-tytulu-urodzenia-sie-dziecka","status":"publish","type":"page","link":"https:\/\/gminachasno.pl\/index.php\/jednorazowa-zapomoga-z-tytulu-urodzenia-sie-dziecka\/","title":{"rendered":"Jednorazowa zapomoga z tytu\u0142u urodzenia si\u0119 dziecka"},"content":{"rendered":"\n<p class=\"has-text-align-justify\">Z tytu\u0142u urodzenia si\u0119 \u017cywego dziecka przys\u0142uguje jednorazowa zapomoga z tytu\u0142u urodzenia si\u0119 dziecka w wysoko\u015bci&nbsp;<strong>1000 z\u0142<\/strong>&nbsp;na jedno dziecko.<br>&nbsp;<\/p>\n\n\n\n<p class=\"has-text-align-justify\">Od 1 stycznia 2013 r. jednorazowa zapomoga z tytu\u0142u urodzenia si\u0119 dziecka przys\u0142uguje matce lub ojcu dziecka, opiekunowi prawnemu albo opiekunowi faktycznemu dziecka, je\u017celi&nbsp;<strong>doch\u00f3d rodziny w przeliczeniu na osob\u0119 nie przekroczy kwoty 1922,00 z\u0142 netto.&nbsp;<\/strong>Powy\u017csze zmiany wynikaj\u0105 z ustawy z dnia 12 pa\u017adziernika 2012 r. o zmianie ustawy o \u015bwiadczeniach rodzinnych (poz. 1255).<\/p>\n\n\n\n<p class=\"has-text-align-justify\">\u015awiadczenie to, podobnie jak wszystkie \u015bwiadczenia rodzinne jest &nbsp;wolne od podatku dochodowego.<\/p>\n\n\n\n<p class=\"has-text-align-justify\">Zapomoga przys\u0142uguje:<br>1. matce lub ojcu dziecka;<br>2. opiekunowi prawnemu dziecka;<br>3. opiekunowi faktycznemu dziecka (oznacza to osob\u0119 faktycznie opiekuj\u0105c\u0105 si\u0119 dzieckiem, je\u017celi wyst\u0105pi\u0142a z wnioskiem do s\u0105du rodzinnego o przysposobienie dziecka).<br>Jednorazowa zapomoga z tytu\u0142u urodzenia si\u0119 dziecka przys\u0142uguje je\u017celi matka dziecka pozostawa\u0142a pod opiek\u0105 medyczn\u0105 nie p\u00f3\u017aniej ni\u017c od 10 tygodnia ci\u0105\u017cy do dnia porodu.<br>Wniosek o wyp\u0142at\u0119 jednorazowej zapomogi nale\u017cy z\u0142o\u017cy\u0107&nbsp;<strong>w terminie 12 miesi\u0119cy od dnia narodzin dziecka<\/strong>. W przypadku gdy wniosek dotyczy dziecka obj\u0119tego opiek\u0105 prawn\u0105, opiek\u0105 faktyczn\u0105 albo dziecka przysposobionego wniosek sk\u0142ada si\u0119 w terminie 12 miesi\u0119cy od dnia obj\u0119cia dziecka opiek\u0105 albo przysposobienia, nie p\u00f3\u017aniej ni\u017c do uko\u0144czenia przez dziecko 18-go roku \u017cycia. Wniosek z\u0142o\u017cony po terminie organ w\u0142a\u015bciwy pozostawia bez rozpoznania.<\/p>\n\n\n\n<p>Przy sk\u0142adaniu wniosku&nbsp;niezb\u0119dne s\u0105&nbsp;&nbsp;m.in.:<\/p>\n\n\n\n<p class=\"has-text-align-justify\">1) za\u015bwiadczenie potwierdzaj\u0105ce pozostawanie matki dziecka pod opiek\u0105 medyczn\u0105 nie p\u00f3\u017aniej niz od 10 tygodnia ci\u0105\u017cy &nbsp;oraz pisemne o\u015bwiadczenie, \u017ce na dziecko nie zosta\u0142a ju\u017c pobrana jednorazowa zapomoga z tytu\u0142u urodzenia si\u0119 dziecka (np. przez drugiego z rodzic\u00f3w).<\/p>\n\n\n\n<p class=\"has-text-align-justify\">2<strong>) dokumenty stwierdzaj\u0105ce wysoko\u015b\u0107 dochodu rodziny<\/strong>, w tym odpowiednio:<\/p>\n\n\n\n<p class=\"has-text-align-justify\">a.&nbsp;&nbsp;&nbsp; za\u015bwiadczenia lub o\u015bwiadczenia dokumentuj\u0105ce wysoko\u015b\u0107 innych dochod\u00f3w ni\u017c dochody podlegaj\u0105ce opodatkowaniu podatkiem dochodowym od os\u00f3b fizycznych na zasadach okre\u015blonych w art. 27, art. 30b, art. 30c, art. 30e&nbsp;i art. 30f&nbsp;ustawy z dnia 26 lipca 1991 r. o podatku dochodowym od os\u00f3b fizycznych, ka\u017cdego cz\u0142onka rodziny;<\/p>\n\n\n\n<p class=\"has-text-align-justify\">b.&nbsp;&nbsp;&nbsp; o\u015bwiadczenia cz\u0142onk\u00f3w rodziny o wysoko\u015bci uzyskanego dochodu w roku kalendarzowym poprzedzaj\u0105cym okres zasi\u0142kowy, je\u017celi cz\u0142onkowie rodziny rozliczaj\u0105 si\u0119 na podstawie przepis\u00f3w o zrycza\u0142towanym podatku dochodowym od niekt\u00f3rych przychod\u00f3w osi\u0105ganych przez osoby fizyczne;<\/p>\n\n\n\n<p class=\"has-text-align-justify\">c.&nbsp;&nbsp;&nbsp; o\u015bwiadczenia cz\u0142onk\u00f3w rodziny o wysoko\u015bci uzyskanego w roku kalendarzowym poprzedzaj\u0105cym okres zasi\u0142kowy innego dochodu niepodlegaj\u0105cego opodatkowaniu;<\/p>\n\n\n\n<p class=\"has-text-align-justify\">d.&nbsp;&nbsp;&nbsp; za\u015bwiadczenie w\u0142a\u015bciwego organu gminy, albo o\u015bwiadczenie wielko\u015bci gospodarstwa rolnego wyra\u017conej w hektarach przeliczeniowych og\u00f3lnej powierzchni w roku kalendarzowym poprzedzaj\u0105cym okres zasi\u0142kowy albo nakaz p\u0142atniczy za ten rok,<\/p>\n\n\n\n<p class=\"has-text-align-justify\">e.&nbsp;&nbsp;&nbsp; przekazy lub przelewy pieni\u0119\u017cne dokumentuj\u0105ce wysoko\u015b\u0107 aliment\u00f3w, je\u017celi cz\u0142onkowie rodziny s\u0105 zobowi\u0105zani wyrokiem s\u0105du lub ugod\u0105&nbsp; s\u0105dow\u0105 do ich p\u0142acenia na rzecz osoby spoza rodziny,<\/p>\n\n\n\n<p class=\"has-text-align-justify\">f.&nbsp;&nbsp;&nbsp; kopi\u0119 odpisu wyroku s\u0105du zas\u0105dzaj\u0105cego alimenty na rzecz os\u00f3b w rodzinie lub kopi\u0119 odpisu protoko\u0142u posiedzenia zawieraj\u0105cego tre\u015b\u0107&nbsp; ugody s\u0105dowej, przekazy lub przelewy pieni\u0119\u017cne dokumentuj\u0105ce faktyczn\u0105 wysoko\u015b\u0107 otrzymanych aliment\u00f3w, w przypadku uzyskania&nbsp; aliment\u00f3w ni\u017cszych ni\u017c zas\u0105dzone w wyroku lub ugodzie s\u0105dowej, oraz za\u015bwiadczenie komornika o ca\u0142kowitej lub cz\u0119\u015bciowej&nbsp; bezskuteczno\u015bci egzekucji aliment\u00f3w, a tak\u017ce o wysoko\u015bci wyegzekwowanych aliment\u00f3w,<\/p>\n\n\n\n<ul class=\"wp-block-list\"><li>kopi\u0119 odpisu prawomocnego wyroku s\u0105du orzekaj\u0105cego rozw\u00f3d lub separacj\u0119 albo kopi\u0119 aktu zgonu ma\u0142\u017conka lub rodzica dziecka, w przypadku osoby samotnie wychowuj\u0105cej dziecko;<\/li><\/ul>\n\n\n\n<p class=\"has-text-align-justify\"><strong>W przypadku, gdy okoliczno\u015bci sprawy maj\u0105ce wp\u0142yw na prawo do \u015bwiadcze\u0144 rodzinnych wymagaj\u0105 potwierdzenia innym dokumentem ni\u017c wymienione powy\u017cej, podmiot realizuj\u0105cy \u015bwiadczenie mo\u017ce domaga\u0107 si\u0119 takiego dokumentu.<\/strong><\/p>\n\n\n\n<p class=\"has-text-align-justify\">Bli\u017csze informacje na temat wymaganych dokument\u00f3w mo\u017cna uzyska\u0107 w Gminnym O\u015brodku Pomocy Spo\u0142ecznej w Ch\u0105\u015bnie.<br>&nbsp;&nbsp;<\/p>\n\n\n\n<p class=\"has-text-align-justify\">Jednorazowa zapomoga z tytu\u0142u urodzenia si\u0119 dziecka nie wchodzi aktualnie w zakres przedmiotowy koordynacji system\u00f3w zabezpieczenia spo\u0142ecznego. W zwi\u0105zku z tym, wykonywanie pracy za granic\u0105 przez jednego z rodzic\u00f3w nie ma znaczenia dla w\u0142a\u015bciwo\u015bci organu do wydania decyzji w sprawie.<\/p>\n\n\n\n<p class=\"has-text-align-justify\">&nbsp;<strong>Wniosek o jednorazow\u0105 zapomog\u0119 z tytu\u0142u urodzenia si\u0119 dziecka mo\u017cna pobra\u0107 i z\u0142o\u017cy\u0107 w Gminnym O\u015brodku Pomocy Spo\u0142ecznej w Ch\u0105\u015bnie (pok\u00f3j nr 15) od poniedzia\u0142ku do pi\u0105tku w godz. 7.00-15.00.<\/strong><\/p>\n","protected":false},"excerpt":{"rendered":"<p>Z tytu\u0142u urodzenia si\u0119 \u017cywego dziecka przys\u0142uguje jednorazowa zapomoga z tytu\u0142u urodzenia si\u0119 dziecka w wysoko\u015bci&nbsp;1000 z\u0142&nbsp;na jedno dziecko.&nbsp; Od 1 stycznia 2013 r. jednorazowa zapomoga z tytu\u0142u urodzenia si\u0119 dziecka przys\u0142uguje matce lub ojcu dziecka, opiekunowi prawnemu albo opiekunowi faktycznemu dziecka, je\u017celi&nbsp;doch\u00f3d rodziny w przeliczeniu na osob\u0119 nie przekroczy kwoty 1922,00 z\u0142 netto.&nbsp;Powy\u017csze zmiany &hellip;<\/p>\n<p class=\"read-more\"> <a class=\"\" href=\"https:\/\/gminachasno.pl\/index.php\/jednorazowa-zapomoga-z-tytulu-urodzenia-sie-dziecka\/\"> <span class=\"screen-reader-text\">Jednorazowa zapomoga z tytu\u0142u urodzenia si\u0119 dziecka<\/span> Read More &raquo;<\/a><\/p>\n","protected":false},"author":1,"featured_media":0,"parent":0,"menu_order":0,"comment_status":"closed","ping_status":"closed","template":"","meta":{"site-sidebar-layout":"default","site-content-layout":"default","ast-global-header-display":"","ast-main-header-display":"","ast-hfb-above-header-display":"","ast-hfb-below-header-display":"","ast-hfb-mobile-header-display":"","site-post-title":"","ast-breadcrumbs-content":"","ast-featured-img":"","footer-sml-layout":"","theme-transparent-header-meta":"default","adv-header-id-meta":"","stick-header-meta":"","header-above-stick-meta":"","header-main-stick-meta":"","header-below-stick-meta":"","footnotes":""},"class_list":["post-968","page","type-page","status-publish","hentry"],"_links":{"self":[{"href":"https:\/\/gminachasno.pl\/index.php\/wp-json\/wp\/v2\/pages\/968","targetHints":{"allow":["GET"]}}],"collection":[{"href":"https:\/\/gminachasno.pl\/index.php\/wp-json\/wp\/v2\/pages"}],"about":[{"href":"https:\/\/gminachasno.pl\/index.php\/wp-json\/wp\/v2\/types\/page"}],"author":[{"embeddable":true,"href":"https:\/\/gminachasno.pl\/index.php\/wp-json\/wp\/v2\/users\/1"}],"replies":[{"embeddable":true,"href":"https:\/\/gminachasno.pl\/index.php\/wp-json\/wp\/v2\/comments?post=968"}],"version-history":[{"count":2,"href":"https:\/\/gminachasno.pl\/index.php\/wp-json\/wp\/v2\/pages\/968\/revisions"}],"predecessor-version":[{"id":1508,"href":"https:\/\/gminachasno.pl\/index.php\/wp-json\/wp\/v2\/pages\/968\/revisions\/1508"}],"wp:attachment":[{"href":"https:\/\/gminachasno.pl\/index.php\/wp-json\/wp\/v2\/media?parent=968"}],"curies":[{"name":"wp","href":"https:\/\/api.w.org\/{rel}","templated":true}]}}