{"id":861,"date":"2021-05-17T05:13:48","date_gmt":"2021-05-17T03:13:48","guid":{"rendered":"http:\/\/it3.home.pl\/gmina_chasno\/?page_id=861"},"modified":"2021-06-15T02:29:18","modified_gmt":"2021-06-15T00:29:18","slug":"gks-olimpia-chasno","status":"publish","type":"page","link":"https:\/\/gminachasno.pl\/index.php\/gks-olimpia-chasno\/","title":{"rendered":"GKS Olimpia Ch\u0105\u015bno"},"content":{"rendered":"\n<p class=\"has-text-align-center\"><strong>Gminny Klub Sportowy Olimpia Ch\u0105\u015bno<\/strong><\/p>\n\n\n\n<div class=\"wp-block-image\"><figure class=\"aligncenter size-large\"><img loading=\"lazy\" decoding=\"async\" width=\"149\" height=\"149\" src=\"http:\/\/gminachasno.pl\/wp-content\/uploads\/2021\/05\/olimpia1.jpg\" alt=\"\" class=\"wp-image-862\"\/><\/figure><\/div>\n\n\n\n<p>Rok za\u0142o\u017cenia &#8211; 1976<br>Barwy -\u017c\u00f3\u0142to-zielone&nbsp;<br><br>Adres siedziby: 99-413 Ch\u0105\u015bno Drugie 44a<br>Status prawny: Stowarzyszenie<br>Rejestr Stowarzysze\u0144 Kultury Fizycznej Starostwa Powiatowego w \u0141owiczu &#8211; poz. 8.&nbsp;<br><br>NIP: 834-184-05-38 Regon: 100522209&nbsp;<br><br>Konto bankowe: BSZ\u0141 o \/ Ch\u0105\u015bno : 08 9288 1112 1014 6910 2000 0010<br>Przejd\u017a do strony internetowej GKS OLIMPIA CH\u0104\u015aNO<\/p>\n","protected":false},"excerpt":{"rendered":"<p>Gminny Klub Sportowy Olimpia Ch\u0105\u015bno Rok za\u0142o\u017cenia &#8211; 1976Barwy -\u017c\u00f3\u0142to-zielone&nbsp; Adres siedziby: 99-413 Ch\u0105\u015bno Drugie 44aStatus prawny: StowarzyszenieRejestr Stowarzysze\u0144 Kultury Fizycznej Starostwa Powiatowego w \u0141owiczu &#8211; poz. 8.&nbsp; NIP: 834-184-05-38 Regon: 100522209&nbsp; Konto bankowe: BSZ\u0141 o \/ Ch\u0105\u015bno : 08 9288 1112 1014 6910 2000 0010Przejd\u017a do strony internetowej GKS OLIMPIA CH\u0104\u015aNO<\/p>\n","protected":false},"author":1,"featured_media":0,"parent":0,"menu_order":0,"comment_status":"closed","ping_status":"closed","template":"","meta":{"site-sidebar-layout":"default","site-content-layout":"default","ast-global-header-display":"","ast-main-header-display":"","ast-hfb-above-header-display":"","ast-hfb-below-header-display":"","ast-hfb-mobile-header-display":"","site-post-title":"","ast-breadcrumbs-content":"","ast-featured-img":"","footer-sml-layout":"","theme-transparent-header-meta":"default","adv-header-id-meta":"","stick-header-meta":"","header-above-stick-meta":"","header-main-stick-meta":"","header-below-stick-meta":"","footnotes":""},"class_list":["post-861","page","type-page","status-publish","hentry"],"_links":{"self":[{"href":"https:\/\/gminachasno.pl\/index.php\/wp-json\/wp\/v2\/pages\/861","targetHints":{"allow":["GET"]}}],"collection":[{"href":"https:\/\/gminachasno.pl\/index.php\/wp-json\/wp\/v2\/pages"}],"about":[{"href":"https:\/\/gminachasno.pl\/index.php\/wp-json\/wp\/v2\/types\/page"}],"author":[{"embeddable":true,"href":"https:\/\/gminachasno.pl\/index.php\/wp-json\/wp\/v2\/users\/1"}],"replies":[{"embeddable":true,"href":"https:\/\/gminachasno.pl\/index.php\/wp-json\/wp\/v2\/comments?post=861"}],"version-history":[{"count":2,"href":"https:\/\/gminachasno.pl\/index.php\/wp-json\/wp\/v2\/pages\/861\/revisions"}],"predecessor-version":[{"id":1590,"href":"https:\/\/gminachasno.pl\/index.php\/wp-json\/wp\/v2\/pages\/861\/revisions\/1590"}],"wp:attachment":[{"href":"https:\/\/gminachasno.pl\/index.php\/wp-json\/wp\/v2\/media?parent=861"}],"curies":[{"name":"wp","href":"https:\/\/api.w.org\/{rel}","templated":true}]}}