{"id":588,"date":"2021-05-10T07:07:41","date_gmt":"2021-05-10T05:07:41","guid":{"rendered":"http:\/\/it3.home.pl\/gmina_chasno\/?page_id=588"},"modified":"2026-03-25T11:05:14","modified_gmt":"2026-03-25T10:05:14","slug":"kontakt","status":"publish","type":"page","link":"https:\/\/gminachasno.pl\/index.php\/kontakt\/","title":{"rendered":"KONTAKT"},"content":{"rendered":"\t\t<div data-elementor-type=\"wp-page\" data-elementor-id=\"588\" class=\"elementor elementor-588\" data-elementor-settings=\"[]\">\n\t\t\t\t\t\t\t<div class=\"elementor-section-wrap\">\n\t\t\t\t\t\t\t<section class=\"elementor-section elementor-top-section elementor-element elementor-element-68e7aefc elementor-section-boxed elementor-section-height-default elementor-section-height-default\" data-id=\"68e7aefc\" data-element_type=\"section\">\n\t\t\t\t\t\t<div class=\"elementor-container elementor-column-gap-default\">\n\t\t\t\t\t<div class=\"elementor-column elementor-col-100 elementor-top-column elementor-element elementor-element-3cbcbffd\" data-id=\"3cbcbffd\" data-element_type=\"column\">\n\t\t\t<div class=\"elementor-widget-wrap elementor-element-populated\">\n\t\t\t\t\t\t\t\t<div class=\"elementor-element elementor-element-cda41b6 elementor-widget elementor-widget-text-editor\" data-id=\"cda41b6\" data-element_type=\"widget\" data-widget_type=\"text-editor.default\">\n\t\t\t\t<div class=\"elementor-widget-container\">\n\t\t\t\t\t<div class=\"elementor-text-editor elementor-clearfix\"><!-- wp:columns -->\n<div class=\"wp-block-columns\"><!-- wp:column -->\n<div class=\"wp-block-column\"><!-- wp:paragraph -->\n<p><strong>Urz\u0105d Gminy Ch\u0105\u015bno<\/strong>         <\/p>\n<!-- \/wp:paragraph -->\n\n<!-- wp:paragraph -->\n<p>Ch\u0105\u015bno 55,<br>99-413 Ch\u0105\u015bno<br>powiat \u0142owicki<br>wojew\u00f3dztwo \u0142\u00f3dzkie.<br>Tel.&nbsp;(046) 838-14-23<br>Tel.&nbsp;(046) 838-14-25&nbsp;<br>Tel.\/Fax: (046) 838-13-64.<br>BIP:&nbsp;<a href=\"http:\/\/bip.ugchasno.nv.pl\/\">http:\/\/bip.ugchasno.nv.pl<\/a><br>G\u0142\u00f3wny e-mail urz\u0119du: <a href=\"mailto:gmina@gminachasno.pl\">gmina@gminachasno.pl<\/a><br>Adres elektronicznej skrzynki podawczej:<strong> 61q0nybx65\/skrytka<\/strong><br>Adres do e-Dor\u0119cze\u0144: <strong>AE:PL-41608-95206-IUJRD-19<\/strong><br><\/p>\n<!-- \/wp:paragraph --><\/div>\n<!-- \/wp:column -->\n\n<!-- wp:column -->\n<div class=\"wp-block-column\"><\/div>\n<!-- \/wp:column --><\/div>\n<!-- \/wp:columns -->\n\n<!-- wp:paragraph -->\n<p><strong>Godziny pracy :&nbsp;<\/strong><br>od poniedzia\u0142ku do pi\u0105tku<br>w godzinach 7:00 &#8211; 15:00&nbsp;<\/p>\n<!-- \/wp:paragraph -->\n\n<!-- wp:table {\"hasFixedLayout\":false} -->\n<figure class=\"wp-block-table\"><table><tbody><tr><td><strong>W\u00f3jt Gminy<\/strong><br>Dariusz Reczulski<br>e-mail:&nbsp;<a href=\"mailto:reczulskidariusz@gminachasno.pl\">reczulskidariusz@gminachasno.pl<\/a><\/td><\/tr><tr><td><strong>Sekretarz Gminy<\/strong><br>Dorota Bogusz-Kurczak<br>pok\u00f3j nr 3<br>e-mail:&nbsp;<a href=\"mailto:sekretarz@gminachasno.pl\"><u>sekretarz@gminachasno.pl<\/u><\/a><\/td><\/tr><tr><td><strong>Skarbnik Gminy<\/strong><br>Anna Bielecka<br>pok\u00f3j nr 13<br>e-mail:&nbsp;<a href=\"mailto:skarbnik@gminachasno.pl\"><u>skarbnik@gminachasno.pl<\/u><\/a><\/td><\/tr><tr><td><strong>Stanowisko ds. organizacyjnych i obs\u0142ugi Rady Gminy<\/strong><br><br>pok\u00f3j nr 1 \u2013 sekretariat<br>e-mail:\u00a0<a href=\"mailto:gmina@gminachasno.pl\"><u>gmina@gminachasno.pl<\/u><\/a><\/td><\/tr><tr><td><strong>Stanowisko ds. wymiaru podatk\u00f3w<\/strong><br>Joanna Borowska<br>pok\u00f3j nr 11<br>e-mail:\u00a0<a href=\"mailto:joanna.borowska@gminachasno.pl\">joanna.borowska@gminachasno.pl<\/a><\/td><\/tr><tr><td><strong>Stanowisko ds. ksi\u0119gowo\u015bci podatkowej i op\u0142at<\/strong><br>Agata Kolos<br>pok\u00f3j nr 11<br>e-mail:&nbsp;<u><a href=\"mailto:justyna.soltysiak@gminachasno.pl\" class=\"ek-link\">agata.kolos<\/a><\/u><a href=\"mailto:justyna.soltysiak@gminachasno.pl\" class=\"ek-link\"><u>@gminachasno.pl<\/u><\/a><\/td><\/tr><tr><td><strong>Stanowisko ds. gospodarki odpadami i wymiaru op\u0142at<\/strong><br>Ma\u0142gorzata St\u0119pniewska<br>pok\u00f3j nr 11<br>e-mail:&nbsp;<a href=\"mailto:m.stepniewska@gminachasno.pl\"><u>m.stepniewska@gminachasno.pl<\/u><\/a><\/td><\/tr><tr><td><strong>Stanowisko ds. ksi\u0119gowo\u015bci bud\u017cetowej i obs\u0142ugi \u017c\u0142obka<\/strong><br>Marta Brodecka<br>pok\u00f3j nr 14<br>e-mail:\u00a0<a href=\"mailto:marta.brodecka@gminachasno.pl\"><u>marta.brodecka@gminachasno.pl<\/u><\/a><\/td><\/tr><tr><td><strong>Stanowisko ds. ksi\u0119gowo\u015bci bud\u017cetowej, kadr i p\u0142ac oraz rozlicze\u0144 p\u0142acowych<\/strong><br>Agnieszka Witkowska<br>pok\u00f3j nr 14<br>e-mail:\u00a0<a href=\"mailto:agnieszka.witkowska@gminachasno.pl\"><u>agnieszka.witkowska@gminachasno.pl<\/u><\/a><\/td><\/tr><tr><td><strong>Stanowisko ds. bud\u017cetu<\/strong><br>Magdalena Szadkowska<br>pok\u00f3j nr 12<br>e-mail:&nbsp;<a href=\"mailto:magdalenaszadkowska@gminachasno.pl\"><u>magdalenaszadkowska@gminachasno.pl<\/u><\/a><\/td><\/tr><tr><td><strong>Samodzielne stanowisko ds.gospodarki nieruchomo\u015bciami, inwestycji oraz planowania przestrzennego<\/strong><br>Monika Uczciwek<br>pok\u00f3j nr 8<br>e-mail:\u00a0<a href=\"inwestycje@gminachasno.pl\">inwestycje@gminachasno.pl<\/a><\/td><\/tr><tr><td><strong>Samodzielne stanowisko ds. ochrony \u015brodowiska, rolnictwa i dr\u00f3g<\/strong><br>Jaros\u0142aw Ko\u0142aczek<br>pok\u00f3j nr 10<br>e-mail:\u00a0<a href=\"mailto:jaroslaw.kolaczek@gminachasno.pl\"><u>jaroslaw.kolaczek@gminachasno.pl<\/u><\/a><\/td><\/tr><tr><td><strong>Zast\u0119pca Kierownika Urz\u0119du Stanu Cywilnego w Ch\u0105\u015bnie<\/strong><br>Ma\u0142gorzata Klimkiewicz<br>pok\u00f3j nr 16<br>e-mail:&nbsp;<a href=\"mailto:malgorzata.klimkiewicz@gminachasno.pl\">malgorzata.klimkiewicz@gminachasno.pl<\/a><\/td><\/tr><tr><td><strong>Stanowisko ds. obrony cywilnej, zarz\u0105dzania kryzysowego i obs\u0142ugi informatycznej<\/strong><br>Micha\u0142 Kajak<br>pok\u00f3j nr 16<br>e-mail:&nbsp;<a href=\"mailto:michal.kajak@gminachasno.pl\"><u>michal.kajak@gminachasno.pl<\/u><\/a><\/td><\/tr><tr><td><strong>Gminny O\u015brodek Pomocy Spo\u0142ecznej w Ch\u0105\u015bnie<\/strong><br>99-413 Ch\u0105\u015bno, Ch\u0105\u015bno 55<br>e-mail:&nbsp;<a href=\"mailto:gops@gminachasno.pl\">gops@gminachasno.pl<\/a><br>Tel.fax: (46) 838 14 23 wew.11<br>Godziny pracy: od poniedzia\u0142ku do pi\u0105tku w godzinach 7:00 &#8211; 15:00<\/td><\/tr><tr><td><strong>Przyjmowanie zg\u0142osze\u0144 zewn\u0119trznych<\/strong><br>e-mail: <a href=\"mailto:sygnalisci@gminachasno.pl\">sygnalisci@gminachasno.pl<\/a> <\/td><\/tr><tr><td><strong>Bank Sp\u00f3\u0142dzielczy Ziemi \u0141owickiej w \u0141owiczu O\/Ch\u0105\u015bno<\/strong><br>99-413 Ch\u0105\u015bno Ch\u0105\u015bno 55<br>Tel.\/fax: (046) 838-14-95, (046) 838-18-27<br>czynny:od poniedzia\u0142ku do pi\u0105tku w godzinach 7:00-15:00 kasa czynna do godziny 14:30<\/td><\/tr><tr><td><strong>Dom Kultury i Biblioteka Publiczna w Ch\u0105\u015bnie Drugim <\/strong><br>99-413 Ch\u0105\u015bno, Ch\u0105\u015bno Drugie 44A <br>e-mail:&nbsp;<a href=\"domkulturyy@gminachasno.pl\">domkulturyy@gminachasno.pl<\/a><br>Tel.\/fax: (046) 838-14-93<br>czynna: od poniedzia\u0142ku do czwartku w godzinach: 10.00 &#8211; 17.30 w pi\u0105tek w godzinach: 12.00 &#8211; 20.00 w sobot\u0119 w godzinach: 10.00 &#8211; 20.00<\/td><\/tr><tr><td><strong>Filia Urz\u0105d Pocztowy \u0141owicz 1<\/strong><br>99-413 Ch\u0105\u015bno, Ch\u0105\u015bno 55<br>czynna: od poniedzia\u0142ku do czwartku w godzinach: 8:00-12:00, 12:30-15:00 w pi\u0105tki w godzinach: 13:30-16:00, 16:30-20:00&nbsp;<\/td><\/tr><\/tbody><\/table><\/figure>\n<!-- \/wp:table -->\n\n<!-- wp:separator {\"opacity\":\"css\"} -->\n<hr class=\"wp-block-separator has-css-opacity\"\/>\n<!-- \/wp:separator -->\n\n<!-- wp:paragraph -->\n<p><\/p>\n<!-- \/wp:paragraph --><\/div>\n\t\t\t\t<\/div>\n\t\t\t\t<\/div>\n\t\t\t\t\t<\/div>\n\t\t<\/div>\n\t\t\t\t\t\t\t<\/div>\n\t\t<\/section>\n\t\t\t\t\t\t<\/div>\n\t\t\t\t\t<\/div>\n\t\t","protected":false},"excerpt":{"rendered":"<p>Urz\u0105d Gminy Ch\u0105\u015bno Ch\u0105\u015bno 55,99-413 Ch\u0105\u015bnopowiat \u0142owickiwojew\u00f3dztwo \u0142\u00f3dzkie.Tel.&nbsp;(046) 838-14-23Tel.&nbsp;(046) 838-14-25&nbsp;Tel.\/Fax: (046) 838-13-64.BIP:&nbsp;http:\/\/bip.ugchasno.nv.plG\u0142\u00f3wny e-mail urz\u0119du: gmina@gminachasno.plAdres elektronicznej skrzynki podawczej: 61q0nybx65\/skrytkaAdres do e-Dor\u0119cze\u0144: AE:PL-41608-95206-IUJRD-19 Godziny pracy :&nbsp;od poniedzia\u0142ku do pi\u0105tkuw godzinach 7:00 &#8211; 15:00&nbsp; W\u00f3jt Gminy Dariusz Reczulskie-mail:\u00a0reczulskidariusz@gminachasno.pl Sekretarz GminyDorota Bogusz-Kurczakpok\u00f3j nr 3e-mail:&nbsp;sekretarz@gminachasno.pl Skarbnik GminyMagdalena Szadkowskapok\u00f3j nr 13e-mail:&nbsp;skarbnik@gminachasno.pl Stanowisko ds. organizacyjnych i obs\u0142ugi Rady GminyNatalia Budza\u0142ekpok\u00f3j nr &hellip;<\/p>\n<p class=\"read-more\"> <a class=\"\" href=\"https:\/\/gminachasno.pl\/index.php\/kontakt\/\"> <span class=\"screen-reader-text\">KONTAKT<\/span> Read More &raquo;<\/a><\/p>\n","protected":false},"author":1,"featured_media":0,"parent":0,"menu_order":0,"comment_status":"closed","ping_status":"closed","template":"","meta":{"site-sidebar-layout":"default","site-content-layout":"default","ast-global-header-display":"","ast-main-header-display":"","ast-hfb-above-header-display":"","ast-hfb-below-header-display":"","ast-hfb-mobile-header-display":"","site-post-title":"","ast-breadcrumbs-content":"","ast-featured-img":"","footer-sml-layout":"","theme-transparent-header-meta":"default","adv-header-id-meta":"","stick-header-meta":"","header-above-stick-meta":"","header-main-stick-meta":"","header-below-stick-meta":"","footnotes":""},"class_list":["post-588","page","type-page","status-publish","hentry"],"_links":{"self":[{"href":"https:\/\/gminachasno.pl\/index.php\/wp-json\/wp\/v2\/pages\/588","targetHints":{"allow":["GET"]}}],"collection":[{"href":"https:\/\/gminachasno.pl\/index.php\/wp-json\/wp\/v2\/pages"}],"about":[{"href":"https:\/\/gminachasno.pl\/index.php\/wp-json\/wp\/v2\/types\/page"}],"author":[{"embeddable":true,"href":"https:\/\/gminachasno.pl\/index.php\/wp-json\/wp\/v2\/users\/1"}],"replies":[{"embeddable":true,"href":"https:\/\/gminachasno.pl\/index.php\/wp-json\/wp\/v2\/comments?post=588"}],"version-history":[{"count":24,"href":"https:\/\/gminachasno.pl\/index.php\/wp-json\/wp\/v2\/pages\/588\/revisions"}],"predecessor-version":[{"id":7100,"href":"https:\/\/gminachasno.pl\/index.php\/wp-json\/wp\/v2\/pages\/588\/revisions\/7100"}],"wp:attachment":[{"href":"https:\/\/gminachasno.pl\/index.php\/wp-json\/wp\/v2\/media?parent=588"}],"curies":[{"name":"wp","href":"https:\/\/api.w.org\/{rel}","templated":true}]}}