{"id":583,"date":"2021-05-10T07:03:17","date_gmt":"2021-05-10T05:03:17","guid":{"rendered":"http:\/\/it3.home.pl\/gmina_chasno\/?page_id=583"},"modified":"2021-05-30T01:06:43","modified_gmt":"2021-05-29T23:06:43","slug":"decyzje","status":"publish","type":"page","link":"https:\/\/gminachasno.pl\/index.php\/decyzje\/","title":{"rendered":"DECYZJE"},"content":{"rendered":"\n<h1 class=\"wp-block-heading\">Decyzja o warunkach zabudowy<\/h1>\n\n\n\n<p class=\"has-text-align-justify\"><strong>WYMAGANE DOKUMENTY:&nbsp;<\/strong><br>Wniosek o ustalenie warunk\u00f3w zabudowy powinien zawiera\u0107 dane i informacje okre\u015blone art. 52 i 61 ustawy z dnia 27 marca 2003r. o planowaniu i zagospodarowaniu przestrzennym (Dz. U. z 2003 r., Nr 80, poz. 717), tj.:okre\u015blenie terenu inwestycji i obszaru na, kt\u00f3ry inwestycja b\u0119dzie oddzia\u0142ywa\u0107,okre\u015blenie zapotrzebowania na wod\u0119, energi\u0119 oraz sposobu odprowadzania lub oczyszczania \u015bciek\u00f3w, a tak\u017ce innych potrzeb w zakresie infrastruktury technicznej, a w razie potrzeby r\u00f3wnie\u017c sposobu unieszkodliwiania odpad\u00f3w, (nale\u017cy poda\u0107 informacje, czy istniej\u0105ce lub projektowane uzbrojenie terenu jest wystarczaj\u0105ce dla zamierzenia budowlanego, warunek ten uznaje si\u0119 za spe\u0142niony je\u017celi do wniosku zostan\u0105 do\u0142\u0105czone umowy zawarte mi\u0119dzy w\u0142a\u015bciw\u0105 jednostk\u0119 organizacyjna a inwestorem, gwarantuj\u0105ce wykonanie uzbrojenia),okre\u015blenie planowanego sposobu zagospodarowania terenu oraz charakterystyki zabudowy i zagospodarowania terenu, w tym przeznaczenia i gabaryt\u00f3w projektowanych obiekt\u00f3w budowlanych, przedstawione w formie opisowej i graficznej,okre\u015blenie charakterystycznych parametr\u00f3w technicznych inwestycji oraz dane charakteryzuj\u0105ce jej wp\u0142yw na \u015brodowisko (powierzchni\u0105 zajmowanej nieruchomo\u015bci, a tak\u017ce obiekt\u00f3w budowlanych oraz dotychczasowym sposobie ich wykorzystania i pokryciu szat\u0105 ro\u015blinn\u0105, rodzaj technologii, przewidywan\u0105 ilo\u015b\u0107 wykorzystywanej wody i innych wykorzystywanych surowc\u00f3w, materia\u0142\u00f3w, paliw oraz energii, rozwi\u0105zania chroni\u0105ce \u015brodowiskorodzaje i przewidywane ilo\u015bci wprowadzanych do \u015brodowiska substancji (np. pierwiastki chemiczne i ich zwi\u0105zki, mieszaniny lub roztwory wyst\u0119puj\u0105ce w \u015brodowisku lub powsta\u0142e w wyniku dzia\u0142alno\u015bci cz\u0142owieka) lub energii (takie jak ciep\u0142o, ha\u0142as, wibracje lub pola elektroenergetyczne ) przy zastosowaniu rozwi\u0105za\u0144 chroni\u0105cych \u015brodowisko),wykazanie dost\u0119pu terenu inwestycji do drogi publicznej (w przypadku, kiedy teren inwestycji nie przylega bezpo\u015brednio do drogi publicznej),okre\u015blenie wielko\u015bci powierzchni sprzeda\u017cowej, w przypadku planowanej budowy obiektu handlowego,wykazanie posiadania gospodarstwa rolnego o powierzchni przekraczaj\u0105cej \u015bredni\u0105 powierzchni\u0105 gospodarstwa rolnego w Gminie Ch\u0105\u015bno (w przypadku ubiegania si\u0119 o ustalenie warunk\u00f3w zabudowy dla zabudowy zwi\u0105zanej z gospodarstwem rolnym),<\/p>\n\n\n\n<p class=\"has-text-align-justify\"><strong>OP\u0141ATY:&nbsp;<\/strong><br>decyzja dotycz\u0105ca budynk\u00f3w mieszkalnych &#8211; zwolnione od op\u0142atydecyzja dotycz\u0105ca budynk\u00f3w i budowli wraz z urz\u0105dzeniami budowlanymi technicznymi, przeznaczonych na dzia\u0142alno\u015b\u0107 zwi\u0105zan\u0105 z produkcj\u0105, handlem, administracj\u0105, rzemios\u0142em, wystawiennictwem, kultem religijnym, budynk\u00f3w gospodarczych, gara\u017cy i budynk\u00f3w o funkcji mieszanej, pozosta\u0142ych przedsi\u0119wzi\u0119\u0107 &#8211; 107 z\u0142<\/p>\n\n\n\n<p><strong>JEDNOSTKA ODPOWIEDZIALNA:<\/strong>&nbsp;<br>Urz\u0105d Gminy Ch\u0105\u015bno, pok\u00f3j nr 10, tel. (46) 838-14-25<\/p>\n\n\n\n<p class=\"has-text-align-justify\"><strong>TERMIN ODPOWIEDZI:&nbsp;<\/strong><br>1 miesi\u0105c (nie wlicza si\u0119 do terminu procedury uzgadniania warunk\u00f3w zabudowy z innymi organami, odwo\u0142awczej i termin\u00f3w przewidzianych na zawiadomienie stron), a w sprawach szczeg\u00f3lnie skomplikowanych (np. przedsi\u0119wzi\u0119cia mog\u0105ce pogorszy\u0107 stan \u015brodowiska, niekt\u00f3re inwestycje liniowe) mo\u017ce nast\u0105pi\u0107 wyd\u0142u\u017cenie czasu post\u0119powania administracyjnego.<\/p>\n\n\n\n<p class=\"has-text-align-justify\"><strong>TRYB ODWO\u0141AWCZY:&nbsp;<\/strong><br>Wnioskodawcy przys\u0142uguje prawo z\u0142o\u017cenia odwo\u0142ania do Samorz\u0105dowego Kolegium Odwo\u0142awczego, w terminie 14 dni od dor\u0119czenia decyzji za po\u015brednictwem W\u00f3jta, kt\u00f3ry wyda\u0142 decyzj\u0119.<\/p>\n\n\n\n<p class=\"has-text-align-justify\"><strong>UWAGI:<\/strong>&nbsp;<br>Opis procedury:<br>ustalenie stron post\u0119powania,wszcz\u0119cie przez urz\u0105d post\u0119powania administracyjnego &#8211; zawiadomienie zainteresowanych stron (w zasadzie w\u0142a\u015bcicieli nieruchomo\u015bci obj\u0119tych wnioskiem i s\u0105siednich),uzgodnienie inwestycji z wojewod\u0105, zarz\u0105dem wojew\u00f3dztwa i zarz\u0105dem powiatu w zakresie zada\u0144 samorz\u0105dowych i rz\u0105dowych,ewentualne uzgodnienie inwestycji przez kompetentne organy np. wojew\u00f3dzkiego konserwatora zabytk\u00f3w, wojew\u00f3dzkiego konserwatora przyrody, powiatowego lub wojew\u00f3dzkiego inspektora sanitarnego, starost\u0105,przyjecie ewentualnych uwag, zastrze\u017ce\u0144 i wniosk\u00f3w dotycz\u0105cych inwestycji,wydanie decyzji i przekazanie decyzji zainteresowanym stronom (o formie odbioru decyzji decyduje wnioskodawca),przyj\u0119cie ewentualnych odwo\u0142a\u0144, a nast\u0119pnie przekazanie odwo\u0142a\u0144 do rozpatrzenia organowi II instancji,uprawomocnienie decyzji.<\/p>\n\n\n\n<p class=\"has-text-align-justify\"><strong>PODSTAWA PRAWNA:&nbsp;<\/strong><br>Art. 59 ustawy z dnia 27 marca 2003r. o planowaniu i zagospodarowaniu przestrzennym (Dz. U. z 2003 r., Nr 80, poz. 717 z p\u00f3\u0142. zm.)ZA\u0141\u0104CZNIKI:&nbsp;Wniosek o wydanie decyzji o warunkach zabudowyZa\u0142\u0105cznik graficzny obejmuj\u0105cy teren przysz\u0142ej inwestycji<\/p>\n","protected":false},"excerpt":{"rendered":"<p>Decyzja o warunkach zabudowy WYMAGANE DOKUMENTY:&nbsp;Wniosek o ustalenie warunk\u00f3w zabudowy powinien zawiera\u0107 dane i informacje okre\u015blone art. 52 i 61 ustawy z dnia 27 marca 2003r. o planowaniu i zagospodarowaniu przestrzennym (Dz. U. z 2003 r., Nr 80, poz. 717), tj.:okre\u015blenie terenu inwestycji i obszaru na, kt\u00f3ry inwestycja b\u0119dzie oddzia\u0142ywa\u0107,okre\u015blenie zapotrzebowania na wod\u0119, energi\u0119 oraz &hellip;<\/p>\n<p class=\"read-more\"> <a class=\"\" href=\"https:\/\/gminachasno.pl\/index.php\/decyzje\/\"> <span class=\"screen-reader-text\">DECYZJE<\/span> Read More &raquo;<\/a><\/p>\n","protected":false},"author":1,"featured_media":0,"parent":0,"menu_order":0,"comment_status":"closed","ping_status":"closed","template":"","meta":{"site-sidebar-layout":"default","site-content-layout":"default","ast-global-header-display":"","ast-main-header-display":"","ast-hfb-above-header-display":"","ast-hfb-below-header-display":"","ast-hfb-mobile-header-display":"","site-post-title":"","ast-breadcrumbs-content":"","ast-featured-img":"","footer-sml-layout":"","theme-transparent-header-meta":"default","adv-header-id-meta":"","stick-header-meta":"","header-above-stick-meta":"","header-main-stick-meta":"","header-below-stick-meta":"","footnotes":""},"class_list":["post-583","page","type-page","status-publish","hentry"],"_links":{"self":[{"href":"https:\/\/gminachasno.pl\/index.php\/wp-json\/wp\/v2\/pages\/583","targetHints":{"allow":["GET"]}}],"collection":[{"href":"https:\/\/gminachasno.pl\/index.php\/wp-json\/wp\/v2\/pages"}],"about":[{"href":"https:\/\/gminachasno.pl\/index.php\/wp-json\/wp\/v2\/types\/page"}],"author":[{"embeddable":true,"href":"https:\/\/gminachasno.pl\/index.php\/wp-json\/wp\/v2\/users\/1"}],"replies":[{"embeddable":true,"href":"https:\/\/gminachasno.pl\/index.php\/wp-json\/wp\/v2\/comments?post=583"}],"version-history":[{"count":2,"href":"https:\/\/gminachasno.pl\/index.php\/wp-json\/wp\/v2\/pages\/583\/revisions"}],"predecessor-version":[{"id":1495,"href":"https:\/\/gminachasno.pl\/index.php\/wp-json\/wp\/v2\/pages\/583\/revisions\/1495"}],"wp:attachment":[{"href":"https:\/\/gminachasno.pl\/index.php\/wp-json\/wp\/v2\/media?parent=583"}],"curies":[{"name":"wp","href":"https:\/\/api.w.org\/{rel}","templated":true}]}}