{"id":577,"date":"2021-05-10T06:56:07","date_gmt":"2021-05-10T04:56:07","guid":{"rendered":"http:\/\/it3.home.pl\/gmina_chasno\/?page_id=577"},"modified":"2023-12-04T08:43:38","modified_gmt":"2023-12-04T07:43:38","slug":"wypisy-wyrysy","status":"publish","type":"page","link":"https:\/\/gminachasno.pl\/index.php\/wypisy-wyrysy\/","title":{"rendered":"WYPISY, WYRYSY"},"content":{"rendered":"\n<h1 class=\"wp-block-heading\">Wydanie wypisu, wyrysu z miejscowego planu zagospodarowania przestrzennego<\/h1>\n\n\n\n<p><\/p>\n\n\n\n<p><strong>WYMAGANE DOKUMENTY:<\/strong><\/p>\n\n\n\n<p>Wypis\/wyrys wydawany jest na wniosek.<\/p>\n\n\n\n<p><strong>Podlega op\u0142acie skarbowej:<\/strong><\/p>\n\n\n\n<ol class=\"wp-block-list\">\n<li>30 z\u0142 za wypis do 5 stron A4<\/li>\n\n\n\n<li>50 z\u0142 za wypis powy\u017cej 5 stron A4<\/li>\n\n\n\n<li>20 z\u0142 za wyrys za ka\u017cd\u0105 stron\u0119 A4 (nie wi\u0119cej ni\u017c 200z\u0142)<\/li>\n<\/ol>\n\n\n\n<p>Wp\u0142ata na rachunek bankowy Urz\u0119du Gminy Ch\u0105\u015bno: 29 9288 1112 1014 7164 2000 0010<\/p>\n\n\n\n<p><strong>JEDNOSTKA ODPOWIEDZIALNA:<\/strong><\/p>\n\n\n\n<p>Urz\u0105d Gminy Ch\u0105\u015bno, pok\u00f3j nr 7<\/p>\n\n\n\n<p><strong>ZA\u0141\u0104CZNIK:<\/strong> <\/p>\n\n\n\n<p><a href=\"https:\/\/gminachasno.pl\/wp-content\/uploads\/2023\/12\/Wniosek-wypis-wyrys-MPZP.pdf\">Pobierz Wniosek<\/a><\/p>\n","protected":false},"excerpt":{"rendered":"<p>Wydanie wypisu, wyrysu z miejscowego planu zagospodarowania przestrzennego WYMAGANE DOKUMENTY: Wypis\/wyrys wydawany jest na wniosek. Podlega op\u0142acie skarbowej: Wp\u0142ata na rachunek bankowy Urz\u0119du Gminy Ch\u0105\u015bno: 29 9288 1112 1014 7164 2000 0010 JEDNOSTKA ODPOWIEDZIALNA: Urz\u0105d Gminy Ch\u0105\u015bno, pok\u00f3j nr 7 ZA\u0141\u0104CZNIK: Pobierz Wniosek<\/p>\n","protected":false},"author":1,"featured_media":0,"parent":0,"menu_order":0,"comment_status":"closed","ping_status":"closed","template":"","meta":{"site-sidebar-layout":"default","site-content-layout":"default","ast-global-header-display":"","ast-main-header-display":"","ast-hfb-above-header-display":"","ast-hfb-below-header-display":"","ast-hfb-mobile-header-display":"","site-post-title":"","ast-breadcrumbs-content":"","ast-featured-img":"","footer-sml-layout":"","theme-transparent-header-meta":"default","adv-header-id-meta":"","stick-header-meta":"","header-above-stick-meta":"","header-main-stick-meta":"","header-below-stick-meta":"","footnotes":""},"class_list":["post-577","page","type-page","status-publish","hentry"],"_links":{"self":[{"href":"https:\/\/gminachasno.pl\/index.php\/wp-json\/wp\/v2\/pages\/577","targetHints":{"allow":["GET"]}}],"collection":[{"href":"https:\/\/gminachasno.pl\/index.php\/wp-json\/wp\/v2\/pages"}],"about":[{"href":"https:\/\/gminachasno.pl\/index.php\/wp-json\/wp\/v2\/types\/page"}],"author":[{"embeddable":true,"href":"https:\/\/gminachasno.pl\/index.php\/wp-json\/wp\/v2\/users\/1"}],"replies":[{"embeddable":true,"href":"https:\/\/gminachasno.pl\/index.php\/wp-json\/wp\/v2\/comments?post=577"}],"version-history":[{"count":7,"href":"https:\/\/gminachasno.pl\/index.php\/wp-json\/wp\/v2\/pages\/577\/revisions"}],"predecessor-version":[{"id":4028,"href":"https:\/\/gminachasno.pl\/index.php\/wp-json\/wp\/v2\/pages\/577\/revisions\/4028"}],"wp:attachment":[{"href":"https:\/\/gminachasno.pl\/index.php\/wp-json\/wp\/v2\/media?parent=577"}],"curies":[{"name":"wp","href":"https:\/\/api.w.org\/{rel}","templated":true}]}}