{"id":533,"date":"2021-05-10T06:13:52","date_gmt":"2021-05-10T04:13:52","guid":{"rendered":"http:\/\/it3.home.pl\/gmina_chasno\/?page_id=533"},"modified":"2025-10-29T13:01:01","modified_gmt":"2025-10-29T12:01:01","slug":"wykaz-solectw","status":"publish","type":"page","link":"https:\/\/gminachasno.pl\/index.php\/wykaz-solectw\/","title":{"rendered":"WYKAZ SO\u0141ECTW"},"content":{"rendered":"\n<p>Na terenie Gminy Ch\u0105\u015bno znajduje si\u0119 16 so\u0142ectw j.n:&nbsp;<\/p>\n\n\n\n\n\n<figure class=\"wp-block-table\"><table><tbody><tr><td rowspan=\"2\"><strong>Lp<\/strong><\/td><td rowspan=\"2\"><strong>Nazwa so\u0142ectwa<\/strong><\/td><td colspan=\"2\"><strong>So\u0142tys<\/strong><\/td><\/tr><tr><td><strong>Imi\u0119<\/strong><\/td><td><strong>Nazwisko<\/strong><\/td><\/tr><tr><td>1<\/td><td>B\u0142\u0119d\u00f3w<\/td><td>Robert<\/td><td>Sobieszek<\/td><\/tr><tr><td>2<\/td><td>Ch\u0105\u015bno<\/td><td>Pawe\u0142<\/td><td>Salamon<\/td><\/tr><tr><td>3<\/td><td>Ch\u0105\u015bno Drugie<\/td><td>Katarzyna<\/td><td>Grzegory<\/td><\/tr><tr><td>4<\/td><td>Gole\u0144sko<\/td><td>Bo\u017cena<\/td><td>Brodecka<\/td><\/tr><tr><td>5<\/td><td>Karnk\u00f3w<\/td><td>Stanis\u0142aw<\/td><td>Myszewski<\/td><\/tr><tr><td>6<\/td><td>Karsznice Du\u017ce<\/td><td>Ma\u0142gorzata<\/td><td>Wasilewska<\/td><\/tr><tr><td>7<\/td><td>Karsznice Ma\u0142e<\/td><td>Bogdan<\/td><td>Witkowski<\/td><\/tr><tr><td>8<\/td><td>Marianka<\/td><td>Janusz<\/td><td>Majer<\/td><\/tr><tr><td>9<\/td><td>Mastki<\/td><td>Marian<\/td><td>Tokarski<\/td><\/tr><tr><td>10<\/td><td>Niespusza-Wie\u015b<\/td><td>Dominik<\/td><td>Bia\u0142kowski<\/td><\/tr><tr><td>11<\/td><td>Nowa Niespusza<\/td><td>Martyna<\/td><td>Cichosz<\/td><\/tr><tr><td>12<\/td><td>Przemys\u0142\u00f3w<\/td><td>Aleksandra<\/td><td>Siekiera<\/td><\/tr><tr><td>13<\/td><td>Sier\u017cniki<\/td><td>Irena<\/td><td>Kolos<\/td><\/tr><tr><td>14<\/td><td>Skowroda Po\u0142udniowa<\/td><td>Adela<\/td><td>Latoszewska<\/td><\/tr><tr><td>15<\/td><td>Skowroda P\u00f3\u0142nocna<\/td><td>Pawe\u0142<\/td><td>Ozimek<\/td><\/tr><tr><td>16<\/td><td>Wybor\u00f3w<\/td><td>Wiktor<\/td><td>Lis<\/td><\/tr><\/tbody><\/table><\/figure>\n","protected":false},"excerpt":{"rendered":"<p>Na terenie Gminy Ch\u0105\u015bno znajduje si\u0119 16 so\u0142ectw j.n:&nbsp; Lp Nazwa so\u0142ectwa So\u0142tys Imi\u0119 Nazwisko 1 B\u0142\u0119d\u00f3w Robert Sobieszek 2 Ch\u0105\u015bno Pawe\u0142 Salamon 3 Ch\u0105\u015bno Drugie Katarzyna Grzegory 4 Gole\u0144sko Bo\u017cena Brodecka 5 Karnk\u00f3w Stanis\u0142aw Myszewski 6 Karsznice Du\u017ce Ma\u0142gorzata Wasilewska 7 Karsznice Ma\u0142e Bogdan Witkowski 8 Marianka Janusz Majer 9 Mastki Marian Tokarski 10 &hellip;<\/p>\n<p class=\"read-more\"> <a class=\"\" href=\"https:\/\/gminachasno.pl\/index.php\/wykaz-solectw\/\"> <span class=\"screen-reader-text\">WYKAZ SO\u0141ECTW<\/span> Read More &raquo;<\/a><\/p>\n","protected":false},"author":1,"featured_media":0,"parent":0,"menu_order":0,"comment_status":"closed","ping_status":"closed","template":"","meta":{"site-sidebar-layout":"default","site-content-layout":"default","ast-global-header-display":"","ast-main-header-display":"","ast-hfb-above-header-display":"","ast-hfb-below-header-display":"","ast-hfb-mobile-header-display":"","site-post-title":"","ast-breadcrumbs-content":"","ast-featured-img":"","footer-sml-layout":"","theme-transparent-header-meta":"default","adv-header-id-meta":"","stick-header-meta":"","header-above-stick-meta":"","header-main-stick-meta":"","header-below-stick-meta":"","footnotes":""},"class_list":["post-533","page","type-page","status-publish","hentry"],"_links":{"self":[{"href":"https:\/\/gminachasno.pl\/index.php\/wp-json\/wp\/v2\/pages\/533","targetHints":{"allow":["GET"]}}],"collection":[{"href":"https:\/\/gminachasno.pl\/index.php\/wp-json\/wp\/v2\/pages"}],"about":[{"href":"https:\/\/gminachasno.pl\/index.php\/wp-json\/wp\/v2\/types\/page"}],"author":[{"embeddable":true,"href":"https:\/\/gminachasno.pl\/index.php\/wp-json\/wp\/v2\/users\/1"}],"replies":[{"embeddable":true,"href":"https:\/\/gminachasno.pl\/index.php\/wp-json\/wp\/v2\/comments?post=533"}],"version-history":[{"count":7,"href":"https:\/\/gminachasno.pl\/index.php\/wp-json\/wp\/v2\/pages\/533\/revisions"}],"predecessor-version":[{"id":6732,"href":"https:\/\/gminachasno.pl\/index.php\/wp-json\/wp\/v2\/pages\/533\/revisions\/6732"}],"wp:attachment":[{"href":"https:\/\/gminachasno.pl\/index.php\/wp-json\/wp\/v2\/media?parent=533"}],"curies":[{"name":"wp","href":"https:\/\/api.w.org\/{rel}","templated":true}]}}