{"id":509,"date":"2021-05-10T05:52:39","date_gmt":"2021-05-10T03:52:39","guid":{"rendered":"http:\/\/it3.home.pl\/gmina_chasno\/?page_id=509"},"modified":"2021-05-30T01:13:45","modified_gmt":"2021-05-29T23:13:45","slug":"insygnia-gminy-chasno","status":"publish","type":"page","link":"https:\/\/gminachasno.pl\/index.php\/insygnia-gminy-chasno\/","title":{"rendered":"INSYGNIA GMINY CH\u0104\u015aNO"},"content":{"rendered":"\n<p><strong>ZNAKI GMINY CH\u0104\u015aNO<\/strong><\/p>\n\n\n\n<p><strong>HERB GMINY<\/strong>&nbsp;<\/p>\n\n\n\n<p class=\"has-text-align-justify\">W polu b\u0142\u0119kitnym dwie lilie srebrne(bia\u0142e) u g\u0142owicy poni\u017cej trzy k\u0142osy z\u0142ote (\u017c\u00f3\u0142te) w wachlarz.<\/p>\n\n\n\n<figure class=\"wp-block-image size-large\"><img loading=\"lazy\" decoding=\"async\" width=\"500\" height=\"552\" src=\"http:\/\/it3.home.pl\/gmina_chasno\/wp-content\/uploads\/2021\/05\/herbgminy.jpg\" alt=\"\" class=\"wp-image-510\" srcset=\"https:\/\/gminachasno.pl\/wp-content\/uploads\/2021\/05\/herbgminy.jpg 500w, https:\/\/gminachasno.pl\/wp-content\/uploads\/2021\/05\/herbgminy-272x300.jpg 272w\" sizes=\"auto, (max-width: 500px) 100vw, 500px\" \/><\/figure>\n\n\n\n<p><strong>FLAGA GMINY<\/strong>&nbsp;<\/p>\n\n\n\n<p class=\"has-text-align-justify\">P\u0142at dzielony na trzy s\u0142upy: \u017c\u00f3\u0142ty, b\u0142\u0119kitny, \u017c\u00f3\u0142ty. Centralnie na s\u0142upie b\u0142\u0119kitnym god\u0142o herbu gminy.<\/p>\n\n\n\n<figure class=\"wp-block-image size-large\"><img loading=\"lazy\" decoding=\"async\" width=\"804\" height=\"504\" src=\"http:\/\/it3.home.pl\/gmina_chasno\/wp-content\/uploads\/2021\/05\/flaga.jpg\" alt=\"\" class=\"wp-image-511\" srcset=\"https:\/\/gminachasno.pl\/wp-content\/uploads\/2021\/05\/flaga.jpg 804w, https:\/\/gminachasno.pl\/wp-content\/uploads\/2021\/05\/flaga-300x188.jpg 300w, https:\/\/gminachasno.pl\/wp-content\/uploads\/2021\/05\/flaga-768x481.jpg 768w\" sizes=\"auto, (max-width: 804px) 100vw, 804px\" \/><\/figure>\n","protected":false},"excerpt":{"rendered":"<p>ZNAKI GMINY CH\u0104\u015aNO HERB GMINY&nbsp; W polu b\u0142\u0119kitnym dwie lilie srebrne(bia\u0142e) u g\u0142owicy poni\u017cej trzy k\u0142osy z\u0142ote (\u017c\u00f3\u0142te) w wachlarz. FLAGA GMINY&nbsp; P\u0142at dzielony na trzy s\u0142upy: \u017c\u00f3\u0142ty, b\u0142\u0119kitny, \u017c\u00f3\u0142ty. Centralnie na s\u0142upie b\u0142\u0119kitnym god\u0142o herbu gminy.<\/p>\n","protected":false},"author":1,"featured_media":0,"parent":0,"menu_order":0,"comment_status":"closed","ping_status":"closed","template":"","meta":{"site-sidebar-layout":"default","site-content-layout":"default","ast-global-header-display":"","ast-main-header-display":"","ast-hfb-above-header-display":"","ast-hfb-below-header-display":"","ast-hfb-mobile-header-display":"","site-post-title":"","ast-breadcrumbs-content":"","ast-featured-img":"","footer-sml-layout":"","theme-transparent-header-meta":"default","adv-header-id-meta":"","stick-header-meta":"","header-above-stick-meta":"","header-main-stick-meta":"","header-below-stick-meta":"","footnotes":""},"class_list":["post-509","page","type-page","status-publish","hentry"],"_links":{"self":[{"href":"https:\/\/gminachasno.pl\/index.php\/wp-json\/wp\/v2\/pages\/509","targetHints":{"allow":["GET"]}}],"collection":[{"href":"https:\/\/gminachasno.pl\/index.php\/wp-json\/wp\/v2\/pages"}],"about":[{"href":"https:\/\/gminachasno.pl\/index.php\/wp-json\/wp\/v2\/types\/page"}],"author":[{"embeddable":true,"href":"https:\/\/gminachasno.pl\/index.php\/wp-json\/wp\/v2\/users\/1"}],"replies":[{"embeddable":true,"href":"https:\/\/gminachasno.pl\/index.php\/wp-json\/wp\/v2\/comments?post=509"}],"version-history":[{"count":3,"href":"https:\/\/gminachasno.pl\/index.php\/wp-json\/wp\/v2\/pages\/509\/revisions"}],"predecessor-version":[{"id":1507,"href":"https:\/\/gminachasno.pl\/index.php\/wp-json\/wp\/v2\/pages\/509\/revisions\/1507"}],"wp:attachment":[{"href":"https:\/\/gminachasno.pl\/index.php\/wp-json\/wp\/v2\/media?parent=509"}],"curies":[{"name":"wp","href":"https:\/\/api.w.org\/{rel}","templated":true}]}}