{"id":499,"date":"2021-05-10T05:46:47","date_gmt":"2021-05-10T03:46:47","guid":{"rendered":"http:\/\/it3.home.pl\/gmina_chasno\/?page_id=499"},"modified":"2021-05-30T01:25:02","modified_gmt":"2021-05-29T23:25:02","slug":"polozenie","status":"publish","type":"page","link":"https:\/\/gminachasno.pl\/index.php\/polozenie\/","title":{"rendered":"PO\u0141O\u017bENIE"},"content":{"rendered":"\n<p class=\"has-text-align-justify\">Gmina Ch\u0105\u015bno usytuowana jest w centralnej cz\u0119\u015bci Polski w wojew\u00f3dztwie \u0142\u00f3dzkim, w p\u00f3\u0142nocnej cz\u0119\u015bci powiatu \u0142owickiego w odleg\u0142o\u015bci 10 km od \u0141owicza wzd\u0142u\u017c trasy \u0141owicz &#8211; Sanniki. Nale\u017cy ona do grupy mniejszych gmin wiejskich powiatu \u0142owickiego zar\u00f3wno pod wzgl\u0119dem powierzchni jak i liczby mieszka\u0144c\u00f3w.<\/p>\n\n\n\n<figure class=\"wp-block-image size-large\"><img loading=\"lazy\" decoding=\"async\" width=\"619\" height=\"761\" src=\"http:\/\/it3.home.pl\/gmina_chasno\/wp-content\/uploads\/2021\/05\/mapa_gminy.jpg\" alt=\"\" class=\"wp-image-500\" srcset=\"https:\/\/gminachasno.pl\/wp-content\/uploads\/2021\/05\/mapa_gminy.jpg 619w, https:\/\/gminachasno.pl\/wp-content\/uploads\/2021\/05\/mapa_gminy-244x300.jpg 244w\" sizes=\"auto, (max-width: 619px) 100vw, 619px\" \/><\/figure>\n","protected":false},"excerpt":{"rendered":"<p>Gmina Ch\u0105\u015bno usytuowana jest w centralnej cz\u0119\u015bci Polski w wojew\u00f3dztwie \u0142\u00f3dzkim, w p\u00f3\u0142nocnej cz\u0119\u015bci powiatu \u0142owickiego w odleg\u0142o\u015bci 10 km od \u0141owicza wzd\u0142u\u017c trasy \u0141owicz &#8211; Sanniki. Nale\u017cy ona do grupy mniejszych gmin wiejskich powiatu \u0142owickiego zar\u00f3wno pod wzgl\u0119dem powierzchni jak i liczby mieszka\u0144c\u00f3w.<\/p>\n","protected":false},"author":1,"featured_media":0,"parent":0,"menu_order":0,"comment_status":"closed","ping_status":"closed","template":"","meta":{"site-sidebar-layout":"default","site-content-layout":"default","ast-global-header-display":"","ast-main-header-display":"","ast-hfb-above-header-display":"","ast-hfb-below-header-display":"","ast-hfb-mobile-header-display":"","site-post-title":"","ast-breadcrumbs-content":"","ast-featured-img":"","footer-sml-layout":"","theme-transparent-header-meta":"default","adv-header-id-meta":"","stick-header-meta":"","header-above-stick-meta":"","header-main-stick-meta":"","header-below-stick-meta":"","footnotes":""},"class_list":["post-499","page","type-page","status-publish","hentry"],"_links":{"self":[{"href":"https:\/\/gminachasno.pl\/index.php\/wp-json\/wp\/v2\/pages\/499","targetHints":{"allow":["GET"]}}],"collection":[{"href":"https:\/\/gminachasno.pl\/index.php\/wp-json\/wp\/v2\/pages"}],"about":[{"href":"https:\/\/gminachasno.pl\/index.php\/wp-json\/wp\/v2\/types\/page"}],"author":[{"embeddable":true,"href":"https:\/\/gminachasno.pl\/index.php\/wp-json\/wp\/v2\/users\/1"}],"replies":[{"embeddable":true,"href":"https:\/\/gminachasno.pl\/index.php\/wp-json\/wp\/v2\/comments?post=499"}],"version-history":[{"count":2,"href":"https:\/\/gminachasno.pl\/index.php\/wp-json\/wp\/v2\/pages\/499\/revisions"}],"predecessor-version":[{"id":1521,"href":"https:\/\/gminachasno.pl\/index.php\/wp-json\/wp\/v2\/pages\/499\/revisions\/1521"}],"wp:attachment":[{"href":"https:\/\/gminachasno.pl\/index.php\/wp-json\/wp\/v2\/media?parent=499"}],"curies":[{"name":"wp","href":"https:\/\/api.w.org\/{rel}","templated":true}]}}