{"id":494,"date":"2021-05-10T05:40:03","date_gmt":"2021-05-10T03:40:03","guid":{"rendered":"http:\/\/it3.home.pl\/gmina_chasno\/?page_id=494"},"modified":"2021-05-30T01:05:51","modified_gmt":"2021-05-29T23:05:51","slug":"charakterystyka-gminy","status":"publish","type":"page","link":"https:\/\/gminachasno.pl\/index.php\/charakterystyka-gminy\/","title":{"rendered":"CHARAKTERYSTYKA GMINY"},"content":{"rendered":"\n<p><strong>Liczba ludno\u015bci: 3 076 mieszka\u0144c\u00f3w<\/strong><\/p>\n\n\n\n<p><strong>Obszar las\u00f3w: 85 ha<\/strong>&nbsp;<\/p>\n\n\n\n<p class=\"has-text-align-justify\">Gmina Ch\u0105\u015bno usytuowana jest w centralnej cz\u0119\u015bci Polski na obszarze 72 km2, w p\u00f3\u0142nocnej cz\u0119\u015bci powiatu \u0142owickiego w odleg\u0142o\u015bci 10 km od \u0141owicza wzd\u0142u\u017c trasy \u0141owicz \u2013 Sanniki. Nale\u017cy ona do grupy mniejszych gmin wiejskich powiatu \u0142owickiego zar\u00f3wno pod wzgl\u0119dem powierzchni jak i liczby mieszka\u0144c\u00f3w. W sk\u0142ad Gminy Ch\u0105\u015bno wchodz\u0105 miejscowo\u015bci: B\u0142\u0119d\u00f3w, Ch\u0105\u015bno, Ch\u0105\u015bno Drugie, Gole\u0144sko, Karnk\u00f3w, Karsznice Du\u017ce, Karsznice Ma\u0142e, Marianka, Mastki, Niespusza-Wie\u015b, Nowa Niespusza, Przemys\u0142\u00f3w, Sier\u017cniki, Skowroda Po\u0142udniowa, Skowroda P\u00f3\u0142nocna, Wybor\u00f3w.&nbsp;Gmina Ch\u0105\u015bno, cho\u0107 powierzchniowo mniejsza od gmin s\u0105siednich, to jednak pod wzgl\u0119dem \u017cyzno\u015bci gleb, wielko\u015bci gospodarstw, obsady inwentarza i mechanizacji zajmuje jedno z czo\u0142owych miejsc w regionie \u0142owickim. G\u0142\u00f3wnymi kierunkami produkcji towarowej gminy s\u0105: trzoda chlewna, byd\u0142o mleczne oraz intensywna produkcja zb\u00f3\u017c a tak\u017ce warzyw gruntowych.&nbsp;Na terenie gminy funkcjonuj\u0105 dwie plac\u00f3wki o\u015bwiatowe. Pierwsza z nich to Zesp\u00f3\u0142 Szk\u00f3\u0142 Publicznych w B\u0142\u0119dowie, w sk\u0142ad kt\u00f3rego wchodz\u0105: Szko\u0142a Podstawowa im. J\u00f3zefa Che\u0142\u00admo\u0144skiego oraz Publiczne Gimnazjum im. J\u00f3zefa Che\u0142\u00admo\u0144skiego, drug\u0105 jest Szko\u0142a Podstawowa w Mastkach.&nbsp;O\u017cywiona dzia\u0142alno\u015b\u0107 K\u00f3\u0142 Gospody\u0144 Wiejskich oraz Gminnej Biblioteki Publicznej w Ch\u0105\u015bnie w zakresie upowszechniania kultury ludowej zabezpiecza utrzymanie tradycji ksi\u0119\u017cackiej regionu \u0142owickiego. Mieszkaj\u0105 tu liczni tw\u00f3rcy ludowi, zajmuj\u0105cy si\u0119 wycinankarstwem, hafciarstwem, ma\u00adlarstwem oraz kultywowaniem pie\u015bni ludowych. Bior\u0105 oni aktywny udzia\u0142 w wystawach, festynach ludowych zar\u00f3wno gminnych jak i regionalnych.&nbsp;Do najwybitniejszych tw\u00f3rc\u00f3w ludowych w Gminie Ch\u0105\u015bno nale\u017c\u0105:&nbsp;Zofia Siekiera (paj\u0105ki z bibu\u0142y), Helena Miazek (wycinanki), Krystyna Lis (wycinanki), Wie\u00ads\u0142awa \u015aciga\u0142a (wycinanki), Krystyna Czubak (wycinanki), Bronis\u0142awa Skwarna (haft korali\u00adkowo-cekinowy), Agnieszka Zabost (haft), Wanda Teleman (haft), Maria \u0141acheta (kwiaty, paj\u0105ki), Zofia Wieteska (haft).&nbsp;Na terenie Gminy Ch\u0105\u015bno szczeg\u00f3lnie aktywnie dzia\u0142aj\u0105 Ko\u0142a Gospody\u0144 Wiejskich, kt\u00f3re przez swoje funkcjonowanie pragn\u0105 piel\u0119gnowa\u0107 i prze\u00adkazywa\u0107 m\u0142odszym pokoleniom dziedzictwo kulturowe regionu.&nbsp;zapraszamy do obejrzenia folderu:&#8221;\u0141\u00f3dzkie EKO POLSKA. Zr\u00f3wnowa\u017cony rozw\u00f3j&#8221;.<\/p>\n\n\n\n<p>&nbsp;<a rel=\"noreferrer noopener\" href=\"http:\/\/lodzkie.polskamultimedialna.pl\/\" target=\"_blank\"><strong>EKO-POLSKA. Zr\u00f3wnowa\u017cony rozw\u00f3j<\/strong><\/a><\/p>\n","protected":false},"excerpt":{"rendered":"<p>Liczba ludno\u015bci: 3 076 mieszka\u0144c\u00f3w Obszar las\u00f3w: 85 ha&nbsp; Gmina Ch\u0105\u015bno usytuowana jest w centralnej cz\u0119\u015bci Polski na obszarze 72 km2, w p\u00f3\u0142nocnej cz\u0119\u015bci powiatu \u0142owickiego w odleg\u0142o\u015bci 10 km od \u0141owicza wzd\u0142u\u017c trasy \u0141owicz \u2013 Sanniki. Nale\u017cy ona do grupy mniejszych gmin wiejskich powiatu \u0142owickiego zar\u00f3wno pod wzgl\u0119dem powierzchni jak i liczby mieszka\u0144c\u00f3w. W &hellip;<\/p>\n<p class=\"read-more\"> <a class=\"\" href=\"https:\/\/gminachasno.pl\/index.php\/charakterystyka-gminy\/\"> <span class=\"screen-reader-text\">CHARAKTERYSTYKA GMINY<\/span> Read More &raquo;<\/a><\/p>\n","protected":false},"author":1,"featured_media":240,"parent":0,"menu_order":0,"comment_status":"closed","ping_status":"closed","template":"","meta":{"site-sidebar-layout":"default","site-content-layout":"default","ast-global-header-display":"","ast-main-header-display":"","ast-hfb-above-header-display":"","ast-hfb-below-header-display":"","ast-hfb-mobile-header-display":"","site-post-title":"","ast-breadcrumbs-content":"","ast-featured-img":"","footer-sml-layout":"","theme-transparent-header-meta":"default","adv-header-id-meta":"","stick-header-meta":"","header-above-stick-meta":"","header-main-stick-meta":"","header-below-stick-meta":"","footnotes":""},"class_list":["post-494","page","type-page","status-publish","has-post-thumbnail","hentry"],"_links":{"self":[{"href":"https:\/\/gminachasno.pl\/index.php\/wp-json\/wp\/v2\/pages\/494","targetHints":{"allow":["GET"]}}],"collection":[{"href":"https:\/\/gminachasno.pl\/index.php\/wp-json\/wp\/v2\/pages"}],"about":[{"href":"https:\/\/gminachasno.pl\/index.php\/wp-json\/wp\/v2\/types\/page"}],"author":[{"embeddable":true,"href":"https:\/\/gminachasno.pl\/index.php\/wp-json\/wp\/v2\/users\/1"}],"replies":[{"embeddable":true,"href":"https:\/\/gminachasno.pl\/index.php\/wp-json\/wp\/v2\/comments?post=494"}],"version-history":[{"count":3,"href":"https:\/\/gminachasno.pl\/index.php\/wp-json\/wp\/v2\/pages\/494\/revisions"}],"predecessor-version":[{"id":1492,"href":"https:\/\/gminachasno.pl\/index.php\/wp-json\/wp\/v2\/pages\/494\/revisions\/1492"}],"wp:featuredmedia":[{"embeddable":true,"href":"https:\/\/gminachasno.pl\/index.php\/wp-json\/wp\/v2\/media\/240"}],"wp:attachment":[{"href":"https:\/\/gminachasno.pl\/index.php\/wp-json\/wp\/v2\/media?parent=494"}],"curies":[{"name":"wp","href":"https:\/\/api.w.org\/{rel}","templated":true}]}}