{"id":4433,"date":"2024-01-02T10:35:57","date_gmt":"2024-01-02T09:35:57","guid":{"rendered":"https:\/\/gminachasno.pl\/?page_id=4433"},"modified":"2026-01-22T09:04:32","modified_gmt":"2026-01-22T08:04:32","slug":"program-czyste-powietrze","status":"publish","type":"page","link":"https:\/\/gminachasno.pl\/index.php\/program-czyste-powietrze\/","title":{"rendered":"Program &#8222;CZYSTE POWIETRZE&#8221;"},"content":{"rendered":"\n<figure class=\"wp-block-image aligncenter size-large\"><img loading=\"lazy\" decoding=\"async\" width=\"1024\" height=\"698\" src=\"https:\/\/gminachasno.pl\/wp-content\/uploads\/2026\/01\/Dane-dotyczace-wdrazania-programu-1024x698.jpg\" alt=\"\" class=\"wp-image-6857\" srcset=\"https:\/\/gminachasno.pl\/wp-content\/uploads\/2026\/01\/Dane-dotyczace-wdrazania-programu-1024x698.jpg 1024w, https:\/\/gminachasno.pl\/wp-content\/uploads\/2026\/01\/Dane-dotyczace-wdrazania-programu-300x204.jpg 300w, https:\/\/gminachasno.pl\/wp-content\/uploads\/2026\/01\/Dane-dotyczace-wdrazania-programu-768x523.jpg 768w, https:\/\/gminachasno.pl\/wp-content\/uploads\/2026\/01\/Dane-dotyczace-wdrazania-programu.jpg 1067w\" sizes=\"auto, (max-width: 1024px) 100vw, 1024px\" \/><\/figure>\n\n\n\n<p>Punkt konsultacyjno-informacyjny znajduje si\u0119 w:<\/p>\n\n\n\n<p>Urz\u0119dzie Gminy Ch\u0105\u015bno,<br>Ch\u0105\u015bno 55,<br>99-413 Ch\u0105\u015bno<br>pok. nr 15 &#8211; (Gminny O\u015brodek Pomocy Spo\u0142ecznej)<br>tel. (46) 838-14-25, wew. 11<br>e-mail:<a href=\"gmina.chasno.pki@gminachasno.pl\"> gmina.chasno.pki@gminachasno.pl <\/a><br>pomoc merytoryczna: Katarzyna Latoszewska<\/p>\n\n\n\n<p><\/p>\n\n\n\n<p>Szczeg\u00f3\u0142owe informacje o programie znajduj\u0105 si\u0119 pod adresem: <a href=\"https:\/\/czystepowietrze.gov.pl\">https:\/\/czystepowietrze.gov.pl<\/a><\/p>\n\n\n\n<p><strong>Startuje nowe Czyste Powietrze \u2013 wi\u0119cej wsparcia, prostsze zasady<\/strong><\/p>\n\n\n\n<ul class=\"wp-block-list\">\n<li>Ostatnia aktualizacja: 31 Marca 2025<\/li>\n\n\n\n<li>Autor: NFO\u015aiGW<\/li>\n<\/ul>\n\n\n\n<p><strong>31 marca br. o&nbsp;godz. 12.00 rusza nab\u00f3r wniosk\u00f3w w&nbsp;nowej ods\u0142onie programu Czyste Powietrze. Dzi\u0119ki reformie programu ukierunkowano pomoc na osoby szczeg\u00f3lnie nara\u017cone na ub\u00f3stwo energetyczne, uszczelniono zasady dofinansowa\u0144, wzmocniono rol\u0119 gmin przez powierzenie im roli operator\u00f3w. Bud\u017cet programu zosta\u0142 zasilony 10 mld z\u0142 bezzwrotnych dotacji ze \u015brodk\u00f3w Funduszu Modernizacyjnego.<\/strong><\/p>\n\n\n\n<p><strong>Co nowego w&nbsp;programie?<\/strong><\/p>\n\n\n\n<ul class=\"wp-block-list\">\n<li><strong>Potwierdzenie standardu energetycznego domu przed i&nbsp;po inwestycji.<\/strong><\/li>\n\n\n\n<li><strong>Wy\u017csze progi dochodowe uprawniaj\u0105ce do podwy\u017cszonego i&nbsp;najwy\u017cszego dofinansowania.<\/strong><\/li>\n\n\n\n<li><strong>Najwy\u017csze dofinansowanie uzale\u017cnione od dochod\u00f3w oraz standardu energetycznego budynku.<\/strong><\/li>\n\n\n\n<li><strong>Racjonalizacja wydatk\u00f3w \u2013 maksymalne kwoty dotacji w&nbsp;poszczeg\u00f3lnych rodzajach koszt\u00f3w kwalifikowanych, w&nbsp;tym limity dotacji jednostkowych na m2&nbsp;powierzchni ocieplenia.<\/strong><\/li>\n\n\n\n<li><strong>Bezp\u0142atna pomoc operatora \u2013 od momentu podj\u0119cia decyzji o&nbsp;inwestycji a\u017c po jej rozliczenie.<\/strong><\/li>\n<\/ul>\n\n\n\n<p><strong>Co zrobi\u0107, by skorzysta\u0107 z&nbsp;dotacji?<\/strong><\/p>\n\n\n\n<p>Zapozna\u0107 si\u0119 z&nbsp;programem Czyste Powietrze:<\/p>\n\n\n\n<ul class=\"wp-block-list\">\n<li>na stronie: czystepowietrze.gov.pl<\/li>\n\n\n\n<li>przez infolini\u0119: 22 340 40 80, pon.-pt., 8:00\u201316:00 (og\u00f3lne informacje na temat programu),<\/li>\n\n\n\n<li>w Wojew\u00f3dzkim Funduszu Ochrony \u015arodowiska i&nbsp;Gospodarki Wodnej,<\/li>\n\n\n\n<li>w punkcie konsultacyjno\u2010informacyjnym w&nbsp;gminie,<\/li>\n\n\n\n<li>u operatora.<\/li>\n<\/ul>\n\n\n\n<p><strong>Sprawd\u017a, czy program jest dla Ciebie<\/strong><\/p>\n\n\n\n<p>Program jest skierowany do os\u00f3b fizycznych, kt\u00f3re s\u0105 w\u0142a\u015bcicielami lub wsp\u00f3\u0142w\u0142a\u015bcicielami dom\u00f3w jednorodzinnych lub lokali mieszkalnych w&nbsp;budynkach posiadaj\u0105cych wyodr\u0119bnion\u0105 ksi\u0119g\u0119 wieczyst\u0105. Minimalny okres w\u0142asno\u015bci wynosi 3&nbsp;lata (nie dotyczy to sytuacji spadkowych). Dotacja jest przeznaczona dla budynk\u00f3w, kt\u00f3re uzyska\u0142y pozwolenie na budow\u0119 do 31 grudnia 2020 r. Wi\u0119cej szczeg\u00f3\u0142\u00f3w, na podstawie kt\u00f3rych ocenisz, czy i&nbsp;do kt\u00f3rego poziomu dofinansowania si\u0119 kwalifikujesz, znajdziesz na stronie czystepowietrze.gov.pl.<\/p>\n\n\n\n<p><strong>Progi dochodowe<\/strong><\/p>\n\n\n\n<p>Dofinansowanie jest dost\u0119pne dla os\u00f3b fizycznych spe\u0142niaj\u0105cych okre\u015blone kryteria dochodowe.<\/p>\n\n\n\n<p><strong>Podstawowa dotacja<\/strong> wynosi do 40% koszt\u00f3w kwalifikowanych netto (bez VAT) i&nbsp;jest dla tych, kt\u00f3rych roczny doch\u00f3d nie przekracza 135&nbsp;000 z\u0142.<\/p>\n\n\n\n<p><strong>Podwy\u017cszona dotacja<\/strong> jest do 70% koszt\u00f3w kwalifikowanych netto (bez VAT) i&nbsp;obowi\u0105zuje przy miesi\u0119cznym dochodzie do 2&nbsp;250 z\u0142 na osob\u0119 lub 3&nbsp;150 z\u0142 w&nbsp;gospodarstwach jednoosobowych. Roczny przych\u00f3d z&nbsp;tytu\u0142u prowadzenia przez wnioskodawc\u0119 lub ma\u0142\u017conka wnioskodawcy dzia\u0142alno\u015bci gospodarczej mo\u017ce wynosi\u0107 maksymalnie czterdziestokrotno\u015b\u0107 minimalnego wynagrodzenia za prac\u0119.<\/p>\n\n\n\n<p><strong>Najwy\u017csze dofinansowanie<\/strong> to nawet 100 proc. koszt\u00f3w netto inwestycji (bez VAT). Obowi\u0105zuje przy \u015brednim miesi\u0119cznym dochodzie do 1&nbsp;300 z\u0142 na osob\u0119 w&nbsp;gospodarstwach wieloosobowych lub 1&nbsp;800 z\u0142 w&nbsp;gospodarstwie domowym jednoosobowym. Ponadto mog\u0105 je otrzyma\u0107 osoby, kt\u00f3re maj\u0105 ustalone prawo do jednej z&nbsp;czterech form zasi\u0142ku \u2013 sta\u0142ego, okresowego, rodzinnego lub specjalnego zasi\u0142ku opieku\u0144czego. Roczny przych\u00f3d z&nbsp;tytu\u0142u prowadzenia przez wnioskodawc\u0119 lub ma\u0142\u017conka wnioskodawcy dzia\u0142alno\u015bci gospodarczej mo\u017ce wynosi\u0107 maksymalnie dwunastokrotno\u015b\u0107 minimalnego wynagrodzenia za prac\u0119.<\/p>\n\n\n\n<p>Dofinansowanie w&nbsp;najwy\u017cszym progu przewidziane jest dla os\u00f3b ubogich energetycznie, czyli dla w\u0142a\u015bcicieli budynk\u00f3w lub lokali, w&nbsp;kt\u00f3rych zapotrzebowanie na energi\u0119 u\u017cytkow\u0105 do ogrzewania wynosi powy\u017cej 140 kWh\/m2 rocznie.<\/p>\n\n\n\n<p><strong>Przygotuj dokumentacj\u0119<\/strong><\/p>\n\n\n\n<p>Przed rozpocz\u0119ciem inwestycji nale\u017cy wykona\u0107 obowi\u0105zkowy audyt energetyczny wraz z&nbsp;dokumentem potwierdzaj\u0105cym audyt, po jej zako\u0144czeniu \u2013 \u015bwiadectwo charakterystyki energetycznej.<\/p>\n\n\n\n<p>Oba dokumenty musz\u0105 by\u0107 sporz\u0105dzone przez osob\u0119 wpisan\u0105 do rejestru uprawnionych do wystawiania \u015bwiadectw (wykaz Ministerstwa Rozwoju i&nbsp;Technologii) i&nbsp;na oba mo\u017cesz dosta\u0107 dofinansowanie z&nbsp;Czystego Powietrza \u2013 \u0142\u0105cznie 1600 z\u0142.<\/p>\n\n\n\n<p><strong>Z\u0142\u00f3\u017c wniosek o&nbsp;dofinansowanie<\/strong><\/p>\n\n\n\n<p>Wnioski s\u0105 sk\u0142adane elektronicznie. Istnieje kilka \u015bcie\u017cek sk\u0142adania wniosk\u00f3w. Obowi\u0105zkowo z&nbsp;pomoc\u0105 operatora, je\u015bli staramy si\u0119 o&nbsp;prefinansowanie i&nbsp;najwy\u017cszy poziom dofinansowania. Z&nbsp;pomocy operatora mo\u017cna skorzysta\u0107 opcjonalnie przy podwy\u017cszonym poziomie dotacji bez prefinansowania.<\/p>\n\n\n\n<p>W pozosta\u0142ych przypadkach wnioski sk\u0142ada si\u0119: na stronie gov.pl, w&nbsp;urz\u0119dzie gminy lub we w\u0142a\u015bciwym Wojew\u00f3dzkim Funduszu Ochrony \u015arodowiska i&nbsp;Gospodarki Wodnej<\/p>\n\n\n\n<p><strong>Wybierz odpowiednie materia\u0142y i&nbsp;urz\u0105dzenia<\/strong><\/p>\n\n\n\n<p>Dofinansowanie mo\u017cna otrzyma\u0107 na:<\/p>\n\n\n\n<ul class=\"wp-block-list\">\n<li>wymian\u0119 pozaklasowego kot\u0142a na paliwo sta\u0142e na nowe \u017ar\u00f3d\u0142o ciep\u0142a<\/li>\n\n\n\n<li>termomodernizacj\u0119, w&nbsp;tym: ocieplenie przegr\u00f3d, stolark\u0119 okienn\u0105 i&nbsp;drzwiow\u0105, bramy gara\u017cowe, wentylacj\u0119 mechaniczn\u0105 z&nbsp;odzyskiem ciep\u0142a.<\/li>\n<\/ul>\n\n\n\n<p>Wybieraj\u0105c jako \u017ar\u00f3d\u0142o ogrzewania pomp\u0119 ciep\u0142a, kocio\u0142 zgazowuj\u0105cy lub na pellet obowi\u0105zkowo nale\u017cy korzysta\u0107 z&nbsp;tzw. listy ZUM (lista zielonych materia\u0142\u00f3w i&nbsp;urz\u0105dze\u0144). Warto pami\u0119ta\u0107, \u017ce lista ZUM to bezp\u0142atna pomoc w&nbsp;wyborze urz\u0105dze\u0144 i&nbsp;materia\u0142\u00f3w kwalifikuj\u0105cych si\u0119 do dofinansowania w&nbsp;programie.<\/p>\n\n\n\n<p><strong>Zrealizuj inwestycj\u0119<\/strong><\/p>\n\n\n\n<p>Po otrzymaniu pozytywnej decyzji o&nbsp;dofinansowaniu, mo\u017cna rozpocz\u0105\u0107 realizacj\u0119 inwestycji. Zakres inwestycji musi by\u0107 zgodny z&nbsp;audytem energetycznym i&nbsp;potwierdzony fakturami. Podatek od towar\u00f3w i&nbsp;us\u0142ug (VAT) nie jest kosztem kwalifikowanym, zatem jego koszt b\u0119dzie ponosi\u0142 zawsze beneficjent. W&nbsp;przypadku korzystania z&nbsp;pomocy operatora, to on b\u0119dzie monitorowa\u0142 ca\u0142y proces, sprawdzaj\u0105c, czy prace s\u0105 realizowane zgodnie z&nbsp;wytycznymi.<\/p>\n\n\n\n<p><strong>Z\u0142\u00f3\u017c dokumenty po zako\u0144czeniu inwestycji<\/strong><\/p>\n\n\n\n<p>Po zako\u0144czeniu prac, obowi\u0105zkowo beneficjent musi wykona\u0107 \u015bwiadectwo charakterystyki energetycznej, potwierdzaj\u0105ce zmniejszenie zapotrzebowania na energi\u0119 do ogrzewania.<\/p>\n\n\n\n<p><strong>Jak wzi\u0105\u0107 dotacj\u0119<\/strong><\/p>\n\n\n\n<p>Dotacja jest wyp\u0142acana przez WFO\u015aiGW w&nbsp;ca\u0142o\u015bci lub w&nbsp;maksymalnie trzech cz\u0119\u015bciach. Po zako\u0144czeniu inwestycji i&nbsp;uzyskaniu \u015bwiadectwa charakterystyki energetycznej, beneficjent sk\u0142ada wniosek o&nbsp;wyp\u0142at\u0119 dotacji (w ca\u0142o\u015bci lub ostatniej transzy).<\/p>\n\n\n\n<p>Mo\u017cliwe jest prefinansowanie (zaliczka) do 35% koszt\u00f3w, kt\u00f3re mo\u017cna otrzyma\u0107 w&nbsp;przypadku najwy\u017cszego i&nbsp;podwy\u017cszonego poziomu dofinansowania. W&nbsp;takim przypadku, beneficjent przedk\u0142ada umowy z&nbsp;wykonawcami na realizacj\u0119 inwestycji, a&nbsp;zaliczka jest wyp\u0142acana na konto wykonawcy. Przy tej formie jest obowi\u0105zkowe wsparcie operatora.<\/p>\n\n\n\n<p><strong>Ostro\u017cnie dobieraj wykonawc\u0119<\/strong><\/p>\n\n\n\n<p>Przy wyborze firmy realizuj\u0105cej prace w&nbsp;ramach programu Czyste Powietrze warto zachowa\u0107 czujno\u015b\u0107. Podpisuj\u0105c umow\u0119, upewnij si\u0119, \u017ce wykonawca posiada odpowiednie do\u015bwiadczenie, referencje oraz stosuje odpowiednie materia\u0142y i&nbsp;urz\u0105dzenia zgodne z&nbsp;list\u0105 ZUM. Unikaj firm, kt\u00f3re naciskaj\u0105 na podpisanie umowy na pierwszym spotkaniu lub sk\u0142adaj\u0105 nierealne obietnice. Warto wcze\u015bniej sprawdzi\u0107 opinie innych klient\u00f3w oraz skonsultowa\u0107 si\u0119 z&nbsp;operatorem programu lub punktem konsultacyjno\u2010informacyjnym w&nbsp;gminie. Pami\u0119taj \u2013 dobrze dobrany wykonawca to gwarancja solidnie przeprowadzonej inwestycji i&nbsp;skutecznej poprawy efektywno\u015bci energetycznej Twojego domu.<\/p>\n\n\n\n<p><strong>Szczeg\u00f3\u0142owe informacje o&nbsp;programie s\u0105 dost\u0119pne na stronie:&nbsp;<\/strong><a href=\"https:\/\/czystepowietrze.gov.pl\"><strong>czystepowietrze.gov.pl<\/strong><\/a><strong>.<\/strong><\/p>\n\n\n\n<p>Ulotki do pobrania:<\/p>\n\n\n\n<p><a href=\"https:\/\/gminachasno.pl\/wp-content\/uploads\/2025\/04\/Ulotka-Nowe-Czyste-Powietrze_1.pdf\">Ulotka Nowe Czyste Powietrze_1<\/a><\/p>\n\n\n\n<p><a href=\"https:\/\/gminachasno.pl\/wp-content\/uploads\/2025\/04\/Ulotka-Nowe-Czyste-Powietrze_2.pdf\">Ulotka Nowe Czyste Powietrze_2<\/a><\/p>\n\n\n\n<p><a href=\"https:\/\/gminachasno.pl\/wp-content\/uploads\/2025\/04\/Ulotka-Nowe-Czyste-Powietrze_3.pdf\">Ulotka Nowe Czyste Powietrze_3<\/a><\/p>\n\n\n\n<p><\/p>\n","protected":false},"excerpt":{"rendered":"<p>Punkt konsultacyjno-informacyjny znajduje si\u0119 w: Urz\u0119dzie Gminy Ch\u0105\u015bno,Ch\u0105\u015bno 55,99-413 Ch\u0105\u015bnopok. nr 15 &#8211; (Gminny O\u015brodek Pomocy Spo\u0142ecznej)tel. (46) 838-14-25, wew. 11e-mail: gmina.chasno.pki@gminachasno.pl pomoc merytoryczna: Katarzyna Latoszewska Szczeg\u00f3\u0142owe informacje o programie znajduj\u0105 si\u0119 pod adresem: https:\/\/czystepowietrze.gov.pl Startuje nowe Czyste Powietrze \u2013 wi\u0119cej wsparcia, prostsze zasady 31 marca br. o&nbsp;godz. 12.00 rusza nab\u00f3r wniosk\u00f3w w&nbsp;nowej ods\u0142onie programu &hellip;<\/p>\n<p class=\"read-more\"> <a class=\"\" href=\"https:\/\/gminachasno.pl\/index.php\/program-czyste-powietrze\/\"> <span class=\"screen-reader-text\">Program &#8222;CZYSTE POWIETRZE&#8221;<\/span> Read More &raquo;<\/a><\/p>\n","protected":false},"author":2,"featured_media":0,"parent":0,"menu_order":0,"comment_status":"closed","ping_status":"closed","template":"","meta":{"site-sidebar-layout":"default","site-content-layout":"default","ast-global-header-display":"","ast-main-header-display":"","ast-hfb-above-header-display":"","ast-hfb-below-header-display":"","ast-hfb-mobile-header-display":"","site-post-title":"","ast-breadcrumbs-content":"","ast-featured-img":"","footer-sml-layout":"","theme-transparent-header-meta":"","adv-header-id-meta":"","stick-header-meta":"","header-above-stick-meta":"","header-main-stick-meta":"","header-below-stick-meta":"","footnotes":""},"class_list":["post-4433","page","type-page","status-publish","hentry"],"_links":{"self":[{"href":"https:\/\/gminachasno.pl\/index.php\/wp-json\/wp\/v2\/pages\/4433","targetHints":{"allow":["GET"]}}],"collection":[{"href":"https:\/\/gminachasno.pl\/index.php\/wp-json\/wp\/v2\/pages"}],"about":[{"href":"https:\/\/gminachasno.pl\/index.php\/wp-json\/wp\/v2\/types\/page"}],"author":[{"embeddable":true,"href":"https:\/\/gminachasno.pl\/index.php\/wp-json\/wp\/v2\/users\/2"}],"replies":[{"embeddable":true,"href":"https:\/\/gminachasno.pl\/index.php\/wp-json\/wp\/v2\/comments?post=4433"}],"version-history":[{"count":18,"href":"https:\/\/gminachasno.pl\/index.php\/wp-json\/wp\/v2\/pages\/4433\/revisions"}],"predecessor-version":[{"id":6858,"href":"https:\/\/gminachasno.pl\/index.php\/wp-json\/wp\/v2\/pages\/4433\/revisions\/6858"}],"wp:attachment":[{"href":"https:\/\/gminachasno.pl\/index.php\/wp-json\/wp\/v2\/media?parent=4433"}],"curies":[{"name":"wp","href":"https:\/\/api.w.org\/{rel}","templated":true}]}}