{"id":1337,"date":"2021-05-19T05:35:25","date_gmt":"2021-05-19T03:35:25","guid":{"rendered":"http:\/\/it3.home.pl\/gmina_chasno\/?page_id=1337"},"modified":"2021-05-30T01:40:07","modified_gmt":"2021-05-29T23:40:07","slug":"zaloz-konto-na-epodatki","status":"publish","type":"page","link":"https:\/\/gminachasno.pl\/index.php\/zaloz-konto-na-epodatki\/","title":{"rendered":"Za\u0142\u00f3\u017c konto na ePODATKI"},"content":{"rendered":"\n<p>Szanowni Mieszka\u0144cy,<\/p>\n\n\n\n<p class=\"has-text-align-justify\">Serdecznie zapraszamy do korzystania z nowo udost\u0119pnionej us\u0142ugi ePODATKI.<\/p>\n\n\n\n<p class=\"has-text-align-justify\">Je\u017celi jeste\u015b naszym podatnikiem, op\u0142acasz faktury za wod\u0119 lub uiszcza\u0107 op\u0142at\u0119 za odpady komunalne, za\u0142\u00f3\u017c konto w trzech krokach:<\/p>\n\n\n\n<ol class=\"wp-block-list\"><li>Wejd\u017a na stronie:&nbsp;<a href=\"https:\/\/ugchasno.epodatnik.info\/\">https:\/\/ugchasno.epodatnik.info<\/a><\/li><li>Za\u0142\u00f3\u017c konto<\/li><li>Potwierd\u017a dane w Urz\u0119dzie<\/li><\/ol>\n\n\n\n<p>Poni\u017cej kr\u00f3tka instrukcja.<\/p>\n\n\n\n<p class=\"has-text-align-justify\">Dzi\u0119ki temu kontu masz podgl\u0105d do wszystkich op\u0142at, kt\u00f3re uiszczasz do naszego Urz\u0119du. Widzisz ile, kiedy i na jakie konto powiniene\u015b zap\u0142aci\u0107, a tak\u017ce ju\u017c uiszczone op\u0142aty. Mo\u017cna pobra\u0107 decyzje podatkowe, zobaczy\u0107 odczyty licznika, numery faktur za wod\u0119 i &nbsp;terminy ich p\u0142atno\u015bci.<\/p>\n\n\n\n<p class=\"has-text-align-justify\">Gor\u0105co zach\u0119camy do zak\u0142adania kont. W razie pyta\u0144 zapraszamy do kontaktu z Urz\u0119dem tel. (46) 838 14 23.<\/p>\n\n\n\n<figure class=\"wp-block-gallery columns-2 is-cropped wp-block-gallery-1 is-layout-flex wp-block-gallery-is-layout-flex\"><ul class=\"blocks-gallery-grid\"><li class=\"blocks-gallery-item\"><figure><a href=\"http:\/\/it3.home.pl\/gmina_chasno\/wp-content\/uploads\/2021\/05\/1_2.png\"><img loading=\"lazy\" decoding=\"async\" width=\"724\" height=\"1024\" src=\"http:\/\/it3.home.pl\/gmina_chasno\/wp-content\/uploads\/2021\/05\/1_2-724x1024.png\" alt=\"\" data-id=\"1338\" data-full-url=\"http:\/\/it3.home.pl\/gmina_chasno\/wp-content\/uploads\/2021\/05\/1_2.png\" data-link=\"http:\/\/it3.home.pl\/gmina_chasno\/?attachment_id=1338\" class=\"wp-image-1338\" srcset=\"https:\/\/gminachasno.pl\/wp-content\/uploads\/2021\/05\/1_2-724x1024.png 724w, https:\/\/gminachasno.pl\/wp-content\/uploads\/2021\/05\/1_2-212x300.png 212w, https:\/\/gminachasno.pl\/wp-content\/uploads\/2021\/05\/1_2-768x1086.png 768w, https:\/\/gminachasno.pl\/wp-content\/uploads\/2021\/05\/1_2-1086x1536.png 1086w, https:\/\/gminachasno.pl\/wp-content\/uploads\/2021\/05\/1_2-1448x2048.png 1448w, https:\/\/gminachasno.pl\/wp-content\/uploads\/2021\/05\/1_2.png 1587w\" sizes=\"auto, (max-width: 724px) 100vw, 724px\" \/><\/a><\/figure><\/li><li class=\"blocks-gallery-item\"><figure><a href=\"http:\/\/it3.home.pl\/gmina_chasno\/wp-content\/uploads\/2021\/05\/2_1.png\"><img loading=\"lazy\" decoding=\"async\" width=\"724\" height=\"1024\" src=\"http:\/\/it3.home.pl\/gmina_chasno\/wp-content\/uploads\/2021\/05\/2_1-724x1024.png\" alt=\"\" data-id=\"1339\" data-full-url=\"http:\/\/it3.home.pl\/gmina_chasno\/wp-content\/uploads\/2021\/05\/2_1.png\" data-link=\"http:\/\/it3.home.pl\/gmina_chasno\/?attachment_id=1339\" class=\"wp-image-1339\" srcset=\"https:\/\/gminachasno.pl\/wp-content\/uploads\/2021\/05\/2_1-724x1024.png 724w, https:\/\/gminachasno.pl\/wp-content\/uploads\/2021\/05\/2_1-212x300.png 212w, https:\/\/gminachasno.pl\/wp-content\/uploads\/2021\/05\/2_1-768x1086.png 768w, https:\/\/gminachasno.pl\/wp-content\/uploads\/2021\/05\/2_1-1086x1536.png 1086w, https:\/\/gminachasno.pl\/wp-content\/uploads\/2021\/05\/2_1-1448x2048.png 1448w, https:\/\/gminachasno.pl\/wp-content\/uploads\/2021\/05\/2_1.png 1587w\" sizes=\"auto, (max-width: 724px) 100vw, 724px\" \/><\/a><\/figure><\/li><\/ul><\/figure>\n","protected":false},"excerpt":{"rendered":"<p>Szanowni Mieszka\u0144cy, Serdecznie zapraszamy do korzystania z nowo udost\u0119pnionej us\u0142ugi ePODATKI. Je\u017celi jeste\u015b naszym podatnikiem, op\u0142acasz faktury za wod\u0119 lub uiszcza\u0107 op\u0142at\u0119 za odpady komunalne, za\u0142\u00f3\u017c konto w trzech krokach: Wejd\u017a na stronie:&nbsp;https:\/\/ugchasno.epodatnik.info Za\u0142\u00f3\u017c konto Potwierd\u017a dane w Urz\u0119dzie Poni\u017cej kr\u00f3tka instrukcja. Dzi\u0119ki temu kontu masz podgl\u0105d do wszystkich op\u0142at, kt\u00f3re uiszczasz do naszego Urz\u0119du. &hellip;<\/p>\n<p class=\"read-more\"> <a class=\"\" href=\"https:\/\/gminachasno.pl\/index.php\/zaloz-konto-na-epodatki\/\"> <span class=\"screen-reader-text\">Za\u0142\u00f3\u017c konto na ePODATKI<\/span> Read More &raquo;<\/a><\/p>\n","protected":false},"author":1,"featured_media":0,"parent":0,"menu_order":0,"comment_status":"closed","ping_status":"closed","template":"","meta":{"site-sidebar-layout":"default","site-content-layout":"default","ast-global-header-display":"","ast-main-header-display":"","ast-hfb-above-header-display":"","ast-hfb-below-header-display":"","ast-hfb-mobile-header-display":"","site-post-title":"","ast-breadcrumbs-content":"","ast-featured-img":"","footer-sml-layout":"","theme-transparent-header-meta":"default","adv-header-id-meta":"","stick-header-meta":"","header-above-stick-meta":"","header-main-stick-meta":"","header-below-stick-meta":"","footnotes":""},"class_list":["post-1337","page","type-page","status-publish","hentry"],"_links":{"self":[{"href":"https:\/\/gminachasno.pl\/index.php\/wp-json\/wp\/v2\/pages\/1337","targetHints":{"allow":["GET"]}}],"collection":[{"href":"https:\/\/gminachasno.pl\/index.php\/wp-json\/wp\/v2\/pages"}],"about":[{"href":"https:\/\/gminachasno.pl\/index.php\/wp-json\/wp\/v2\/types\/page"}],"author":[{"embeddable":true,"href":"https:\/\/gminachasno.pl\/index.php\/wp-json\/wp\/v2\/users\/1"}],"replies":[{"embeddable":true,"href":"https:\/\/gminachasno.pl\/index.php\/wp-json\/wp\/v2\/comments?post=1337"}],"version-history":[{"count":2,"href":"https:\/\/gminachasno.pl\/index.php\/wp-json\/wp\/v2\/pages\/1337\/revisions"}],"predecessor-version":[{"id":1548,"href":"https:\/\/gminachasno.pl\/index.php\/wp-json\/wp\/v2\/pages\/1337\/revisions\/1548"}],"wp:attachment":[{"href":"https:\/\/gminachasno.pl\/index.php\/wp-json\/wp\/v2\/media?parent=1337"}],"curies":[{"name":"wp","href":"https:\/\/api.w.org\/{rel}","templated":true}]}}