{"id":1208,"date":"2021-05-19T04:46:05","date_gmt":"2021-05-19T02:46:05","guid":{"rendered":"http:\/\/it3.home.pl\/gmina_chasno\/?page_id=1208"},"modified":"2021-05-30T01:11:36","modified_gmt":"2021-05-29T23:11:36","slug":"ewidencja-ludnosci","status":"publish","type":"page","link":"https:\/\/gminachasno.pl\/index.php\/ewidencja-ludnosci\/","title":{"rendered":"Ewidencja Ludno\u015bci"},"content":{"rendered":"\n<p><strong>ZAMELDOWANIE NA POBYT STA\u0141Y<\/strong><br>Wymagane dokumenty:<\/p>\n\n\n\n<ol class=\"wp-block-list\"><li>Dokument stwierdzaj\u0105cy to\u017csamo\u015b\u0107,<\/li><li>Ksi\u0105\u017ceczka wojskowa,<\/li><li>Wype\u0142niony wniosek zg\u0142oszenia pobytu sta\u0142ego,<\/li><li>Dokument potwierdzaj\u0105cy tytu\u0142 prawny do lokalu, w kt\u00f3rym ma nast\u0105pi\u0107 zameldowanie na pobyt sta\u0142y (akt notarialny, umowa najmu, decyzja o przydziale osobnej kwatery sta\u0142ej) wskazuj\u0105cy osob\u0119 uprawnion\u0105 do potwierdzenia pobytu osoby dokonuj\u0105cej zameldowania.<\/li><\/ol>\n\n\n\n<p>Op\u0142aty:<br>Czynno\u015bci zwi\u0105zane z zameldowaniem nie podlegaj\u0105 op\u0142atom.<\/p>\n\n\n\n<p>Miejsce z\u0142o\u017cenia dokument\u00f3w:<br>Urz\u0105d Gminy Ch\u0105\u015bno<\/p>\n\n\n\n<p class=\"has-text-align-justify\">Termin i spos\u00f3b za\u0142atwiania sprawy:<br>Za\u0142atwianie sprawy meldunkowej w formie zameldowania na pobyt sta\u0142y nast\u0119puje bezzw\u0142ocznie po okazaniu wszystkich wymaganych dokument\u00f3w oraz poprawnym wype\u0142nieniu formularza meldunkowego.<\/p>\n\n\n\n<p>Uwagi:<\/p>\n\n\n\n<ol class=\"wp-block-list\"><li>W przypadku zameldowania na pobyt sta\u0142y osoby, kt\u00f3rej poprzednie miejsce pobytu sta\u0142ego mie\u015bci\u0142o si\u0119 poza obszarem dzia\u0142ania Urz\u0119du, podczas dokonywania czynno\u015bci zameldowania nale\u017cy bezwzgl\u0119dnie przed\u0142o\u017cy\u0107 po\u015bwiadczenie wymeldowania z poprzedniego miejsca pobytu sta\u0142ego (w tym samym czasie mo\u017cna posiada\u0107 tylko jedno miejsce pobytu sta\u0142ego).<br>Podstawa prawna:<br>Ustawa z dnia 10 kwietnia 1974 r. o ewidencji ludno\u015bci i dowodach osobistych (tekst jednolity Dz. U. z 2001 r. Nr 87 poz. 960).<\/li><\/ol>\n\n\n\n<p class=\"has-text-align-justify\">ZAMELDOWANIE NA POBYT CZASOWY (POWY\u017bEJ 3 MIESI\u0118CY)<br>Wymagane dokumenty:<\/p>\n\n\n\n<ol class=\"wp-block-list\"><li>Dokument stwierdzaj\u0105cy to\u017csamo\u015b\u0107 (dow\u00f3d osobisty),<\/li><li>Ksi\u0105\u017ceczka wojskowa,<\/li><li>Wype\u0142niony formularz zg\u0142oszenia pobytu czasowego,<\/li><li>Dokument potwierdzaj\u0105cy tytu\u0142 prawny do lokalu, w kt\u00f3rym ma nast\u0105pi\u0107 zameldowanie (akt notarialny, umowa najmu, decyzja o przydziale kwatery sta\u0142e) wskazuj\u0105cy osob\u0119 uprawnion\u0105 do potwierdzenia zgody na zameldowanie (w\u0142a\u015bciciel, najemca, wynajmuj\u0105cy).<\/li><\/ol>\n\n\n\n<p class=\"has-text-align-justify\">Op\u0142aty:<br>Czynno\u015bci zwi\u0105zane z zameldowaniem na pobyt czasowy nie podlegaj\u0105 op\u0142atom.<\/p>\n\n\n\n<p>Miejsce z\u0142o\u017cenia dokument\u00f3w:<br>Urz\u0105d Gminy Ch\u0105\u015bno<\/p>\n\n\n\n<p>Termin i spos\u00f3b za\u0142atwiania sprawy:<\/p>\n\n\n\n<ol class=\"wp-block-list\"><li>W wypadku przed\u0142o\u017cenia wszystkich wymaganych dokument\u00f3w oraz poprawnym wype\u0142nieniu formularza zg\u0142oszenia pobytu czasowego czynno\u015b\u0107 zameldowania dokonywana jest bezzw\u0142ocznie.<\/li><li>W wyniku dokonania czynno\u015bci meldunkowej interesant otrzymuje po\u015bwiadczenie zameldowania na pobyt czasowy powy\u017cej 3 miesi\u0119cy.<\/li><\/ol>\n\n\n\n<p>Uwagi:<\/p>\n\n\n\n<ol class=\"wp-block-list\"><li>W przypadku up\u0142ywu terminu zameldowania na pobyt czasowy powy\u017cej 3 miesi\u0119cy meldunek automatycznie wygasa.<\/li><li>Ponowne zameldowanie na pobyt czasowy jest realizowane poprzez prawne dostarczenie wymaganych dokument\u00f3w i wype\u0142nienie formularza meldunkowego.<\/li><\/ol>\n\n\n\n<p class=\"has-text-align-justify\">Podstawa prawna:<br>Ustawa z dnia 10 kwietnia 1974 roku o ewidencji ludno\u015bci i dowodach osobistych (tekst jednolity Dz. U. z 2001 r. Nr 87, poz. 960).<\/p>\n\n\n\n<p>ZAMELDOWANIE NA POBYT CZASOWY CUDZOZIEMC\u00d3W<br>Wymagane dokumenty:<\/p>\n\n\n\n<ol class=\"wp-block-list\"><li>Aktualny paszport, karta pobytu sta\u0142ego lub czasowego,<\/li><li>Wype\u0142niony formularz zg\u0142oszenia pobytu czasowego cudzoziemca,<\/li><li>Dokument potwierdzaj\u0105cy tytu\u0142 prawny do lokalu, w kt\u00f3rym ma nast\u0105pi\u0107 zameldowanie, wskazuj\u0105cy osob\u0119 uprawnion\u0105 do wyra\u017cenia zgody na zameldowanie.<\/li><\/ol>\n\n\n\n<p class=\"has-text-align-justify\">Op\u0142aty:<br>Czynno\u015bci zwi\u0105zane z zameldowaniem na pobyt czasowy cudzoziemc\u00f3w nie podlegaj\u0105 op\u0142atom.<\/p>\n\n\n\n<p>Miejsce z\u0142o\u017cenia dokument\u00f3w:<br>Urz\u0105d Gminy Ch\u0105\u015bno<\/p>\n\n\n\n<p>Termin i spos\u00f3b za\u0142atwiania sprawy:<\/p>\n\n\n\n<ol class=\"wp-block-list\"><li>w przypadku przed\u0142o\u017cenia wszystkich wymaganych dokument\u00f3w oraz poprawnym wype\u0142nieniu formularza zg\u0142oszenia pobytu czasowego czynno\u015b\u0107 zameldowania dokonywana jest bezzw\u0142ocznie,<\/li><li>w wyniku dokonania czynno\u015bci meldunkowej cudzoziemiec otrzymuje potwierdzenie zameldowania na pobyt czasowy cudzoziemca.<\/li><\/ol>\n\n\n\n<p class=\"has-text-align-justify\">Podstawa prawna:<br>Ustawa z dnia 10 kwietnia 1974 roku o ewidencji ludno\u015bci i dowodach osobistych (tekst jednolity Dz. U. z 2001 r. Nr 87, poz. 960).<\/p>\n\n\n\n<p>WYMELDOWANIE Z POBYTU STA\u0141EGO<br>Wymagane dokumenty:<\/p>\n\n\n\n<ol class=\"wp-block-list\"><li>Dokument stwierdzaj\u0105cy to\u017csamo\u015b\u0107 (dow\u00f3d osobisty).<\/li><li>Ksi\u0105\u017ceczka wojskowa.<\/li><li>Wype\u0142niony formularz zg\u0142oszenia wymeldowania z pobytu sta\u0142ego.<\/li><\/ol>\n\n\n\n<p>Op\u0142aty:<br>Czynno\u015bci zwi\u0105zane z wymeldowaniem nie podlegaj\u0105 op\u0142atom.<\/p>\n\n\n\n<p>Miejsce z\u0142o\u017cenia dokument\u00f3w:<br>Urz\u0105d Gminy Ch\u0105\u015bno<\/p>\n\n\n\n<p>Termin i spos\u00f3b za\u0142atwienia sprawy:<\/p>\n\n\n\n<ol class=\"wp-block-list\"><li>w przypadku przed\u0142o\u017cenia wszystkich wymaganych dokument\u00f3w oraz poprawnym wype\u0142nieniu formularza zg\u0142oszenia wymeldowania z pobytu sta\u0142ego czynno\u015b\u0107 wymeldowania dokonywana jest bezzw\u0142ocznie,<\/li><li>w wyniku dokonania wymeldowania interesant otrzymuje po\u015bwiadczenie wymeldowania z pobytu sta\u0142ego,<\/li><li>wymeldowania dokonuje si\u0119 osobi\u015bcie.<br>Podstawa prawna:<br>Ustawa z dnia 10 kwietnia 1974 roku o ewidencji ludno\u015bci i dowodach osobistych (tekst jednolity Dz. U. z 2001 r. Nr 87, poz. 960).<\/li><\/ol>\n\n\n\n<p>WYMELDOWANIE W DRODZE DECYZJI ADMINISTRACYJNEJ<br>Wymagane dokumenty:<\/p>\n\n\n\n<ol class=\"wp-block-list\"><li>Podanie o wymeldowanie.<\/li><li>Dokument potwierdzaj\u0105cy tytu\u0142 prawny do lokalu, w kt\u00f3rym ma nast\u0105pi\u0107 wymeldowanie (akt notarialny, umowa najmu, decyzja o przydziale kwatery sta\u0142ej) wskazuj\u0105cy osob\u0119 posiadaj\u0105c\u0105 prawo do lokalu (w\u0142a\u015bciciel, najemca, wynajmuj\u0105cy).<\/li><\/ol>\n\n\n\n<p>Op\u0142aty:<br>Op\u0142ata skarbowa za wydanie decyzji 10 z\u0142<\/p>\n\n\n\n<p>Miejsce z\u0142oenia dokument\u00f3w:<br>Urz\u0105d Gminy Ch\u0105\u015bno<\/p>\n\n\n\n<p>Termin za\u0142atwienia sprawy:<br>Niezw\u0142ocznie po uprawomocnieniu si\u0119 ostatecznej decyzji.<\/p>\n\n\n\n<p>Tryb odwo\u0142awczy:<br>Od decyzji mo\u017cna si\u0119 odwo\u0142a\u0107 w ci\u0105gu 14 dni od jej dor\u0119czenia do Wojewody \u0141\u00f3dzkiego<\/p>\n\n\n\n<p>Uwagi:<br>Podanie sk\u0142ada osoba posiadaj\u0105ca prawo do lokalu.<\/p>\n\n\n\n<p class=\"has-text-align-justify\">Podstawa prawna:<br>Ustawa z dnia 10 kwietnia 1974 roku o ewidencji ludno\u015bci i dowodach osobistych (tekst jednolity Dz. U. z 2001r. Nr 87, poz. 960 ze zm.).<\/p>\n","protected":false},"excerpt":{"rendered":"<p>ZAMELDOWANIE NA POBYT STA\u0141YWymagane dokumenty: Dokument stwierdzaj\u0105cy to\u017csamo\u015b\u0107, Ksi\u0105\u017ceczka wojskowa, Wype\u0142niony wniosek zg\u0142oszenia pobytu sta\u0142ego, Dokument potwierdzaj\u0105cy tytu\u0142 prawny do lokalu, w kt\u00f3rym ma nast\u0105pi\u0107 zameldowanie na pobyt sta\u0142y (akt notarialny, umowa najmu, decyzja o przydziale osobnej kwatery sta\u0142ej) wskazuj\u0105cy osob\u0119 uprawnion\u0105 do potwierdzenia pobytu osoby dokonuj\u0105cej zameldowania. Op\u0142aty:Czynno\u015bci zwi\u0105zane z zameldowaniem nie podlegaj\u0105 op\u0142atom. &hellip;<\/p>\n<p class=\"read-more\"> <a class=\"\" href=\"https:\/\/gminachasno.pl\/index.php\/ewidencja-ludnosci\/\"> <span class=\"screen-reader-text\">Ewidencja Ludno\u015bci<\/span> Read More &raquo;<\/a><\/p>\n","protected":false},"author":1,"featured_media":0,"parent":0,"menu_order":0,"comment_status":"closed","ping_status":"closed","template":"","meta":{"site-sidebar-layout":"default","site-content-layout":"default","ast-global-header-display":"","ast-main-header-display":"","ast-hfb-above-header-display":"","ast-hfb-below-header-display":"","ast-hfb-mobile-header-display":"","site-post-title":"","ast-breadcrumbs-content":"","ast-featured-img":"","footer-sml-layout":"","theme-transparent-header-meta":"default","adv-header-id-meta":"","stick-header-meta":"","header-above-stick-meta":"","header-main-stick-meta":"","header-below-stick-meta":"","footnotes":""},"class_list":["post-1208","page","type-page","status-publish","hentry"],"_links":{"self":[{"href":"https:\/\/gminachasno.pl\/index.php\/wp-json\/wp\/v2\/pages\/1208","targetHints":{"allow":["GET"]}}],"collection":[{"href":"https:\/\/gminachasno.pl\/index.php\/wp-json\/wp\/v2\/pages"}],"about":[{"href":"https:\/\/gminachasno.pl\/index.php\/wp-json\/wp\/v2\/types\/page"}],"author":[{"embeddable":true,"href":"https:\/\/gminachasno.pl\/index.php\/wp-json\/wp\/v2\/users\/1"}],"replies":[{"embeddable":true,"href":"https:\/\/gminachasno.pl\/index.php\/wp-json\/wp\/v2\/comments?post=1208"}],"version-history":[{"count":2,"href":"https:\/\/gminachasno.pl\/index.php\/wp-json\/wp\/v2\/pages\/1208\/revisions"}],"predecessor-version":[{"id":1502,"href":"https:\/\/gminachasno.pl\/index.php\/wp-json\/wp\/v2\/pages\/1208\/revisions\/1502"}],"wp:attachment":[{"href":"https:\/\/gminachasno.pl\/index.php\/wp-json\/wp\/v2\/media?parent=1208"}],"curies":[{"name":"wp","href":"https:\/\/api.w.org\/{rel}","templated":true}]}}