{"id":1202,"date":"2021-05-19T04:42:32","date_gmt":"2021-05-19T02:42:32","guid":{"rendered":"http:\/\/it3.home.pl\/gmina_chasno\/?page_id=1202"},"modified":"2023-05-25T10:23:06","modified_gmt":"2023-05-25T08:23:06","slug":"urzad-stanu-cywilnego","status":"publish","type":"page","link":"https:\/\/gminachasno.pl\/index.php\/urzad-stanu-cywilnego\/","title":{"rendered":"Urz\u0105d Stanu Cywilnego"},"content":{"rendered":"\n<p><strong>Kierownik USC &#8211; W\u00f3jt Dariusz Reczulski<br>Zast\u0119pca Kierownika USC &#8211; Ma\u0142gorzata Klimkiewicz<br>Pok. nr 16,<br>tel. 46 838 14 23, 46 838 14 25, wew.12<br>tel.\/fax:46 838-13-64, wew.12<br>Nr konta bankowego: 29 9288 1112 1014 7164 2000 0010 BSZ\u0141 o\/Ch\u0105\u015bno<\/strong><\/p>\n\n\n\n<p class=\"has-text-align-justify\"><br><\/p>\n\n\n\n<p><\/p>\n\n\n\n<p><strong>STRONA W TRAKCIE AKTUALIZACJI<\/strong><\/p>\n","protected":false},"excerpt":{"rendered":"<p>Kierownik USC &#8211; W\u00f3jt Dariusz ReczulskiZast\u0119pca Kierownika USC &#8211; Ma\u0142gorzata KlimkiewiczPok. nr 16,tel. 46 838 14 23, 46 838 14 25, wew.12tel.\/fax:46 838-13-64, wew.12Nr konta bankowego: 29 9288 1112 1014 7164 2000 0010 BSZ\u0141 o\/Ch\u0105\u015bno STRONA W TRAKCIE AKTUALIZACJI<\/p>\n","protected":false},"author":1,"featured_media":0,"parent":0,"menu_order":0,"comment_status":"closed","ping_status":"closed","template":"","meta":{"site-sidebar-layout":"default","site-content-layout":"default","ast-global-header-display":"","ast-main-header-display":"","ast-hfb-above-header-display":"","ast-hfb-below-header-display":"","ast-hfb-mobile-header-display":"","site-post-title":"","ast-breadcrumbs-content":"","ast-featured-img":"","footer-sml-layout":"","theme-transparent-header-meta":"default","adv-header-id-meta":"","stick-header-meta":"","header-above-stick-meta":"","header-main-stick-meta":"","header-below-stick-meta":"","footnotes":""},"class_list":["post-1202","page","type-page","status-publish","hentry"],"_links":{"self":[{"href":"https:\/\/gminachasno.pl\/index.php\/wp-json\/wp\/v2\/pages\/1202","targetHints":{"allow":["GET"]}}],"collection":[{"href":"https:\/\/gminachasno.pl\/index.php\/wp-json\/wp\/v2\/pages"}],"about":[{"href":"https:\/\/gminachasno.pl\/index.php\/wp-json\/wp\/v2\/types\/page"}],"author":[{"embeddable":true,"href":"https:\/\/gminachasno.pl\/index.php\/wp-json\/wp\/v2\/users\/1"}],"replies":[{"embeddable":true,"href":"https:\/\/gminachasno.pl\/index.php\/wp-json\/wp\/v2\/comments?post=1202"}],"version-history":[{"count":4,"href":"https:\/\/gminachasno.pl\/index.php\/wp-json\/wp\/v2\/pages\/1202\/revisions"}],"predecessor-version":[{"id":3456,"href":"https:\/\/gminachasno.pl\/index.php\/wp-json\/wp\/v2\/pages\/1202\/revisions\/3456"}],"wp:attachment":[{"href":"https:\/\/gminachasno.pl\/index.php\/wp-json\/wp\/v2\/media?parent=1202"}],"curies":[{"name":"wp","href":"https:\/\/api.w.org\/{rel}","templated":true}]}}