{"id":1169,"date":"2021-05-19T04:14:34","date_gmt":"2021-05-19T02:14:34","guid":{"rendered":"http:\/\/it3.home.pl\/gmina_chasno\/?page_id=1169"},"modified":"2021-06-15T02:20:38","modified_gmt":"2021-06-15T00:20:38","slug":"realizacja-zadania-w-ramach-funduszu-drog-samorzadowych-na-drodze-powiatowej-nr-2727-e-odcinek-zlakow-koscielny-mastki","status":"publish","type":"page","link":"https:\/\/gminachasno.pl\/index.php\/realizacja-zadania-w-ramach-funduszu-drog-samorzadowych-na-drodze-powiatowej-nr-2727-e-odcinek-zlakow-koscielny-mastki\/","title":{"rendered":"Realizacja zadania w ramach Funduszu Dr\u00f3g Samorz\u0105dowych na drodze powiatowej nr 2727 E odcinek Z\u0142ak\u00f3w Ko\u015bcielny \u2013 Mastki"},"content":{"rendered":"\n<figure class=\"wp-block-image size-large\"><img loading=\"lazy\" decoding=\"async\" width=\"220\" height=\"140\" src=\"http:\/\/gminachasno.pl\/wp-content\/uploads\/2021\/05\/pobrane-1.jpg\" alt=\"\" class=\"wp-image-1170\"\/><\/figure>\n\n\n\n<p class=\"has-text-align-justify\">Zadanie pod nazw\u0105 \u201eRealizacja zadania w ramach Funduszu Dr\u00f3g Samorz\u0105dowych na drodze powiatowej nr 2727 E odcinek Z\u0142ak\u00f3w Ko\u015bcielny \u2013 Mastki\u201d, dofinansowane jest Funduszu Dr\u00f3g Samorz\u0105dowych, w wysoko\u015bci 350.000,00 z\u0142 .<\/p>\n\n\n\n<p class=\"has-text-align-justify\">W ramach realizacji zadania planowany jest remont drogi powiatowej nr 2727E na odcinku Z\u0142ak\u00f3w Ko\u015bcielny -Mastki od 1+870 do km 3+520 o d\u0142ugo\u015bci 1650 mb . \u2013 poprzez po\u0142o\u017cenie nowej nak\u0142adki asfaltowej; szeroko\u015b\u0107 poboczy do 0,75 mb. &#8211; remont cz\u0119\u015bci poboczy poprzez \u015bci\u0119cie istniej\u0105cych poboczy na g\u0142\u0119boko\u015b\u0107 oraz szeroko\u015b\u0107 umo\u017cliwiaj\u0105c\u0105 uzupe\u0142nienie poboczy szer. 0,75 m z kruszywa \u0142amanego warstw\u0105 grubo\u015bci 10 cm z kruszywa \u0142amanego, remont mijanek oraz kraw\u0119dzi poprzez wymian\u0119 istniej\u0105cej nawierzchni, czyszczenie row\u00f3w z wyprofilowaniem skarp, oznakowanie pionowe<\/p>\n","protected":false},"excerpt":{"rendered":"<p>Zadanie pod nazw\u0105 \u201eRealizacja zadania w ramach Funduszu Dr\u00f3g Samorz\u0105dowych na drodze powiatowej nr 2727 E odcinek Z\u0142ak\u00f3w Ko\u015bcielny \u2013 Mastki\u201d, dofinansowane jest Funduszu Dr\u00f3g Samorz\u0105dowych, w wysoko\u015bci 350.000,00 z\u0142 . W ramach realizacji zadania planowany jest remont drogi powiatowej nr 2727E na odcinku Z\u0142ak\u00f3w Ko\u015bcielny -Mastki od 1+870 do km 3+520 o d\u0142ugo\u015bci 1650 &hellip;<\/p>\n<p class=\"read-more\"> <a class=\"\" href=\"https:\/\/gminachasno.pl\/index.php\/realizacja-zadania-w-ramach-funduszu-drog-samorzadowych-na-drodze-powiatowej-nr-2727-e-odcinek-zlakow-koscielny-mastki\/\"> <span class=\"screen-reader-text\">Realizacja zadania w ramach Funduszu Dr\u00f3g Samorz\u0105dowych na drodze powiatowej nr 2727 E odcinek Z\u0142ak\u00f3w Ko\u015bcielny \u2013 Mastki<\/span> Read More &raquo;<\/a><\/p>\n","protected":false},"author":1,"featured_media":0,"parent":0,"menu_order":0,"comment_status":"closed","ping_status":"closed","template":"","meta":{"site-sidebar-layout":"default","site-content-layout":"default","ast-global-header-display":"","ast-main-header-display":"","ast-hfb-above-header-display":"","ast-hfb-below-header-display":"","ast-hfb-mobile-header-display":"","site-post-title":"","ast-breadcrumbs-content":"","ast-featured-img":"","footer-sml-layout":"","theme-transparent-header-meta":"default","adv-header-id-meta":"","stick-header-meta":"","header-above-stick-meta":"","header-main-stick-meta":"","header-below-stick-meta":"","footnotes":""},"class_list":["post-1169","page","type-page","status-publish","hentry"],"_links":{"self":[{"href":"https:\/\/gminachasno.pl\/index.php\/wp-json\/wp\/v2\/pages\/1169","targetHints":{"allow":["GET"]}}],"collection":[{"href":"https:\/\/gminachasno.pl\/index.php\/wp-json\/wp\/v2\/pages"}],"about":[{"href":"https:\/\/gminachasno.pl\/index.php\/wp-json\/wp\/v2\/types\/page"}],"author":[{"embeddable":true,"href":"https:\/\/gminachasno.pl\/index.php\/wp-json\/wp\/v2\/users\/1"}],"replies":[{"embeddable":true,"href":"https:\/\/gminachasno.pl\/index.php\/wp-json\/wp\/v2\/comments?post=1169"}],"version-history":[{"count":3,"href":"https:\/\/gminachasno.pl\/index.php\/wp-json\/wp\/v2\/pages\/1169\/revisions"}],"predecessor-version":[{"id":1582,"href":"https:\/\/gminachasno.pl\/index.php\/wp-json\/wp\/v2\/pages\/1169\/revisions\/1582"}],"wp:attachment":[{"href":"https:\/\/gminachasno.pl\/index.php\/wp-json\/wp\/v2\/media?parent=1169"}],"curies":[{"name":"wp","href":"https:\/\/api.w.org\/{rel}","templated":true}]}}