{"id":1137,"date":"2021-05-19T03:55:56","date_gmt":"2021-05-19T01:55:56","guid":{"rendered":"http:\/\/it3.home.pl\/gmina_chasno\/?page_id=1137"},"modified":"2021-07-07T13:14:15","modified_gmt":"2021-07-07T11:14:15","slug":"wfosigw-w-lodzi","status":"publish","type":"page","link":"https:\/\/gminachasno.pl\/index.php\/wfosigw-w-lodzi\/","title":{"rendered":"WFO\u015aiGW w \u0141odzi"},"content":{"rendered":"\n<div class=\"wp-block-buttons is-layout-flex wp-block-buttons-is-layout-flex\">\n<div class=\"wp-block-button has-custom-width wp-block-button__width-100\"><a class=\"wp-block-button__link\" href=\"przydomowe-oczyszczalnie-sciekow\"><strong>Przydomowe oczyszczalnie \u015bciek\u00f3w<\/strong><\/a><\/div>\n<\/div>\n\n\n\n<div class=\"wp-block-buttons is-layout-flex wp-block-buttons-is-layout-flex\">\n<div class=\"wp-block-button has-custom-width wp-block-button__width-100\"><a class=\"wp-block-button__link\" href=\"usuwanie-wyrobow-zawierajacych-azbest-na-terenie-gminy-chasno-w-2018-roku\"><strong>Usuwanie wyrob\u00f3w zawieraj\u0105cych azbest na terenie Gminy Ch\u0105\u015bno w 2018 roku<\/strong><\/a><\/div>\n<\/div>\n\n\n\n<div class=\"wp-block-buttons is-layout-flex wp-block-buttons-is-layout-flex\">\n<div class=\"wp-block-button has-custom-width wp-block-button__width-100\"><a class=\"wp-block-button__link\" href=\"budowa-stacji-zlewczej-na-scieki-bytowe\"><strong>Budowa stacji zlewczej na \u015bcieki bytowe<\/strong><\/a><\/div>\n<\/div>\n\n\n\n<div class=\"wp-block-buttons is-layout-flex wp-block-buttons-is-layout-flex\">\n<div class=\"wp-block-button has-custom-width wp-block-button__width-100\"><a class=\"wp-block-button__link\" href=\"zwiekszenie-efektywnosci-energetycznej-poprzez-budowe-instalacji-fotowoltaicznej\"><strong>Zwi\u0119kszenie efektywno\u015bci energetycznej poprzez budow\u0119 instalacji fotowoltaicznej<\/strong><\/a><\/div>\n<\/div>\n\n\n\n<div class=\"wp-block-buttons is-layout-flex wp-block-buttons-is-layout-flex\">\n<div class=\"wp-block-button has-custom-width wp-block-button__width-100\"><a class=\"wp-block-button__link\" href=\"usuwanie-wyrobow-zawierajacych-azbest-na-terenie-gminy-chasno-w-2019-r\"><strong>Usuwanie wyrob\u00f3w zawieraj\u0105cych azbest na terenie Gminy Ch\u0105\u015bno w 2019 r.<\/strong><\/a><\/div>\n<\/div>\n\n\n\n<div class=\"wp-block-buttons is-layout-flex wp-block-buttons-is-layout-flex\">\n<div class=\"wp-block-button has-custom-width wp-block-button__width-100\"><a class=\"wp-block-button__link\" href=\"termomodernizacja-budynku-szkoly-podstawowej-w-mastkach\"><strong>Termomodernizacja Budynku Szko\u0142y Podstawowej w Mastkach<\/strong><\/a><\/div>\n<\/div>\n\n\n\n<div class=\"wp-block-buttons is-layout-flex wp-block-buttons-is-layout-flex\">\n<div class=\"wp-block-button has-custom-width wp-block-button__width-100\"><a class=\"wp-block-button__link\" href=\"termomodernizacja-budynku-domu-nauczyciela-w-bledowie\"><strong>Termomodernizacja budynku Domu Nauczyciela w B\u0142\u0119dowie<\/strong><\/a><\/div>\n<\/div>\n\n\n\n<div class=\"wp-block-buttons is-layout-flex wp-block-buttons-is-layout-flex\">\n<div class=\"wp-block-button has-custom-width wp-block-button__width-100\"><a class=\"wp-block-button__link\" href=\"usuwanie-wyrobow-zawierajacych-azbest-na-terenie-gminy-chasno-w-2020-r\"><strong>Usuwanie wyrob\u00f3w zawieraj\u0105cych azbest na terenie Gminy Ch\u0105\u015bno w 2020 r.<\/strong><\/a><\/div>\n\n\n\n<div class=\"wp-block-button has-custom-width wp-block-button__width-100\"><a class=\"wp-block-button__link\" href=\"http:\/\/gminachasno.pl\/index.php\/2021\/07\/06\/budowa-instalacji-fotowoltaicznej-w-kompleksie-sportowo-rekreacyjnym\/\"><strong>Budowa instalacji fotowoltaicznej w kompleksie sportowo rekreacyjnym<\/strong><\/a><\/div>\n<\/div>\n\n\n\n<p class=\"has-text-align-center\"><\/p>\n","protected":false},"excerpt":{"rendered":"","protected":false},"author":1,"featured_media":0,"parent":0,"menu_order":0,"comment_status":"closed","ping_status":"closed","template":"","meta":{"site-sidebar-layout":"default","site-content-layout":"default","ast-global-header-display":"","ast-main-header-display":"","ast-hfb-above-header-display":"","ast-hfb-below-header-display":"","ast-hfb-mobile-header-display":"","site-post-title":"","ast-breadcrumbs-content":"","ast-featured-img":"","footer-sml-layout":"","theme-transparent-header-meta":"default","adv-header-id-meta":"","stick-header-meta":"","header-above-stick-meta":"","header-main-stick-meta":"","header-below-stick-meta":"","footnotes":""},"class_list":["post-1137","page","type-page","status-publish","hentry"],"_links":{"self":[{"href":"https:\/\/gminachasno.pl\/index.php\/wp-json\/wp\/v2\/pages\/1137","targetHints":{"allow":["GET"]}}],"collection":[{"href":"https:\/\/gminachasno.pl\/index.php\/wp-json\/wp\/v2\/pages"}],"about":[{"href":"https:\/\/gminachasno.pl\/index.php\/wp-json\/wp\/v2\/types\/page"}],"author":[{"embeddable":true,"href":"https:\/\/gminachasno.pl\/index.php\/wp-json\/wp\/v2\/users\/1"}],"replies":[{"embeddable":true,"href":"https:\/\/gminachasno.pl\/index.php\/wp-json\/wp\/v2\/comments?post=1137"}],"version-history":[{"count":4,"href":"https:\/\/gminachasno.pl\/index.php\/wp-json\/wp\/v2\/pages\/1137\/revisions"}],"predecessor-version":[{"id":1821,"href":"https:\/\/gminachasno.pl\/index.php\/wp-json\/wp\/v2\/pages\/1137\/revisions\/1821"}],"wp:attachment":[{"href":"https:\/\/gminachasno.pl\/index.php\/wp-json\/wp\/v2\/media?parent=1137"}],"curies":[{"name":"wp","href":"https:\/\/api.w.org\/{rel}","templated":true}]}}