{"id":1045,"date":"2021-05-19T03:35:39","date_gmt":"2021-05-19T01:35:39","guid":{"rendered":"http:\/\/it3.home.pl\/gmina_chasno\/?page_id=1045"},"modified":"2021-05-30T01:19:25","modified_gmt":"2021-05-29T23:19:25","slug":"nowa-jakosc-edukacji-w-gminie-chasno","status":"publish","type":"page","link":"https:\/\/gminachasno.pl\/index.php\/nowa-jakosc-edukacji-w-gminie-chasno\/","title":{"rendered":"Nowa jako\u015b\u0107 edukacji w Gminie Ch\u0105\u015bno"},"content":{"rendered":"\n<figure class=\"wp-block-image size-large\"><img loading=\"lazy\" decoding=\"async\" width=\"563\" height=\"95\" src=\"http:\/\/it3.home.pl\/gmina_chasno\/wp-content\/uploads\/2021\/05\/pobrane-3.png\" alt=\"\" class=\"wp-image-1046\" srcset=\"https:\/\/gminachasno.pl\/wp-content\/uploads\/2021\/05\/pobrane-3.png 563w, https:\/\/gminachasno.pl\/wp-content\/uploads\/2021\/05\/pobrane-3-300x51.png 300w\" sizes=\"auto, (max-width: 563px) 100vw, 563px\" \/><\/figure>\n\n\n\n<p class=\"has-text-align-justify\">Gmina Ch\u0105\u015bno realizuje projekt wsp\u00f3\u0142finansowany ze \u015brodk\u00f3w Europejskiego Funduszu Spo\u0142ecznego w ramach Regionalnego Programu Operacyjnego Wojew\u00f3dztwa \u0141\u00f3dzkiego<br>na lata 2014 \u2013 2020 \u201e Nowa jako\u015b\u0107 edukacji w gminie Ch\u0105\u015bno\u201d.<\/p>\n\n\n\n<p class=\"has-text-align-justify\">Celem projektu jest podniesienie u uczni\u00f3w kompetencji kluczowych oraz w\u0142a\u015bciwych postaw i umiej\u0119tno\u015bci niezb\u0119dnych na rynku pracy oraz rozwijanie indywidualnego podej\u015bcia do ucznia, szczeg\u00f3lnie ze specjalnymi potrzebami edukacyjnymi.<\/p>\n\n\n\n<p>Kwota dofinansowanie projektu z UE: 509.157,60 z\u0142<\/p>\n\n\n\n<p class=\"has-text-align-justify\">Wszystkie niezb\u0119dne informacje znajdowa\u0107 si\u0119 b\u0119d\u0105 na stornie szko\u0142y:&nbsp;<a href=\"http:\/\/www.spmastki.superszkolna.pl\/\">www.spmastki.superszkolna.pl<\/a>, w zak\u0142adce Projekty\/Nowa jako\u015b\u0107 edukacji w gminie Ch\u0105\u015bno.<\/p>\n","protected":false},"excerpt":{"rendered":"<p>Gmina Ch\u0105\u015bno realizuje projekt wsp\u00f3\u0142finansowany ze \u015brodk\u00f3w Europejskiego Funduszu Spo\u0142ecznego w ramach Regionalnego Programu Operacyjnego Wojew\u00f3dztwa \u0141\u00f3dzkiegona lata 2014 \u2013 2020 \u201e Nowa jako\u015b\u0107 edukacji w gminie Ch\u0105\u015bno\u201d. Celem projektu jest podniesienie u uczni\u00f3w kompetencji kluczowych oraz w\u0142a\u015bciwych postaw i umiej\u0119tno\u015bci niezb\u0119dnych na rynku pracy oraz rozwijanie indywidualnego podej\u015bcia do ucznia, szczeg\u00f3lnie ze specjalnymi potrzebami &hellip;<\/p>\n<p class=\"read-more\"> <a class=\"\" href=\"https:\/\/gminachasno.pl\/index.php\/nowa-jakosc-edukacji-w-gminie-chasno\/\"> <span class=\"screen-reader-text\">Nowa jako\u015b\u0107 edukacji w Gminie Ch\u0105\u015bno<\/span> Read More &raquo;<\/a><\/p>\n","protected":false},"author":1,"featured_media":0,"parent":0,"menu_order":0,"comment_status":"closed","ping_status":"closed","template":"","meta":{"site-sidebar-layout":"default","site-content-layout":"default","ast-global-header-display":"","ast-main-header-display":"","ast-hfb-above-header-display":"","ast-hfb-below-header-display":"","ast-hfb-mobile-header-display":"","site-post-title":"","ast-breadcrumbs-content":"","ast-featured-img":"","footer-sml-layout":"","theme-transparent-header-meta":"default","adv-header-id-meta":"","stick-header-meta":"","header-above-stick-meta":"","header-main-stick-meta":"","header-below-stick-meta":"","footnotes":""},"class_list":["post-1045","page","type-page","status-publish","hentry"],"_links":{"self":[{"href":"https:\/\/gminachasno.pl\/index.php\/wp-json\/wp\/v2\/pages\/1045","targetHints":{"allow":["GET"]}}],"collection":[{"href":"https:\/\/gminachasno.pl\/index.php\/wp-json\/wp\/v2\/pages"}],"about":[{"href":"https:\/\/gminachasno.pl\/index.php\/wp-json\/wp\/v2\/types\/page"}],"author":[{"embeddable":true,"href":"https:\/\/gminachasno.pl\/index.php\/wp-json\/wp\/v2\/users\/1"}],"replies":[{"embeddable":true,"href":"https:\/\/gminachasno.pl\/index.php\/wp-json\/wp\/v2\/comments?post=1045"}],"version-history":[{"count":3,"href":"https:\/\/gminachasno.pl\/index.php\/wp-json\/wp\/v2\/pages\/1045\/revisions"}],"predecessor-version":[{"id":1512,"href":"https:\/\/gminachasno.pl\/index.php\/wp-json\/wp\/v2\/pages\/1045\/revisions\/1512"}],"wp:attachment":[{"href":"https:\/\/gminachasno.pl\/index.php\/wp-json\/wp\/v2\/media?parent=1045"}],"curies":[{"name":"wp","href":"https:\/\/api.w.org\/{rel}","templated":true}]}}