{"id":1041,"date":"2021-05-19T03:32:07","date_gmt":"2021-05-19T01:32:07","guid":{"rendered":"http:\/\/it3.home.pl\/gmina_chasno\/?page_id=1041"},"modified":"2021-05-30T01:05:40","modified_gmt":"2021-05-29T23:05:40","slug":"wirtualna-gmina-chasno-pierwsze-szkolenia-za-nami","status":"publish","type":"page","link":"https:\/\/gminachasno.pl\/index.php\/wirtualna-gmina-chasno-pierwsze-szkolenia-za-nami\/","title":{"rendered":"&#8222;Wirtualna Gmina Ch\u0105\u015bno&#8221; &#8211; pierwsze szkolenia za nami"},"content":{"rendered":"\n<p class=\"has-text-align-justify\">5 pa\u017adziernik 2019 r. rozpocz\u0119li\u015bmy bezp\u0142atne szkolenia komputerowe realizowane w ramach mikroprojektu \u201eWirtualna Gmina Ch\u0105\u015bno\u201d. Szkolenia te maj\u0105 na celu podniesienie i rozwini\u0119cie kompetencji cyfrowych os\u00f3b doros\u0142ych oraz &nbsp;poznanie us\u0142ug \u015bwiadczonych drog\u0105 elektroniczn\u0105.<\/p>\n\n\n\n<p class=\"has-text-align-justify\">Projekt finansowany w ramach Programu Operacyjnego Polska Cyfrowa na lata 2014 \u2013 2020, O\u015b Priorytetowa nr 3 \u201eCyfrowe kompetencje spo\u0142ecze\u0144stwa\u201d Dzia\u0142anie nr 3.1 \u201eDzia\u0142ania szkoleniowe na rzecz rozwoju kompetencji cyfrowych\u201d.<\/p>\n\n\n\n<p>Warto\u015b\u0107 projektu wynosi 26&nbsp;815,00 z\u0142<\/p>\n\n\n\n<p class=\"has-text-align-justify\">Szkolenia trwa\u0107 b\u0119d\u0105 do 17 listopada 2019 r., w trakcie kt\u00f3rych przeszkolonych zostanie 48 os\u00f3b w wieku 25 \u2013 74 lata.&nbsp;<strong>Realizowane s\u0105 w ramach nast\u0119puj\u0105cych blok\u00f3w tematycznych:<\/strong><\/p>\n\n\n\n<p><strong>Rolnik w sieci<\/strong><\/p>\n\n\n\n<p class=\"has-text-align-justify\">Szkolenie \u201eRolnik w sieci\u201d przeznaczone jest dla rolnik\u00f3w chc\u0105cych nauczy\u0107 si\u0119 m.in. wype\u0142nia\u0107 przez internet wnioski o dotacje na swoj\u0105 dzia\u0142alno\u015b\u0107 lub sk\u0142ada\u0107 deklaracje podatkowe. Uczestnicy szkolenia dowiedz\u0105 si\u0119, gdzie w internecie mo\u017cna znale\u017a\u0107 przydatne informacje, aplikacje i e-us\u0142ugi oraz jak z nich bezpiecznie korzysta\u0107, a tak\u017ce jak regulowa\u0107 swoje rachunki bez konieczno\u015bci odwiedzania plac\u00f3wki banku czy urz\u0119du. W ramach nauki pozyskiwania informacji z sieci uczestnicy szkolenia zapoznaj\u0105 si\u0119 z najpopularniejszymi portalami rolniczymi (np. farmer.pl, gospodarz.pl, topagrar.pl, ppr.pl, tygodnik-rolniczy.pl, wrp.pl, gieldarolna.pl), dedykowanymi forami wymiany informacji rolniczych (np. rolnik-forum.pl, fpr.com.pl) oraz portalami meteorologicznymi (np. pogodynka.pl, agropogoda.pl). Ponadto naucz\u0105 si\u0119, jak korzysta\u0107 z podstawowych us\u0142ug e-administracji z wykorzystaniem konta w ePUAP i profilu zaufanego, Geoportalu, rozlicze\u0144 podatkowych online, us\u0142ug online dla ubezpieczonych w KRUS (portal eKRUS.gov.pl), us\u0142ug online Krajowej Sieci Obszar\u00f3w Wiejskich (ksow.pl) czy us\u0142ug ARiMR, ARR\/ANR\/ODR \u2013 docelowo KOWR oraz GIW\/GIS\/PIORIN\/GIJHARS \u2013 docelowo PIB\u017b.<\/p>\n\n\n\n<p><strong>M\u00f3j biznes w sieci<\/strong><\/p>\n\n\n\n<p class=\"has-text-align-justify\">Szkolenie pt. \u201eM\u00f3j biznes w sieci\u201d przeznaczone jest dla os\u00f3b prowadz\u0105cych dzia\u0142alno\u015b\u0107 gospodarcz\u0105, albo przygotowuj\u0105cych si\u0119 do otwarcia w\u0142asnego biznesu. Uczestnik szkolenia nauczy si\u0119, jak wykorzysta\u0107 zasoby internetu, aby podnie\u015b\u0107 skuteczno\u015b\u0107 dzia\u0142ania w ramach poszczeg\u00f3lnych funkcji biznesowych (komunikacja, marketing, zaopatrzenie, finanse itp.). W szczeg\u00f3lno\u015bci pozna dedykowane dla biznesu us\u0142ugi e-administracji. Szkolenie pos\u0142u\u017cy ponadto podniesieniu kompetencji przysz\u0142ych przedsi\u0119biorc\u00f3w w zakresie korzystania z zasob\u00f3w edukacyjnych internetu, kt\u00f3re umo\u017cliwi\u0105 im samodzielne rozwijanie dzia\u0142alno\u015bci firmy online (np. Akademia PARP).<\/p>\n\n\n\n<figure class=\"wp-block-gallery columns-3 is-cropped wp-block-gallery-1 is-layout-flex wp-block-gallery-is-layout-flex\"><ul class=\"blocks-gallery-grid\"><li class=\"blocks-gallery-item\"><figure><a href=\"http:\/\/it3.home.pl\/gmina_chasno\/wp-content\/uploads\/2021\/05\/1_6.jpg\"><img loading=\"lazy\" decoding=\"async\" width=\"720\" height=\"960\" src=\"http:\/\/it3.home.pl\/gmina_chasno\/wp-content\/uploads\/2021\/05\/1_6.jpg\" alt=\"\" data-id=\"1039\" data-full-url=\"http:\/\/it3.home.pl\/gmina_chasno\/wp-content\/uploads\/2021\/05\/1_6.jpg\" data-link=\"http:\/\/it3.home.pl\/gmina_chasno\/?attachment_id=1039\" class=\"wp-image-1039\" srcset=\"https:\/\/gminachasno.pl\/wp-content\/uploads\/2021\/05\/1_6.jpg 720w, https:\/\/gminachasno.pl\/wp-content\/uploads\/2021\/05\/1_6-225x300.jpg 225w\" sizes=\"auto, (max-width: 720px) 100vw, 720px\" \/><\/a><\/figure><\/li><li class=\"blocks-gallery-item\"><figure><a href=\"http:\/\/it3.home.pl\/gmina_chasno\/wp-content\/uploads\/2021\/05\/3_6.jpg\"><img loading=\"lazy\" decoding=\"async\" width=\"720\" height=\"960\" src=\"http:\/\/it3.home.pl\/gmina_chasno\/wp-content\/uploads\/2021\/05\/3_6.jpg\" alt=\"\" data-id=\"1038\" data-full-url=\"http:\/\/it3.home.pl\/gmina_chasno\/wp-content\/uploads\/2021\/05\/3_6.jpg\" data-link=\"http:\/\/it3.home.pl\/gmina_chasno\/?attachment_id=1038\" class=\"wp-image-1038\" srcset=\"https:\/\/gminachasno.pl\/wp-content\/uploads\/2021\/05\/3_6.jpg 720w, https:\/\/gminachasno.pl\/wp-content\/uploads\/2021\/05\/3_6-225x300.jpg 225w\" sizes=\"auto, (max-width: 720px) 100vw, 720px\" \/><\/a><\/figure><\/li><li class=\"blocks-gallery-item\"><figure><a href=\"http:\/\/it3.home.pl\/gmina_chasno\/wp-content\/uploads\/2021\/05\/5_5.jpg\"><img loading=\"lazy\" decoding=\"async\" width=\"720\" height=\"960\" src=\"http:\/\/it3.home.pl\/gmina_chasno\/wp-content\/uploads\/2021\/05\/5_5.jpg\" alt=\"\" data-id=\"1037\" data-full-url=\"http:\/\/it3.home.pl\/gmina_chasno\/wp-content\/uploads\/2021\/05\/5_5.jpg\" data-link=\"http:\/\/it3.home.pl\/gmina_chasno\/?attachment_id=1037\" class=\"wp-image-1037\" srcset=\"https:\/\/gminachasno.pl\/wp-content\/uploads\/2021\/05\/5_5.jpg 720w, https:\/\/gminachasno.pl\/wp-content\/uploads\/2021\/05\/5_5-225x300.jpg 225w\" sizes=\"auto, (max-width: 720px) 100vw, 720px\" \/><\/a><\/figure><\/li><li class=\"blocks-gallery-item\"><figure><a href=\"http:\/\/it3.home.pl\/gmina_chasno\/wp-content\/uploads\/2021\/05\/6_5.jpg\"><img loading=\"lazy\" decoding=\"async\" width=\"371\" height=\"659\" src=\"http:\/\/it3.home.pl\/gmina_chasno\/wp-content\/uploads\/2021\/05\/6_5.jpg\" alt=\"\" data-id=\"1036\" data-full-url=\"http:\/\/it3.home.pl\/gmina_chasno\/wp-content\/uploads\/2021\/05\/6_5.jpg\" data-link=\"http:\/\/it3.home.pl\/gmina_chasno\/?attachment_id=1036\" class=\"wp-image-1036\" srcset=\"https:\/\/gminachasno.pl\/wp-content\/uploads\/2021\/05\/6_5.jpg 371w, https:\/\/gminachasno.pl\/wp-content\/uploads\/2021\/05\/6_5-169x300.jpg 169w\" sizes=\"auto, (max-width: 371px) 100vw, 371px\" \/><\/a><\/figure><\/li><li class=\"blocks-gallery-item\"><figure><a href=\"http:\/\/it3.home.pl\/gmina_chasno\/wp-content\/uploads\/2021\/05\/7_4.jpg\"><img loading=\"lazy\" decoding=\"async\" width=\"371\" height=\"659\" src=\"http:\/\/it3.home.pl\/gmina_chasno\/wp-content\/uploads\/2021\/05\/7_4.jpg\" alt=\"\" data-id=\"1035\" data-full-url=\"http:\/\/it3.home.pl\/gmina_chasno\/wp-content\/uploads\/2021\/05\/7_4.jpg\" data-link=\"http:\/\/it3.home.pl\/gmina_chasno\/?attachment_id=1035\" class=\"wp-image-1035\" srcset=\"https:\/\/gminachasno.pl\/wp-content\/uploads\/2021\/05\/7_4.jpg 371w, https:\/\/gminachasno.pl\/wp-content\/uploads\/2021\/05\/7_4-169x300.jpg 169w\" sizes=\"auto, (max-width: 371px) 100vw, 371px\" \/><\/a><\/figure><\/li><\/ul><\/figure>\n","protected":false},"excerpt":{"rendered":"<p>5 pa\u017adziernik 2019 r. rozpocz\u0119li\u015bmy bezp\u0142atne szkolenia komputerowe realizowane w ramach mikroprojektu \u201eWirtualna Gmina Ch\u0105\u015bno\u201d. Szkolenia te maj\u0105 na celu podniesienie i rozwini\u0119cie kompetencji cyfrowych os\u00f3b doros\u0142ych oraz &nbsp;poznanie us\u0142ug \u015bwiadczonych drog\u0105 elektroniczn\u0105. Projekt finansowany w ramach Programu Operacyjnego Polska Cyfrowa na lata 2014 \u2013 2020, O\u015b Priorytetowa nr 3 \u201eCyfrowe kompetencje spo\u0142ecze\u0144stwa\u201d Dzia\u0142anie nr &hellip;<\/p>\n<p class=\"read-more\"> <a class=\"\" href=\"https:\/\/gminachasno.pl\/index.php\/wirtualna-gmina-chasno-pierwsze-szkolenia-za-nami\/\"> <span class=\"screen-reader-text\">&#8222;Wirtualna Gmina Ch\u0105\u015bno&#8221; &#8211; pierwsze szkolenia za nami<\/span> Read More &raquo;<\/a><\/p>\n","protected":false},"author":1,"featured_media":0,"parent":0,"menu_order":0,"comment_status":"closed","ping_status":"closed","template":"","meta":{"site-sidebar-layout":"default","site-content-layout":"default","ast-global-header-display":"","ast-main-header-display":"","ast-hfb-above-header-display":"","ast-hfb-below-header-display":"","ast-hfb-mobile-header-display":"","site-post-title":"","ast-breadcrumbs-content":"","ast-featured-img":"","footer-sml-layout":"","theme-transparent-header-meta":"default","adv-header-id-meta":"","stick-header-meta":"","header-above-stick-meta":"","header-main-stick-meta":"","header-below-stick-meta":"","footnotes":""},"class_list":["post-1041","page","type-page","status-publish","hentry"],"_links":{"self":[{"href":"https:\/\/gminachasno.pl\/index.php\/wp-json\/wp\/v2\/pages\/1041","targetHints":{"allow":["GET"]}}],"collection":[{"href":"https:\/\/gminachasno.pl\/index.php\/wp-json\/wp\/v2\/pages"}],"about":[{"href":"https:\/\/gminachasno.pl\/index.php\/wp-json\/wp\/v2\/types\/page"}],"author":[{"embeddable":true,"href":"https:\/\/gminachasno.pl\/index.php\/wp-json\/wp\/v2\/users\/1"}],"replies":[{"embeddable":true,"href":"https:\/\/gminachasno.pl\/index.php\/wp-json\/wp\/v2\/comments?post=1041"}],"version-history":[{"count":2,"href":"https:\/\/gminachasno.pl\/index.php\/wp-json\/wp\/v2\/pages\/1041\/revisions"}],"predecessor-version":[{"id":1490,"href":"https:\/\/gminachasno.pl\/index.php\/wp-json\/wp\/v2\/pages\/1041\/revisions\/1490"}],"wp:attachment":[{"href":"https:\/\/gminachasno.pl\/index.php\/wp-json\/wp\/v2\/media?parent=1041"}],"curies":[{"name":"wp","href":"https:\/\/api.w.org\/{rel}","templated":true}]}}